{"id":13497,"date":"2018-05-25T11:28:25","date_gmt":"2018-05-25T09:28:25","guid":{"rendered":"http:\/\/varela-design.com\/radiateur-design\/politica-de-cookies\/"},"modified":"2018-05-25T12:15:14","modified_gmt":"2018-05-25T10:15:14","slug":"politica-de-cookies","status":"publish","type":"page","link":"https:\/\/old.varela-design.com\/radiateur-design\/politica-de-cookies\/","title":{"rendered":"Politique de cookies"},"content":{"rendered":"<div style=\"display: none;\"\n    class=\"kk-star-ratings kksr-valign-top kksr-align-left kksr-disabled\"\n    data-id=\"13497\"\n    data-slug=\"\">\n    <div class=\"kksr-stars\">\n    <div class=\"kksr-stars-inactive\">\n            <div class=\"kksr-star\" data-star=\"1\">\n            <div class=\"kksr-icon\" style=\"width: px; height: px;\"><\/div>\n        <\/div>\n            <div class=\"kksr-star\" data-star=\"2\">\n            <div class=\"kksr-icon\" style=\"width: px; height: px;\"><\/div>\n        <\/div>\n            <div class=\"kksr-star\" data-star=\"3\">\n            <div class=\"kksr-icon\" style=\"width: px; height: px;\"><\/div>\n        <\/div>\n            <div class=\"kksr-star\" data-star=\"4\">\n            <div class=\"kksr-icon\" style=\"width: px; height: px;\"><\/div>\n        <\/div>\n            <div class=\"kksr-star\" data-star=\"5\">\n            <div class=\"kksr-icon\" style=\"width: px; height: px;\"><\/div>\n        <\/div>\n    <\/div>\n    <div class=\"kksr-stars-active\" style=\"width: 0px;\">\n            <div class=\"kksr-star\">\n            <div class=\"kksr-icon\" style=\"width: px; height: px;\"><\/div>\n        <\/div>\n            <div class=\"kksr-star\">\n            <div class=\"kksr-icon\" style=\"width: px; height: px;\"><\/div>\n        <\/div>\n            <div class=\"kksr-star\">\n            <div class=\"kksr-icon\" style=\"width: px; height: px;\"><\/div>\n        <\/div>\n            <div class=\"kksr-star\">\n            <div class=\"kksr-icon\" style=\"width: px; height: px;\"><\/div>\n        <\/div>\n            <div class=\"kksr-star\">\n            <div class=\"kksr-icon\" style=\"width: px; height: px;\"><\/div>\n        <\/div>\n    <\/div>\n<\/div>\n    <div class=\"kksr-legend\">\n            <span class=\"kksr-muted\"><\/span>\n    <\/div>\n<\/div>\n<div id=\"clickdatos\">\n<p>Sur le site\u00a0<a href=\"http:\/\/varela-design.com\/radiateur-design\">http:\/\/varela-design.com\/<\/a>\u00a0nous utilisons des cookies pour faciliter la relation des visiteurs avec notre contenu et pour nous permettre de compiler des statistiques sur les visiteurs que nous recevons.<\/p>\n<p>Conform\u00e9ment \u00e0 la directive 2009\/136 \/ CE, mis au point dans notre syst\u00e8me juridique par le deuxi\u00e8me alin\u00e9a de l&#8217;article 22 de la loi des services soci\u00e9t\u00e9 de l&#8217;information, conform\u00e9ment aux directives de l&#8217;Agence espagnole pour la protection des donn\u00e9es, nous proc\u00e9dons \u00e0 l&#8217;informer en d\u00e9tail utilisation qui est faite sur notre site Web.<\/p>\n<p>Les cookies sont appel\u00e9s de petits fichiers qui sont enregistr\u00e9s dans le navigateur utilis\u00e9 par chaque visiteur de notre site Web afin que le serveur se souvienne de la visite de cet utilisateur plus tard quand il revient pour acc\u00e9der \u00e0 notre contenu.\u00a0Ces informations ne r\u00e9v\u00e8lent ni votre identit\u00e9, ni vos donn\u00e9es personnelles, ni l&#8217;acc\u00e8s au contenu stock\u00e9 sur votre PC, mais permettent \u00e0 notre syst\u00e8me de vous identifier en tant qu&#8217;utilisateur sp\u00e9cifique ayant d\u00e9j\u00e0 visit\u00e9 le Web, consult\u00e9 certaines pages, etc.\u00a0et vous permet \u00e9galement de sauvegarder vos pr\u00e9f\u00e9rences personnelles et vos informations techniques telles que les visites effectu\u00e9es ou les pages sp\u00e9cifiques que vous visitez.<\/p>\n<p>Le but des cookies est de fournir \u00e0 l&#8217;utilisateur un acc\u00e8s plus rapide aux services s\u00e9lectionn\u00e9s.<\/p>\n<p>Si vous ne souhaitez pas que les cookies soient stock\u00e9s dans votre navigateur ou que vous souhaitiez recevoir des informations chaque fois qu&#8217;un cookie demande \u00e0 \u00eatre install\u00e9, vous pouvez configurer vos options de navigation de cette mani\u00e8re.\u00a0La plupart des navigateurs permettent la gestion des cookies de 3 mani\u00e8res diff\u00e9rentes:<\/p>\n<ul>\n<li>Les cookies sont toujours rejet\u00e9s.<\/li>\n<li>Le navigateur demande si l&#8217;utilisateur veut installer chaque cookie;<\/li>\n<li>Les cookies sont toujours accept\u00e9s.<\/li>\n<\/ul>\n<p>Votre navigateur peut \u00e9galement inclure la possibilit\u00e9 de s\u00e9lectionner en d\u00e9tail les cookies que vous souhaitez installer sur votre ordinateur.\u00a0En particulier, l&#8217;utilisateur peut g\u00e9n\u00e9ralement accepter l&#8217;une des options suivantes:<\/p>\n<ul>\n<li>rejeter les cookies de certains domaines;<\/li>\n<li>rejeter les cookies tiers;<\/li>\n<li>accepter les cookies comme non persistants (ils sont supprim\u00e9s lorsque le navigateur se ferme);<\/li>\n<li>Autoriser le serveur \u00e0 cr\u00e9er des cookies pour un domaine diff\u00e9rent.<\/li>\n<\/ul>\n<p><strong>Pour autoriser, conna\u00eetre, bloquer ou \u00e9liminer les cookies install\u00e9s sur votre ordinateur, vous pouvez le faire en configurant les options du navigateur install\u00e9es sur votre ordinateur.<\/strong><\/p>\n<p>Vous pouvez trouver des informations sur la configuration des navigateurs les plus utilis\u00e9s dans les emplacements suivants:<\/p>\n<ul>\n<li><strong>Internet Explorer<\/strong>\u00a0: Outils -&gt; Options Internet -&gt; Confidentialit\u00e9 -&gt; Configuration.\u00a0Pour plus d&#8217;informations, vous pouvez consulter\u00a0\u00a0<a href=\"http:\/\/windows.microsoft.com\/es-ES\/windows\/support\">le support Microsoft<\/a>\u00a0\u00a0ou l&#8217;aide du navigateur.<\/li>\n<li><strong>Firefox<\/strong>\u00a0: Outils -&gt; Options -&gt; Confidentialit\u00e9 -&gt; Historique -&gt; Param\u00e8tres personnalis\u00e9s.\u00a0Pour plus d&#8217;informations, vous pouvez consulter le\u00a0\u00a0<a href=\"http:\/\/support.mozilla.org\/es\/home\">support de Mozilla<\/a>\u00a0\u00a0ou l&#8217;aide du navigateur.<\/li>\n<li><strong>Chrome<\/strong>\u00a0: Param\u00e8tres -&gt; Afficher les options avanc\u00e9es -&gt; Confidentialit\u00e9 -&gt; Param\u00e8tres de contenu.\u00a0Pour plus d&#8217;informations, vous pouvez consulter l&#8217;\u00a0\u00a0<a href=\"http:\/\/support.google.com\/chrome\/?hl=es\">assistance Google<\/a>\u00a0\u00a0ou l&#8217;aide du navigateur.<\/li>\n<li><strong>Safari<\/strong>\u00a0: Pr\u00e9f\u00e9rences -&gt; S\u00e9curit\u00e9.\u00a0Pour plus d&#8217;informations, vous pouvez consulter\u00a0\u00a0<a href=\"http:\/\/www.apple.com\/es\/support\/safari\/\">le support Apple<\/a>\u00a0\u00a0ou l&#8217;aide du navigateur.<\/li>\n<\/ul>\n<p>En ce qui concerne les cookies tiers, c&#8217;est-\u00e0-dire ceux qui sont \u00e9trangers \u00e0 notre site, nous ne pouvons pas \u00eatre tenus responsables du contenu et de la v\u00e9racit\u00e9 des politiques de confidentialit\u00e9 qu&#8217;ils incluent, donc les informations que nous proposons sont toujours en r\u00e9f\u00e9rence \u00e0 la source.<\/p>\n<p>Ci-dessous nous vous informons en d\u00e9tail des cookies qui peuvent \u00eatre install\u00e9s \u00e0 partir de notre site Web.\u00a0Selon votre navigation, vous pouvez en installer tous ou seulement certains.<\/p>\n<p>&nbsp;<\/p>\n<div id=\"listadodecookies\">\n<table>\n<tbody>\n<tr align=\"center\">\n<td>Nombre<\/td>\n<td>cat\u00e9gorie<\/td>\n<td>Description<\/td>\n<td>Propri\u00e9t\u00e9<\/td>\n<td>Dur\u00e9e<\/td>\n<\/tr>\n<tr id=\"_ga\" align=\"center\">\n<td>_ga<\/td>\n<td>Analyse<\/td>\n<td>Il est utilis\u00e9 pour distinguer les utilisateurs.<\/td>\n<td>Tiers<\/td>\n<td>2 ANS<\/td>\n<\/tr>\n<tr id=\"_gid\" align=\"center\">\n<td>_gid<\/td>\n<td>Analyse<\/td>\n<td>Il est utilis\u00e9 pour distinguer les utilisateurs.<\/td>\n<td>Tiers<\/td>\n<td>24 h<\/td>\n<\/tr>\n<tr id=\"PHPSESSID\" align=\"center\">\n<td>PHPSESSID<\/td>\n<td>Fonctionnalit\u00e9<\/td>\n<td>Ce cookie est utilis\u00e9 par le langage de chiffrement PHP pour permettre l\\\\\\\\\\\\\\\u2019enregistrement des variables de session sur le serveur Web.<\/td>\n<td>Propre<\/td>\n<td>Fin de la session<\/td>\n<\/tr>\n<tr id=\"wordpress_\" align=\"center\">\n<td>wordpress_<\/td>\n<td>Fonctionnalit\u00e9<\/td>\n<td>Il est activ\u00e9 lors de la connexion et enregistre les d\u00e9tails de l\\\\\\\\\\\\\\\u2019authentification.<\/td>\n<td>Propre<\/td>\n<td>1 an<\/td>\n<\/tr>\n<tr id=\"wordpress_logged_in_\" align=\"center\">\n<td>wordpress_logged_in_<\/td>\n<td>Fonctionnalit\u00e9<\/td>\n<td>Il est activ\u00e9 lors de la connexion et enregistre les d\u00e9tails de l\\\\\\\\\\\\\\\u2019authentification.<\/td>\n<td>Propre<\/td>\n<td>1 an<\/td>\n<\/tr>\n<tr id=\"wp-settings-\" align=\"center\">\n<td>wp-settings-<\/td>\n<td>Fonctionnalit\u00e9<\/td>\n<td>Il sert \u00e0 personnaliser l\u2019interface utilisateur.<\/td>\n<td>Propre<\/td>\n<td>1 an<\/td>\n<\/tr>\n<tr id=\"woocommerce_cart_hash\" align=\"center\">\n<td>woocommerce_cart_hash<\/td>\n<td>Analyse<\/td>\n<td>Il contient des informations sur le panier dans son int\u00e9gralit\u00e9 et aide WooCommerce \u00e0 savoir quand les donn\u00e9es du panier changent.<\/td>\n<td>Propre<\/td>\n<td>30 jours<\/td>\n<\/tr>\n<tr id=\"woocommerce_items_in_cart\" align=\"center\">\n<td>woocommerce_items_in_cart<\/td>\n<td>Fonctionnalit\u00e9<\/td>\n<td>Il contient des informations sur le panier dans son int\u00e9gralit\u00e9 et aide WooCommerce \u00e0 savoir quand les donn\u00e9es du panier changent.<\/td>\n<td>Propre<\/td>\n<td>30 jours<\/td>\n<\/tr>\n<tr id=\"wp_woocommerce_session_\" align=\"center\">\n<td>wp_woocommerce_session_<\/td>\n<td>Fonctionnalit\u00e9<\/td>\n<td>Il contient un code unique pour chaque client afin qu\u2019il sache o\u00f9 trouver les donn\u00e9es du panier dans la base de donn\u00e9es.<\/td>\n<td>Propre<\/td>\n<td>30 jours<\/td>\n<\/tr>\n<tr id=\"catAccCookies\" align=\"center\">\n<td>catAccCookies<\/td>\n<td>Fonctionnalit\u00e9<\/td>\n<td>Il contient un code pour v\u00e9rifier que la politique de cookie a \u00e9t\u00e9 accept\u00e9e.<\/td>\n<td>Propre<\/td>\n<td>1 jour<\/td>\n<\/tr>\n<tr id=\"__tawkuuid\" align=\"center\">\n<td>__La m\u00eame chose<\/td>\n<td>Analyse<\/td>\n<td>Identifie l\u2019utilisateur qui s\u2019est connect\u00e9 pour offrir une assistance en ligne.<\/td>\n<td>Tiers<\/td>\n<td>Fin de la session<\/td>\n<\/tr>\n<tr id=\"Tawk_\" align=\"center\">\n<td>Tawk_<\/td>\n<td>Analyse<\/td>\n<td>Identifie l\u2019utilisateur qui s\u2019est connect\u00e9 pour offrir une assistance en ligne.<\/td>\n<td>Tiers<\/td>\n<td>Fin de la session<\/td>\n<\/tr>\n<tr id=\"TawkConnectionTime\" align=\"center\">\n<td>TawkConnectionTime<\/td>\n<td>Analyse<\/td>\n<td>Identifie l&#8217;utilisateur qui s\u2019est connect\u00e9 pour offrir une assistance en ligne.<\/td>\n<td>Tiers<\/td>\n<td>Fin de la session<\/td>\n<\/tr>\n<tr id=\"vchideactivationmsg_vc11\" align=\"center\">\n<td>vchideactivationmsg_vc11<\/td>\n<td>Fonctionnalit\u00e9<\/td>\n<td>Nous ne connaissons pas l\u2019origine du cookie<\/td>\n<td>Tiers<\/td>\n<td>Nous ne connaissons pas l\u2019origine du cookie<\/td>\n<\/tr>\n<tr id=\"__distillery\" align=\"center\">\n<td>__distillerie<\/td>\n<td>Fonctionnalit\u00e9<\/td>\n<td>Nous ne connaissons pas l\u2019origine du cookie<\/td>\n<td>Tiers<\/td>\n<td>Nous ne connaissons pas l\u2019origine du cookie<\/td>\n<\/tr>\n<tr id=\"Tawk_59f735994854b82732ff8e06\" align=\"center\">\n<td>Tawk_59f735994854b82732ff8e06<\/td>\n<td>Fonctionnalit\u00e9<\/td>\n<td>Nous ne connaissons pas l\u2019origine du cookie<\/td>\n<td>Tiers<\/td>\n<td>Nous ne connaissons pas l\u2019origine du cookie<\/td>\n<\/tr>\n<tr id=\"240planBAK\" align=\"center\">\n<td>240planBAK<\/td>\n<td>Fonctionnalit\u00e9<\/td>\n<td>Nous ne connaissons pas l\u2019origine du cookie<\/td>\n<td>Tiers<\/td>\n<td>Nous ne connaissons pas l\u2019origine du cookie<\/td>\n<\/tr>\n<tr id=\"240planD\" align=\"center\">\n<td>240planD<\/td>\n<td>Fonctionnalit\u00e9<\/td>\n<td>Nous ne connaissons pas l\u2019origine du cookie<\/td>\n<td>Tiers<\/td>\n<td>Nous ne connaissons pas l\u2019origine du cookie<\/td>\n<\/tr>\n<tr id=\"yith_wcwl_products\" align=\"center\">\n<td>yith_wcwl_products<\/td>\n<td>Fonctionnalit\u00e9<\/td>\n<td>Nous ne connaissons pas l\u2019origine du cookie<\/td>\n<td>Tiers<\/td>\n<td>Nous ne connaissons pas l\u2019origine du cookie<\/td>\n<\/tr>\n<\/tbody>\n<\/table>\n<\/div>\n<p><a href=\"http:\/\/varela-design.com\/radiateur-design\/politica-de-privacidad\/\">Politique de confidentialit\u00e9<\/a><\/p>\n<p><a href=\"http:\/\/varela-design.com\/radiateur-design\/avisos-legales\/\"> Mentions l\u00e9gales<\/a><\/p>\n<\/div>\n","protected":false},"excerpt":{"rendered":"<p>Sur le site\u00a0http:\/\/varela-design.com\/\u00a0nous utilisons des cookies pour faciliter la relation des visiteurs avec notre contenu et pour nous permettre de compiler des statistiques sur les visiteurs que nous recevons. Conform\u00e9ment \u00e0 la directive 2009\/136 \/ CE, mis au point dans notre syst\u00e8me juridique par le deuxi\u00e8me alin\u00e9a de l&#8217;article 22 de la loi des services [&hellip;]<\/p>\n","protected":false},"author":1,"featured_media":0,"parent":0,"menu_order":0,"comment_status":"closed","ping_status":"closed","template":"","meta":[],"yoast_head":"<!-- This site is optimized with the Yoast SEO plugin v16.0.2 - https:\/\/yoast.com\/wordpress\/plugins\/seo\/ -->\n<title>Politique de cookies - varela design<\/title>\n<meta property=\"og:locale\" content=\"fr_FR\" \/>\n<meta property=\"og:type\" content=\"article\" \/>\n<meta property=\"og:title\" content=\"Politique de cookies - varela design\" \/>\n<meta property=\"og:description\" content=\"Sur le site\u00a0http:\/\/varela-design.com\/\u00a0nous utilisons des cookies pour faciliter la relation des visiteurs avec notre contenu et pour nous permettre de compiler des statistiques sur les visiteurs que nous recevons. Conform\u00e9ment \u00e0 la directive 2009\/136 \/ CE, mis au point dans notre syst\u00e8me juridique par le deuxi\u00e8me alin\u00e9a de l&#8217;article 22 de la loi des services [&hellip;]\" \/>\n<meta property=\"og:url\" content=\"https:\/\/old.varela-design.com\/radiateur-design\/politica-de-cookies\/\" \/>\n<meta property=\"og:site_name\" content=\"varela design\" \/>\n<meta property=\"article:publisher\" content=\"https:\/\/www.facebook.com\/VarelaDesignRadiateur\" \/>\n<meta property=\"article:modified_time\" content=\"2018-05-25T10:15:14+00:00\" \/>\n<meta property=\"og:image\" content=\"https:\/\/old.varela-design.com\/radiateur-design\/wp-content\/uploads\/2015\/06\/Sans-titre-13.jpg\" \/>\n\t<meta property=\"og:image:width\" content=\"1902\" \/>\n\t<meta property=\"og:image:height\" content=\"968\" \/>\n<meta name=\"twitter:card\" content=\"summary_large_image\" \/>\n<meta name=\"twitter:site\" content=\"@varela_design\" \/>\n<meta name=\"twitter:label1\" content=\"Dur\u00e9e de lecture est.\">\n\t<meta name=\"twitter:data1\" content=\"5 minutes\">\n<script type=\"application\/ld+json\" class=\"yoast-schema-graph\">{\"@context\":\"https:\/\/schema.org\",\"@graph\":[{\"@type\":\"WebSite\",\"@id\":\"https:\/\/old.varela-design.com\/radiateur-design\/#website\",\"url\":\"https:\/\/old.varela-design.com\/radiateur-design\/\",\"name\":\"varela design\",\"description\":\"Radiateur design et s\\u00e8che serviette design\",\"potentialAction\":[{\"@type\":\"SearchAction\",\"target\":\"https:\/\/old.varela-design.com\/radiateur-design\/?s={search_term_string}\",\"query-input\":\"required name=search_term_string\"}],\"inLanguage\":\"fr-FR\"},{\"@type\":\"WebPage\",\"@id\":\"https:\/\/old.varela-design.com\/radiateur-design\/politica-de-cookies\/#webpage\",\"url\":\"https:\/\/old.varela-design.com\/radiateur-design\/politica-de-cookies\/\",\"name\":\"Politique de cookies - varela design\",\"isPartOf\":{\"@id\":\"https:\/\/old.varela-design.com\/radiateur-design\/#website\"},\"datePublished\":\"2018-05-25T09:28:25+00:00\",\"dateModified\":\"2018-05-25T10:15:14+00:00\",\"breadcrumb\":{\"@id\":\"https:\/\/old.varela-design.com\/radiateur-design\/politica-de-cookies\/#breadcrumb\"},\"inLanguage\":\"fr-FR\",\"potentialAction\":[{\"@type\":\"ReadAction\",\"target\":[\"https:\/\/old.varela-design.com\/radiateur-design\/politica-de-cookies\/\"]}]},{\"@type\":\"BreadcrumbList\",\"@id\":\"https:\/\/old.varela-design.com\/radiateur-design\/politica-de-cookies\/#breadcrumb\",\"itemListElement\":[{\"@type\":\"ListItem\",\"position\":1,\"item\":{\"@type\":\"WebPage\",\"@id\":\"https:\/\/old.varela-design.com\/radiateur-design\/\",\"url\":\"https:\/\/old.varela-design.com\/radiateur-design\/\",\"name\":\"Home\"}},{\"@type\":\"ListItem\",\"position\":2,\"item\":{\"@type\":\"WebPage\",\"@id\":\"https:\/\/old.varela-design.com\/radiateur-design\/politica-de-cookies\/\",\"url\":\"https:\/\/old.varela-design.com\/radiateur-design\/politica-de-cookies\/\",\"name\":\"Politique de cookies\"}}]}]}<\/script>\n<!-- \/ Yoast SEO plugin. -->","_links":{"self":[{"href":"https:\/\/old.varela-design.com\/radiateur-design\/wp-json\/wp\/v2\/pages\/13497"}],"collection":[{"href":"https:\/\/old.varela-design.com\/radiateur-design\/wp-json\/wp\/v2\/pages"}],"about":[{"href":"https:\/\/old.varela-design.com\/radiateur-design\/wp-json\/wp\/v2\/types\/page"}],"author":[{"embeddable":true,"href":"https:\/\/old.varela-design.com\/radiateur-design\/wp-json\/wp\/v2\/users\/1"}],"replies":[{"embeddable":true,"href":"https:\/\/old.varela-design.com\/radiateur-design\/wp-json\/wp\/v2\/comments?post=13497"}],"version-history":[{"count":5,"href":"https:\/\/old.varela-design.com\/radiateur-design\/wp-json\/wp\/v2\/pages\/13497\/revisions"}],"predecessor-version":[{"id":13508,"href":"https:\/\/old.varela-design.com\/radiateur-design\/wp-json\/wp\/v2\/pages\/13497\/revisions\/13508"}],"wp:attachment":[{"href":"https:\/\/old.varela-design.com\/radiateur-design\/wp-json\/wp\/v2\/media?parent=13497"}],"curies":[{"name":"wp","href":"https:\/\/api.w.org\/{rel}","templated":true}]}}