{"id":11303,"date":"2017-04-25T11:50:40","date_gmt":"2017-04-25T09:50:40","guid":{"rendered":"http:\/\/varela-design.com\/radiateur-design\/product\/radiateur-design-vd-0104-varela-design\/"},"modified":"2020-06-19T11:39:16","modified_gmt":"2020-06-19T09:39:16","slug":"radiateur-design-vd-0104-varela-design","status":"publish","type":"product","link":"https:\/\/old.varela-design.com\/radiateur-design\/produit\/radiateur-design-vd-0104-varela-design\/","title":{"rendered":"Radiateur design VD 0104 \u2013 AD HOC"},"content":{"rendered":"<div style=\"display: none;\"\n    class=\"kk-star-ratings kksr-valign-top kksr-align-left kksr-disabled\"\n    data-id=\"11303\"\n    data-slug=\"\">\n    <div class=\"kksr-stars\">\n    <div class=\"kksr-stars-inactive\">\n            <div class=\"kksr-star\" data-star=\"1\">\n            <div class=\"kksr-icon\" style=\"width: px; height: px;\"><\/div>\n        <\/div>\n            <div class=\"kksr-star\" data-star=\"2\">\n            <div class=\"kksr-icon\" style=\"width: px; height: px;\"><\/div>\n        <\/div>\n            <div class=\"kksr-star\" data-star=\"3\">\n            <div class=\"kksr-icon\" style=\"width: px; height: px;\"><\/div>\n        <\/div>\n            <div class=\"kksr-star\" data-star=\"4\">\n            <div class=\"kksr-icon\" style=\"width: px; height: px;\"><\/div>\n        <\/div>\n            <div class=\"kksr-star\" data-star=\"5\">\n            <div class=\"kksr-icon\" style=\"width: px; height: px;\"><\/div>\n        <\/div>\n    <\/div>\n    <div class=\"kksr-stars-active\" style=\"width: 0px;\">\n            <div class=\"kksr-star\">\n            <div class=\"kksr-icon\" style=\"width: px; height: px;\"><\/div>\n        <\/div>\n            <div class=\"kksr-star\">\n            <div class=\"kksr-icon\" style=\"width: px; height: px;\"><\/div>\n        <\/div>\n            <div class=\"kksr-star\">\n            <div class=\"kksr-icon\" style=\"width: px; height: px;\"><\/div>\n        <\/div>\n            <div class=\"kksr-star\">\n            <div class=\"kksr-icon\" style=\"width: px; height: px;\"><\/div>\n        <\/div>\n            <div class=\"kksr-star\">\n            <div class=\"kksr-icon\" style=\"width: px; height: px;\"><\/div>\n        <\/div>\n    <\/div>\n<\/div>\n    <div class=\"kksr-legend\">\n            <span class=\"kksr-muted\"><\/span>\n    <\/div>\n<\/div>\n<p>Le radiateur design VD 0104 est un radiateur\u00a0design qui est disponible en brillant, satin\u00e9 ou mat. Il\u00a0existe en radiateur\u00a0design\u00a0<a href=\"http:\/\/varela-design.com\/radiateur-design\/radiateur-design-chauffage-central-puissances\/\">chauffage central<\/a>\u00a0et radiateur\u00a0design\u00a0<a href=\"http:\/\/varela-design.com\/radiateur-design\/radiateur-design-electrique-puissances\/\">electrique<\/a>. Ce radiateur design est personnalisable, il peut se faire en diff\u00e9rentes tailles et puissances et avec ou sans pied lat\u00e9raux.<br \/>\n<a href=\"http:\/\/varela-design.com\/radiateur-design\/wp-content\/uploads\/2015\/05\/0104tech-sans-pieds.pdf\" class=\"cs_button cs_button_medium cs_button_red\" target=\"_blank\" >FICHE TECHNIQUE<\/a>\n<div class=\"pdfprnt-buttons pdfprnt-buttons-product pdfprnt-bottom-right\"><a href=\"https:\/\/old.varela-design.com\/radiateur-design\/wp-json\/wp\/v2\/product\/11303?print=pdf\" class=\"pdfprnt-button pdfprnt-button-pdf\" target=\"_blank\"><img src=\"https:\/\/varela-design.com\/radiateur-design\/wp-content\/plugins\/pdf-print\/images\/pdf.png\" alt=\"image_pdf\" title=\"View PDF\" \/><span class=\"pdfprnt-button-title pdfprnt-button-pdf-title\">t\u00e9l\u00e9chargez cette page en pdf<\/span><\/a><a href=\"https:\/\/old.varela-design.com\/radiateur-design\/wp-json\/wp\/v2\/product\/11303?print=print\" class=\"pdfprnt-button pdfprnt-button-print\" target=\"_blank\"><img src=\"https:\/\/varela-design.com\/radiateur-design\/wp-content\/plugins\/pdf-print\/images\/print.png\" alt=\"image_print\" title=\"Print Content\" \/><span class=\"pdfprnt-button-title pdfprnt-button-print-title\">imprimez cette page<\/span><\/a><\/div>","protected":false},"excerpt":{"rendered":"<p>Le radiateur design VD 0104 est un radiateur\u00a0design qui est disponible en brillant, satin\u00e9 ou mat. Il\u00a0existe en radiateur\u00a0design\u00a0<a href=\"http:\/\/varela-design.com\/radiateur-design\/radiateur-design-chauffage-central-puissances\/\">chauffage central<\/a>\u00a0et radiateur\u00a0design\u00a0<a href=\"http:\/\/varela-design.com\/radiateur-design\/radiateur-design-electrique-puissances\/\">electrique<\/a>. Ce radiateur design est personnalisable, il peut se faire en diff\u00e9rentes tailles et puissances et avec ou sans pied lat\u00e9raux.<\/p>\n<div class=\"su-note\" id=\"\" style=\"border-color:#e5e5e5;border-radius:5px;-moz-border-radius:5px;-webkit-border-radius:5px;\"><div class=\"su-note-inner su-u-clearfix su-u-trim\" style=\"background-color:#ffffff;border-color:#ffffff;color:#333333;border-radius:5px;-moz-border-radius:5px;-webkit-border-radius:5px;\">Aujourd\u2019hui VARELA DESIGN a d\u00e9cid\u00e9 de ne distribuer que sa propre marque\u00a0afin de valoriser en 1er \u00a0le produit 100% fran\u00e7ais .Nos confr\u00e8res radiateurs sont les s\u00e9lections que notre \u00e9quipe a faite pour vous. Cette s\u00e9lection est qualitative. Car elle ressort de notre activit\u00e9 avec ces marques (Antrax , Tubes , Ad Doc , Hotech , Foursteel) depuis d\u00e9j\u00e0 un certain nombre d\u2019ann\u00e9es o\u00f9 nous avons propos\u00e9 leurs radiateurs design et s\u00e8che-serviettes design.<\/div><\/div>\n<div class=\"su-members\" style=\"background-color:#ffbfc3;border-color:#c40c10;color:#5e0000\">les tarifs sont destin\u00e9 uniquement aux utilisateurs enregistr\u00e9s. Veuillez vous connecter en cliquant <a href=\"https:\/\/varela-design.com\/radiateur-design\/mon-compte\/\">ici<\/a> .<\/div><br \/>\n<a href=\"#tab-description\" class=\"cs_button cs_button_small cs_button_red\">voir description compl\u00e8te<\/a><\/p>\n","protected":false},"featured_media":1318,"comment_status":"open","ping_status":"closed","template":"","meta":[],"yoast_head":"<!-- This site is optimized with the Yoast SEO plugin v16.0.2 - https:\/\/yoast.com\/wordpress\/plugins\/seo\/ -->\n<title>Radiateur design VD 0104 \u2013 AD HOC - varela design<\/title>\n<meta property=\"og:locale\" content=\"fr_FR\" \/>\n<meta property=\"og:type\" content=\"article\" \/>\n<meta property=\"og:title\" content=\"Radiateur design VD 0104 \u2013 AD HOC - varela design\" \/>\n<meta property=\"og:description\" content=\"Le radiateur design VD 0104 est un radiateur\u00a0design qui est disponible en brillant, satin\u00e9 ou mat. Il\u00a0existe en radiateur\u00a0design\u00a0chauffage central\u00a0et radiateur\u00a0design\u00a0electrique. Ce radiateur design est personnalisable, il peut se faire en diff\u00e9rentes tailles et puissances et avec ou sans pied lat\u00e9raux.\" \/>\n<meta property=\"og:url\" content=\"https:\/\/old.varela-design.com\/radiateur-design\/produit\/radiateur-design-vd-0104-varela-design\/\" \/>\n<meta property=\"og:site_name\" content=\"varela design\" \/>\n<meta property=\"article:publisher\" content=\"https:\/\/www.facebook.com\/VarelaDesignRadiateur\" \/>\n<meta property=\"article:modified_time\" content=\"2020-06-19T09:39:16+00:00\" \/>\n<meta property=\"og:image\" content=\"https:\/\/old.varela-design.com\/radiateur-design\/wp-content\/uploads\/2015\/05\/0104-b.jpg\" \/>\n\t<meta property=\"og:image:width\" content=\"626\" \/>\n\t<meta property=\"og:image:height\" content=\"859\" \/>\n<meta name=\"twitter:card\" content=\"summary_large_image\" \/>\n<meta name=\"twitter:site\" content=\"@varela_design\" \/>\n<script type=\"application\/ld+json\" class=\"yoast-schema-graph\">{\"@context\":\"https:\/\/schema.org\",\"@graph\":[{\"@type\":\"WebSite\",\"@id\":\"https:\/\/old.varela-design.com\/radiateur-design\/#website\",\"url\":\"https:\/\/old.varela-design.com\/radiateur-design\/\",\"name\":\"varela design\",\"description\":\"Radiateur design et s\\u00e8che serviette design\",\"potentialAction\":[{\"@type\":\"SearchAction\",\"target\":\"https:\/\/old.varela-design.com\/radiateur-design\/?s={search_term_string}\",\"query-input\":\"required name=search_term_string\"}],\"inLanguage\":\"fr-FR\"},{\"@type\":\"ImageObject\",\"@id\":\"https:\/\/old.varela-design.com\/radiateur-design\/produit\/radiateur-design-vd-0104-varela-design\/#primaryimage\",\"inLanguage\":\"fr-FR\",\"url\":\"https:\/\/old.varela-design.com\/radiateur-design\/wp-content\/uploads\/2015\/05\/0104-b.jpg\",\"width\":626,\"height\":859,\"caption\":\"radiateur design VD 0104\"},{\"@type\":\"WebPage\",\"@id\":\"https:\/\/old.varela-design.com\/radiateur-design\/produit\/radiateur-design-vd-0104-varela-design\/#webpage\",\"url\":\"https:\/\/old.varela-design.com\/radiateur-design\/produit\/radiateur-design-vd-0104-varela-design\/\",\"name\":\"Radiateur design VD 0104 \\u2013 AD HOC - varela design\",\"isPartOf\":{\"@id\":\"https:\/\/old.varela-design.com\/radiateur-design\/#website\"},\"primaryImageOfPage\":{\"@id\":\"https:\/\/old.varela-design.com\/radiateur-design\/produit\/radiateur-design-vd-0104-varela-design\/#primaryimage\"},\"datePublished\":\"2017-04-25T09:50:40+00:00\",\"dateModified\":\"2020-06-19T09:39:16+00:00\",\"breadcrumb\":{\"@id\":\"https:\/\/old.varela-design.com\/radiateur-design\/produit\/radiateur-design-vd-0104-varela-design\/#breadcrumb\"},\"inLanguage\":\"fr-FR\",\"potentialAction\":[{\"@type\":\"ReadAction\",\"target\":[\"https:\/\/old.varela-design.com\/radiateur-design\/produit\/radiateur-design-vd-0104-varela-design\/\"]}]},{\"@type\":\"BreadcrumbList\",\"@id\":\"https:\/\/old.varela-design.com\/radiateur-design\/produit\/radiateur-design-vd-0104-varela-design\/#breadcrumb\",\"itemListElement\":[{\"@type\":\"ListItem\",\"position\":1,\"item\":{\"@type\":\"WebPage\",\"@id\":\"https:\/\/old.varela-design.com\/radiateur-design\/\",\"url\":\"https:\/\/old.varela-design.com\/radiateur-design\/\",\"name\":\"Home\"}},{\"@type\":\"ListItem\",\"position\":2,\"item\":{\"@type\":\"WebPage\",\"@id\":\"https:\/\/old.varela-design.com\/radiateur-design\/boutique\/\",\"url\":\"https:\/\/old.varela-design.com\/radiateur-design\/boutique\/\",\"name\":\"Nos produits\"}},{\"@type\":\"ListItem\",\"position\":3,\"item\":{\"@type\":\"WebPage\",\"@id\":\"https:\/\/old.varela-design.com\/radiateur-design\/produit\/radiateur-design-vd-0104-varela-design\/\",\"url\":\"https:\/\/old.varela-design.com\/radiateur-design\/produit\/radiateur-design-vd-0104-varela-design\/\",\"name\":\"Radiateur design VD 0104 \\u2013 AD HOC\"}}]}]}<\/script>\n<!-- \/ Yoast SEO plugin. -->","_links":{"self":[{"href":"https:\/\/old.varela-design.com\/radiateur-design\/wp-json\/wp\/v2\/product\/11303"}],"collection":[{"href":"https:\/\/old.varela-design.com\/radiateur-design\/wp-json\/wp\/v2\/product"}],"about":[{"href":"https:\/\/old.varela-design.com\/radiateur-design\/wp-json\/wp\/v2\/types\/product"}],"replies":[{"embeddable":true,"href":"https:\/\/old.varela-design.com\/radiateur-design\/wp-json\/wp\/v2\/comments?post=11303"}],"wp:featuredmedia":[{"embeddable":true,"href":"https:\/\/old.varela-design.com\/radiateur-design\/wp-json\/wp\/v2\/media\/1318"}],"wp:attachment":[{"href":"https:\/\/old.varela-design.com\/radiateur-design\/wp-json\/wp\/v2\/media?parent=11303"}],"curies":[{"name":"wp","href":"https:\/\/api.w.org\/{rel}","templated":true}]}}