{"id":11436,"date":"2017-04-27T13:44:37","date_gmt":"2017-04-27T11:44:37","guid":{"rendered":"http:\/\/varela-design.com\/radiateur-design\/product\/seche-serviette-design-vd-1327-varela-design\/"},"modified":"2020-06-19T11:22:14","modified_gmt":"2020-06-19T09:22:14","slug":"seche-serviette-design-vd-1327-varela-design","status":"publish","type":"product","link":"https:\/\/old.varela-design.com\/radiateur-design\/produit\/seche-serviette-design-vd-1327-varela-design\/","title":{"rendered":"Seche serviette design VD 1327  \u2013 HOTECH"},"content":{"rendered":"<div style=\"display: none;\"\n    class=\"kk-star-ratings kksr-valign-top kksr-align-left kksr-disabled\"\n    data-id=\"11436\"\n    data-slug=\"\">\n    <div class=\"kksr-stars\">\n    <div class=\"kksr-stars-inactive\">\n            <div class=\"kksr-star\" data-star=\"1\">\n            <div class=\"kksr-icon\" style=\"width: px; height: px;\"><\/div>\n        <\/div>\n            <div class=\"kksr-star\" data-star=\"2\">\n            <div class=\"kksr-icon\" style=\"width: px; height: px;\"><\/div>\n        <\/div>\n            <div class=\"kksr-star\" data-star=\"3\">\n            <div class=\"kksr-icon\" style=\"width: px; height: px;\"><\/div>\n        <\/div>\n            <div class=\"kksr-star\" data-star=\"4\">\n            <div class=\"kksr-icon\" style=\"width: px; height: px;\"><\/div>\n        <\/div>\n            <div class=\"kksr-star\" data-star=\"5\">\n            <div class=\"kksr-icon\" style=\"width: px; height: px;\"><\/div>\n        <\/div>\n    <\/div>\n    <div class=\"kksr-stars-active\" style=\"width: 0px;\">\n            <div class=\"kksr-star\">\n            <div class=\"kksr-icon\" style=\"width: px; height: px;\"><\/div>\n        <\/div>\n            <div class=\"kksr-star\">\n            <div class=\"kksr-icon\" style=\"width: px; height: px;\"><\/div>\n        <\/div>\n            <div class=\"kksr-star\">\n            <div class=\"kksr-icon\" style=\"width: px; height: px;\"><\/div>\n        <\/div>\n            <div class=\"kksr-star\">\n            <div class=\"kksr-icon\" style=\"width: px; height: px;\"><\/div>\n        <\/div>\n            <div class=\"kksr-star\">\n            <div class=\"kksr-icon\" style=\"width: px; height: px;\"><\/div>\n        <\/div>\n    <\/div>\n<\/div>\n    <div class=\"kksr-legend\">\n            <span class=\"kksr-muted\"><\/span>\n    <\/div>\n<\/div>\n<p>Le seche serviette\u00a0design VD 1327 est un seche serviette\u00a0design en aluminium qui est disponible en blanc RAL 9010 ou couleur RAL (suivant nuancier) et de finition technique (suivant nuancier) ou or, argent ou encore cuivre. Ce seche serviette design existe en\u00a0<a href=\"http:\/\/varela-design.com\/radiateur-design\/radiateur-design-chauffage-central-puissances\/\">chauffage central<\/a>\u00a0et <a href=\"http:\/\/varela-design.com\/radiateur-design\/seche-serviette-design-electrique-puissances\/\">electrique<\/a>. Il peut se faire en horizontal ou vertical.<\/p>\n<p style=\"padding-left: 30px;\"><a href=\"http:\/\/varela-design.com\/radiateur-design\/wp-content\/uploads\/2015\/05\/1327Tech.pdf\" class=\"cs_button cs_button_medium cs_button_red\" target=\"_blank\" >FICHE TECHNIQUE<\/a>\n<div class=\"pdfprnt-buttons pdfprnt-buttons-product pdfprnt-bottom-right\"><a href=\"https:\/\/old.varela-design.com\/radiateur-design\/wp-json\/wp\/v2\/product\/11436?print=pdf\" class=\"pdfprnt-button pdfprnt-button-pdf\" target=\"_blank\"><img src=\"https:\/\/varela-design.com\/radiateur-design\/wp-content\/plugins\/pdf-print\/images\/pdf.png\" alt=\"image_pdf\" title=\"View PDF\" \/><span class=\"pdfprnt-button-title pdfprnt-button-pdf-title\">t\u00e9l\u00e9chargez cette page en pdf<\/span><\/a><a href=\"https:\/\/old.varela-design.com\/radiateur-design\/wp-json\/wp\/v2\/product\/11436?print=print\" class=\"pdfprnt-button pdfprnt-button-print\" target=\"_blank\"><img src=\"https:\/\/varela-design.com\/radiateur-design\/wp-content\/plugins\/pdf-print\/images\/print.png\" alt=\"image_print\" title=\"Print Content\" \/><span class=\"pdfprnt-button-title pdfprnt-button-print-title\">imprimez cette page<\/span><\/a><\/div>","protected":false},"excerpt":{"rendered":"<p>Le seche serviette\u00a0design VD 1327 est un seche serviette\u00a0design en aluminium qui est disponible en blanc RAL 9010 ou couleur RAL (suivant nuancier) et de finition technique (suivant nuancier) ou or, argent ou encore cuivre. Ce seche serviette design existe en\u00a0<a href=\"http:\/\/varela-design.com\/radiateur-design\/radiateur-design-chauffage-central-puissances\/\">chauffage central<\/a>\u00a0et <a href=\"http:\/\/varela-design.com\/radiateur-design\/seche-serviette-design-electrique-puissances\/\">electrique<\/a>. Il peut se faire en horizontal ou vertical.<\/p>\n<div class=\"su-note\" id=\"\" style=\"border-color:#e5e5e5;border-radius:5px;-moz-border-radius:5px;-webkit-border-radius:5px;\"><div class=\"su-note-inner su-u-clearfix su-u-trim\" style=\"background-color:#ffffff;border-color:#ffffff;color:#333333;border-radius:5px;-moz-border-radius:5px;-webkit-border-radius:5px;\">Aujourd\u2019hui VARELA DESIGN a d\u00e9cid\u00e9 de ne distribuer que sa propre marque\u00a0afin de valoriser en 1er \u00a0le produit 100% fran\u00e7ais .Nos confr\u00e8res radiateurs sont les s\u00e9lections que notre \u00e9quipe a faite pour vous. Cette s\u00e9lection est qualitative. Car elle ressort de notre activit\u00e9 avec ces marques (Antrax , Tubes , Ad Doc , Hotech , Foursteel) depuis d\u00e9j\u00e0 un certain nombre d\u2019ann\u00e9es o\u00f9 nous avons propos\u00e9 leurs radiateurs design et s\u00e8che-serviettes design.<\/div><\/div>\n<div class=\"su-members\" style=\"background-color:#ffbfc3;border-color:#c40c10;color:#5e0000\">les tarifs sont destin\u00e9 uniquement aux utilisateurs enregistr\u00e9s. Veuillez vous connecter en cliquant <a href=\"https:\/\/varela-design.com\/radiateur-design\/mon-compte\/\">ici<\/a> .<\/div><br \/>\n<a href=\"#tab-description\" class=\"cs_button cs_button_small cs_button_red\">voir description compl\u00e8te<\/a><\/p>\n","protected":false},"featured_media":2926,"comment_status":"open","ping_status":"closed","template":"","meta":[],"yoast_head":"<!-- This site is optimized with the Yoast SEO plugin v16.0.2 - https:\/\/yoast.com\/wordpress\/plugins\/seo\/ -->\n<title>Seche serviette design VD 1327 \u2013 HOTECH - varela design<\/title>\n<meta property=\"og:locale\" content=\"fr_FR\" \/>\n<meta property=\"og:type\" content=\"article\" \/>\n<meta property=\"og:title\" content=\"Seche serviette design VD 1327 \u2013 HOTECH - varela design\" \/>\n<meta property=\"og:description\" content=\"Le seche serviette\u00a0design VD 1327 est un seche serviette\u00a0design en aluminium qui est disponible en blanc RAL 9010 ou couleur RAL (suivant nuancier) et de finition technique (suivant nuancier) ou or, argent ou encore cuivre. Ce seche serviette design existe en\u00a0chauffage central\u00a0et electrique. Il peut se faire en horizontal ou vertical.\" \/>\n<meta property=\"og:url\" content=\"https:\/\/old.varela-design.com\/radiateur-design\/produit\/seche-serviette-design-vd-1327-varela-design\/\" \/>\n<meta property=\"og:site_name\" content=\"varela design\" \/>\n<meta property=\"article:publisher\" content=\"https:\/\/www.facebook.com\/VarelaDesignRadiateur\" \/>\n<meta property=\"article:modified_time\" content=\"2020-06-19T09:22:14+00:00\" \/>\n<meta property=\"og:image\" content=\"https:\/\/old.varela-design.com\/radiateur-design\/wp-content\/uploads\/2015\/05\/1327-a.jpg\" \/>\n\t<meta property=\"og:image:width\" content=\"1772\" \/>\n\t<meta property=\"og:image:height\" content=\"1772\" \/>\n<meta name=\"twitter:card\" content=\"summary_large_image\" \/>\n<meta name=\"twitter:site\" content=\"@varela_design\" \/>\n<script type=\"application\/ld+json\" class=\"yoast-schema-graph\">{\"@context\":\"https:\/\/schema.org\",\"@graph\":[{\"@type\":\"WebSite\",\"@id\":\"https:\/\/old.varela-design.com\/radiateur-design\/#website\",\"url\":\"https:\/\/old.varela-design.com\/radiateur-design\/\",\"name\":\"varela design\",\"description\":\"Radiateur design et s\\u00e8che serviette design\",\"potentialAction\":[{\"@type\":\"SearchAction\",\"target\":\"https:\/\/old.varela-design.com\/radiateur-design\/?s={search_term_string}\",\"query-input\":\"required name=search_term_string\"}],\"inLanguage\":\"fr-FR\"},{\"@type\":\"ImageObject\",\"@id\":\"https:\/\/old.varela-design.com\/radiateur-design\/produit\/seche-serviette-design-vd-1327-varela-design\/#primaryimage\",\"inLanguage\":\"fr-FR\",\"url\":\"https:\/\/old.varela-design.com\/radiateur-design\/wp-content\/uploads\/2015\/05\/1327-a.jpg\",\"width\":1772,\"height\":1772},{\"@type\":\"WebPage\",\"@id\":\"https:\/\/old.varela-design.com\/radiateur-design\/produit\/seche-serviette-design-vd-1327-varela-design\/#webpage\",\"url\":\"https:\/\/old.varela-design.com\/radiateur-design\/produit\/seche-serviette-design-vd-1327-varela-design\/\",\"name\":\"Seche serviette design VD 1327 \\u2013 HOTECH - varela design\",\"isPartOf\":{\"@id\":\"https:\/\/old.varela-design.com\/radiateur-design\/#website\"},\"primaryImageOfPage\":{\"@id\":\"https:\/\/old.varela-design.com\/radiateur-design\/produit\/seche-serviette-design-vd-1327-varela-design\/#primaryimage\"},\"datePublished\":\"2017-04-27T11:44:37+00:00\",\"dateModified\":\"2020-06-19T09:22:14+00:00\",\"breadcrumb\":{\"@id\":\"https:\/\/old.varela-design.com\/radiateur-design\/produit\/seche-serviette-design-vd-1327-varela-design\/#breadcrumb\"},\"inLanguage\":\"fr-FR\",\"potentialAction\":[{\"@type\":\"ReadAction\",\"target\":[\"https:\/\/old.varela-design.com\/radiateur-design\/produit\/seche-serviette-design-vd-1327-varela-design\/\"]}]},{\"@type\":\"BreadcrumbList\",\"@id\":\"https:\/\/old.varela-design.com\/radiateur-design\/produit\/seche-serviette-design-vd-1327-varela-design\/#breadcrumb\",\"itemListElement\":[{\"@type\":\"ListItem\",\"position\":1,\"item\":{\"@type\":\"WebPage\",\"@id\":\"https:\/\/old.varela-design.com\/radiateur-design\/\",\"url\":\"https:\/\/old.varela-design.com\/radiateur-design\/\",\"name\":\"Home\"}},{\"@type\":\"ListItem\",\"position\":2,\"item\":{\"@type\":\"WebPage\",\"@id\":\"https:\/\/old.varela-design.com\/radiateur-design\/boutique\/\",\"url\":\"https:\/\/old.varela-design.com\/radiateur-design\/boutique\/\",\"name\":\"Nos produits\"}},{\"@type\":\"ListItem\",\"position\":3,\"item\":{\"@type\":\"WebPage\",\"@id\":\"https:\/\/old.varela-design.com\/radiateur-design\/produit\/seche-serviette-design-vd-1327-varela-design\/\",\"url\":\"https:\/\/old.varela-design.com\/radiateur-design\/produit\/seche-serviette-design-vd-1327-varela-design\/\",\"name\":\"Seche serviette design VD 1327 \\u2013 HOTECH\"}}]}]}<\/script>\n<!-- \/ Yoast SEO plugin. -->","_links":{"self":[{"href":"https:\/\/old.varela-design.com\/radiateur-design\/wp-json\/wp\/v2\/product\/11436"}],"collection":[{"href":"https:\/\/old.varela-design.com\/radiateur-design\/wp-json\/wp\/v2\/product"}],"about":[{"href":"https:\/\/old.varela-design.com\/radiateur-design\/wp-json\/wp\/v2\/types\/product"}],"replies":[{"embeddable":true,"href":"https:\/\/old.varela-design.com\/radiateur-design\/wp-json\/wp\/v2\/comments?post=11436"}],"wp:featuredmedia":[{"embeddable":true,"href":"https:\/\/old.varela-design.com\/radiateur-design\/wp-json\/wp\/v2\/media\/2926"}],"wp:attachment":[{"href":"https:\/\/old.varela-design.com\/radiateur-design\/wp-json\/wp\/v2\/media?parent=11436"}],"curies":[{"name":"wp","href":"https:\/\/api.w.org\/{rel}","templated":true}]}}