{"id":11644,"date":"2017-05-10T09:22:49","date_gmt":"2017-05-10T07:22:49","guid":{"rendered":"http:\/\/varela-design.com\/radiateur-design\/product\/seche-serviette-design-vd-1608-1-varela-design\/"},"modified":"2020-06-19T12:07:32","modified_gmt":"2020-06-19T10:07:32","slug":"seche-serviette-design-vd-1608-1-varela-design","status":"publish","type":"product","link":"https:\/\/old.varela-design.com\/radiateur-design\/produit\/seche-serviette-design-vd-1608-1-varela-design\/","title":{"rendered":"S\u00e8che-serviette design VD 1608-1 &#8211; FOURSTEEL"},"content":{"rendered":"<div style=\"display: none;\"\n    class=\"kk-star-ratings kksr-valign-top kksr-align-left kksr-disabled\"\n    data-id=\"11644\"\n    data-slug=\"\">\n    <div class=\"kksr-stars\">\n    <div class=\"kksr-stars-inactive\">\n            <div class=\"kksr-star\" data-star=\"1\">\n            <div class=\"kksr-icon\" style=\"width: px; height: px;\"><\/div>\n        <\/div>\n            <div class=\"kksr-star\" data-star=\"2\">\n            <div class=\"kksr-icon\" style=\"width: px; height: px;\"><\/div>\n        <\/div>\n            <div class=\"kksr-star\" data-star=\"3\">\n            <div class=\"kksr-icon\" style=\"width: px; height: px;\"><\/div>\n        <\/div>\n            <div class=\"kksr-star\" data-star=\"4\">\n            <div class=\"kksr-icon\" style=\"width: px; height: px;\"><\/div>\n        <\/div>\n            <div class=\"kksr-star\" data-star=\"5\">\n            <div class=\"kksr-icon\" style=\"width: px; height: px;\"><\/div>\n        <\/div>\n    <\/div>\n    <div class=\"kksr-stars-active\" style=\"width: 0px;\">\n            <div class=\"kksr-star\">\n            <div class=\"kksr-icon\" style=\"width: px; height: px;\"><\/div>\n        <\/div>\n            <div class=\"kksr-star\">\n            <div class=\"kksr-icon\" style=\"width: px; height: px;\"><\/div>\n        <\/div>\n            <div class=\"kksr-star\">\n            <div class=\"kksr-icon\" style=\"width: px; height: px;\"><\/div>\n        <\/div>\n            <div class=\"kksr-star\">\n            <div class=\"kksr-icon\" style=\"width: px; height: px;\"><\/div>\n        <\/div>\n            <div class=\"kksr-star\">\n            <div class=\"kksr-icon\" style=\"width: px; height: px;\"><\/div>\n        <\/div>\n    <\/div>\n<\/div>\n    <div class=\"kksr-legend\">\n            <span class=\"kksr-muted\"><\/span>\n    <\/div>\n<\/div>\n<h2>S\u00e8che-serviette design VD 1608-1 &#8211; 2 tubes verticaux, ou, Horizontaux<\/h2>\n<p>Ce S\u00e8che-serviette design VD 1608-1, fonctionne avec une installation chauffage central ou encore \u00e9lectrique, ce s\u00e8che serviette, \u00e9galement se pose horizontalement ou verticalement, il reste tr\u00e8s minimaliste dans les deux positionnements.<\/p>\n<p>Horizontale, la puissance variable est de 40 \u00e0 150W.<\/p>\n<p>Hauteur adaptable, de 800mm et 1480mm, ce s\u00e8che serviette con\u00e7ue en mati\u00e8re inox, est disponible en diff\u00e9rente traitement de surface, poli, bross\u00e9, etc\u2026).<\/p>\n<p>Ce s\u00e8che serviettes design r\u00e9f\u00e9rence VD 1608-1 est \u00e9quip\u00e9 en version \u00e9lectrique d\u2019un adaptateur on\/off, il facilite l\u2019utilisation quotidienne, surtout en gardant son aspect design et minimaliste.<\/p>\n<p>Il y dans notre gamme de produit un produit similaire<\/p>\n<p>(Voir lien \u00a0<a href=\"http:\/\/varela-design.com\/radiateur-design\/seche-serviette-vd-1608-1-varela-design\/\">VD 1608-1<\/a>)<\/p>\n<h3>S\u00e8che-serviette design un des plus minimaliste<\/h3>\n<p>Sobre et \u00e9l\u00e9gant, ce s\u00e8che serviettes minimalistes convient aux int\u00e9rieurs modernes ou contemporains.<\/p>\n<p>Install\u00e9 par exemple dans les h\u00f4tels de luxe de toute la France, ou les h\u00f4tels haussmanniens de Paris. Il a certainement la touche finale minimaliste qui donne la tendance votre espace salle de bain. De m\u00eame il peut convenir \u00e0 des espaces de douche dans des cabinets de bien\u00eatre. Ou tr\u00e8s certainement le client sera surpris.<\/p>\n<p>De m\u00eame vous trouverez sa place, par le peu d\u2019espace n\u00e9cessaire.<\/p>\n<p>Sa ligne longiligne combinant l\u2019esth\u00e9tique, confort et design, il est l\u2019accessoire indispensable d\u2019un espace subtil et sophistiqu\u00e9.<\/p>\n<p>En conclusion peu visible, tr\u00e8s design et minimaliste, sa fonction de s\u00e8che serviettes devient invisible.<\/p>\n<p>Nos clients architecte l\u2019adore<\/p>\n<div class=\"pdfprnt-buttons pdfprnt-buttons-product pdfprnt-bottom-right\"><a href=\"https:\/\/old.varela-design.com\/radiateur-design\/wp-json\/wp\/v2\/product\/11644?print=pdf\" class=\"pdfprnt-button pdfprnt-button-pdf\" target=\"_blank\"><img src=\"https:\/\/varela-design.com\/radiateur-design\/wp-content\/plugins\/pdf-print\/images\/pdf.png\" alt=\"image_pdf\" title=\"View PDF\" \/><span class=\"pdfprnt-button-title pdfprnt-button-pdf-title\">t\u00e9l\u00e9chargez cette page en pdf<\/span><\/a><a href=\"https:\/\/old.varela-design.com\/radiateur-design\/wp-json\/wp\/v2\/product\/11644?print=print\" class=\"pdfprnt-button pdfprnt-button-print\" target=\"_blank\"><img src=\"https:\/\/varela-design.com\/radiateur-design\/wp-content\/plugins\/pdf-print\/images\/print.png\" alt=\"image_print\" title=\"Print Content\" \/><span class=\"pdfprnt-button-title pdfprnt-button-print-title\">imprimez cette page<\/span><\/a><\/div>","protected":false},"excerpt":{"rendered":"<h2>S\u00e8che-serviette design VD 1608-1 &#8211; 2 tubes verticaux, ou, Horizontaux<\/h2>\n<p>Ce S\u00e8che-serviette design VD 1608-1, fonctionne avec une installation chauffage central ou encore \u00e9lectrique, ce s\u00e8che serviette, \u00e9galement se pose horizontalement ou verticalement, il reste tr\u00e8s minimaliste dans les deux positionnements.<\/p>\n<p>Horizontale, la puissance variable est de 40 \u00e0 150W.<\/p>\n<p>Hauteur adaptable, de 800mm et 1480mm, ce s\u00e8che serviette con\u00e7ue en mati\u00e8re inox, est disponible en diff\u00e9rente traitement de surface, poli, bross\u00e9, etc\u2026).<\/p>\n<p><div class=\"su-note\" id=\"\" style=\"border-color:#e5e5e5;border-radius:5px;-moz-border-radius:5px;-webkit-border-radius:5px;\"><div class=\"su-note-inner su-u-clearfix su-u-trim\" style=\"background-color:#ffffff;border-color:#ffffff;color:#333333;border-radius:5px;-moz-border-radius:5px;-webkit-border-radius:5px;\">Aujourd\u2019hui VARELA DESIGN a d\u00e9cid\u00e9 de ne distribuer que sa propre marque\u00a0afin de valoriser en 1er \u00a0le produit 100% fran\u00e7ais .Nos confr\u00e8res radiateurs sont les s\u00e9lections que notre \u00e9quipe a faite pour vous. Cette s\u00e9lection est qualitative. Car elle ressort de notre activit\u00e9 avec ces marques (Antrax , Tubes , Ad Doc , Hotech , Foursteel) depuis d\u00e9j\u00e0 un certain nombre d\u2019ann\u00e9es o\u00f9 nous avons propos\u00e9 leurs radiateurs design et s\u00e8che-serviettes design.<\/div><\/div><br \/>\n<div class=\"su-members\" style=\"background-color:#ffbfc3;border-color:#c40c10;color:#5e0000\">les tarifs sont destin\u00e9 uniquement aux utilisateurs enregistr\u00e9s. Veuillez vous connecter en cliquant <a href=\"https:\/\/varela-design.com\/radiateur-design\/mon-compte\/\">ici<\/a> .<\/div><\/p>\n","protected":false},"featured_media":4631,"comment_status":"open","ping_status":"closed","template":"","meta":[],"yoast_head":"<!-- This site is optimized with the Yoast SEO plugin v16.0.2 - https:\/\/yoast.com\/wordpress\/plugins\/seo\/ -->\n<title>S\u00e8che-serviette design VD 1608-1 - verticaux,Horizontaux - varela design<\/title>\n<meta name=\"description\" content=\"S\u00e8che-serviette design VD 1608-1 installation chauffage central ou encore \u00e9lectrique, ce s\u00e8che serviette,se pose horizontalement ou verticalement,\" \/>\n<meta property=\"og:locale\" content=\"fr_FR\" \/>\n<meta property=\"og:type\" content=\"article\" \/>\n<meta property=\"og:title\" content=\"S\u00e8che-serviette design VD 1608-1 - verticaux,Horizontaux - varela design\" \/>\n<meta property=\"og:description\" content=\"S\u00e8che-serviette design VD 1608-1 installation chauffage central ou encore \u00e9lectrique, ce s\u00e8che serviette,se pose horizontalement ou verticalement,\" \/>\n<meta property=\"og:url\" content=\"https:\/\/old.varela-design.com\/radiateur-design\/produit\/seche-serviette-design-vd-1608-1-varela-design\/\" \/>\n<meta property=\"og:site_name\" content=\"varela design\" \/>\n<meta property=\"article:publisher\" content=\"https:\/\/www.facebook.com\/VarelaDesignRadiateur\" \/>\n<meta property=\"article:modified_time\" content=\"2020-06-19T10:07:32+00:00\" \/>\n<meta property=\"og:image\" content=\"https:\/\/old.varela-design.com\/radiateur-design\/wp-content\/uploads\/2015\/06\/1608-Fourslim.jpg\" \/>\n\t<meta property=\"og:image:width\" content=\"804\" \/>\n\t<meta property=\"og:image:height\" content=\"631\" \/>\n<meta name=\"twitter:card\" content=\"summary_large_image\" \/>\n<meta name=\"twitter:site\" content=\"@varela_design\" \/>\n<meta name=\"twitter:label1\" content=\"Dur\u00e9e de lecture est.\">\n\t<meta name=\"twitter:data1\" content=\"1 minute\">\n<script type=\"application\/ld+json\" class=\"yoast-schema-graph\">{\"@context\":\"https:\/\/schema.org\",\"@graph\":[{\"@type\":\"WebSite\",\"@id\":\"https:\/\/old.varela-design.com\/radiateur-design\/#website\",\"url\":\"https:\/\/old.varela-design.com\/radiateur-design\/\",\"name\":\"varela design\",\"description\":\"Radiateur design et s\\u00e8che serviette design\",\"potentialAction\":[{\"@type\":\"SearchAction\",\"target\":\"https:\/\/old.varela-design.com\/radiateur-design\/?s={search_term_string}\",\"query-input\":\"required name=search_term_string\"}],\"inLanguage\":\"fr-FR\"},{\"@type\":\"ImageObject\",\"@id\":\"https:\/\/old.varela-design.com\/radiateur-design\/produit\/seche-serviette-design-vd-1608-1-varela-design\/#primaryimage\",\"inLanguage\":\"fr-FR\",\"url\":\"https:\/\/old.varela-design.com\/radiateur-design\/wp-content\/uploads\/2015\/06\/1608-Fourslim.jpg\",\"width\":804,\"height\":631,\"caption\":\"VD 1608 - Varela design\"},{\"@type\":\"WebPage\",\"@id\":\"https:\/\/old.varela-design.com\/radiateur-design\/produit\/seche-serviette-design-vd-1608-1-varela-design\/#webpage\",\"url\":\"https:\/\/old.varela-design.com\/radiateur-design\/produit\/seche-serviette-design-vd-1608-1-varela-design\/\",\"name\":\"S\\u00e8che-serviette design VD 1608-1 - verticaux,Horizontaux - varela design\",\"isPartOf\":{\"@id\":\"https:\/\/old.varela-design.com\/radiateur-design\/#website\"},\"primaryImageOfPage\":{\"@id\":\"https:\/\/old.varela-design.com\/radiateur-design\/produit\/seche-serviette-design-vd-1608-1-varela-design\/#primaryimage\"},\"datePublished\":\"2017-05-10T07:22:49+00:00\",\"dateModified\":\"2020-06-19T10:07:32+00:00\",\"description\":\"S\\u00e8che-serviette design VD 1608-1 installation chauffage central ou encore \\u00e9lectrique, ce s\\u00e8che serviette,se pose horizontalement ou verticalement,\",\"breadcrumb\":{\"@id\":\"https:\/\/old.varela-design.com\/radiateur-design\/produit\/seche-serviette-design-vd-1608-1-varela-design\/#breadcrumb\"},\"inLanguage\":\"fr-FR\",\"potentialAction\":[{\"@type\":\"ReadAction\",\"target\":[\"https:\/\/old.varela-design.com\/radiateur-design\/produit\/seche-serviette-design-vd-1608-1-varela-design\/\"]}]},{\"@type\":\"BreadcrumbList\",\"@id\":\"https:\/\/old.varela-design.com\/radiateur-design\/produit\/seche-serviette-design-vd-1608-1-varela-design\/#breadcrumb\",\"itemListElement\":[{\"@type\":\"ListItem\",\"position\":1,\"item\":{\"@type\":\"WebPage\",\"@id\":\"https:\/\/old.varela-design.com\/radiateur-design\/\",\"url\":\"https:\/\/old.varela-design.com\/radiateur-design\/\",\"name\":\"Home\"}},{\"@type\":\"ListItem\",\"position\":2,\"item\":{\"@type\":\"WebPage\",\"@id\":\"https:\/\/old.varela-design.com\/radiateur-design\/boutique\/\",\"url\":\"https:\/\/old.varela-design.com\/radiateur-design\/boutique\/\",\"name\":\"Nos produits\"}},{\"@type\":\"ListItem\",\"position\":3,\"item\":{\"@type\":\"WebPage\",\"@id\":\"https:\/\/old.varela-design.com\/radiateur-design\/produit\/seche-serviette-design-vd-1608-1-varela-design\/\",\"url\":\"https:\/\/old.varela-design.com\/radiateur-design\/produit\/seche-serviette-design-vd-1608-1-varela-design\/\",\"name\":\"S\\u00e8che-serviette design VD 1608-1 &#8211; FOURSTEEL\"}}]}]}<\/script>\n<!-- \/ Yoast SEO plugin. -->","_links":{"self":[{"href":"https:\/\/old.varela-design.com\/radiateur-design\/wp-json\/wp\/v2\/product\/11644"}],"collection":[{"href":"https:\/\/old.varela-design.com\/radiateur-design\/wp-json\/wp\/v2\/product"}],"about":[{"href":"https:\/\/old.varela-design.com\/radiateur-design\/wp-json\/wp\/v2\/types\/product"}],"replies":[{"embeddable":true,"href":"https:\/\/old.varela-design.com\/radiateur-design\/wp-json\/wp\/v2\/comments?post=11644"}],"wp:featuredmedia":[{"embeddable":true,"href":"https:\/\/old.varela-design.com\/radiateur-design\/wp-json\/wp\/v2\/media\/4631"}],"wp:attachment":[{"href":"https:\/\/old.varela-design.com\/radiateur-design\/wp-json\/wp\/v2\/media?parent=11644"}],"curies":[{"name":"wp","href":"https:\/\/api.w.org\/{rel}","templated":true}]}}