{"id":11764,"date":"2017-05-16T10:22:47","date_gmt":"2017-05-16T08:22:47","guid":{"rendered":"http:\/\/varela-design.com\/radiateur-design\/product\/radiateur-design-vd-4642-varela-design\/"},"modified":"2020-03-11T17:24:53","modified_gmt":"2020-03-11T15:24:53","slug":"radiateur-design-vd-4642-varela-design","status":"publish","type":"product","link":"https:\/\/old.varela-design.com\/radiateur-design\/produit\/radiateur-design-vd-4642-varela-design\/","title":{"rendered":"Radiateur design VD 4642 \u2013 varela design"},"content":{"rendered":"<div style=\"display: none;\"\n    class=\"kk-star-ratings kksr-valign-top kksr-align-left kksr-disabled\"\n    data-id=\"11764\"\n    data-slug=\"\">\n    <div class=\"kksr-stars\">\n    <div class=\"kksr-stars-inactive\">\n            <div class=\"kksr-star\" data-star=\"1\">\n            <div class=\"kksr-icon\" style=\"width: px; height: px;\"><\/div>\n        <\/div>\n            <div class=\"kksr-star\" data-star=\"2\">\n            <div class=\"kksr-icon\" style=\"width: px; height: px;\"><\/div>\n        <\/div>\n            <div class=\"kksr-star\" data-star=\"3\">\n            <div class=\"kksr-icon\" style=\"width: px; height: px;\"><\/div>\n        <\/div>\n            <div class=\"kksr-star\" data-star=\"4\">\n            <div class=\"kksr-icon\" style=\"width: px; height: px;\"><\/div>\n        <\/div>\n            <div class=\"kksr-star\" data-star=\"5\">\n            <div class=\"kksr-icon\" style=\"width: px; height: px;\"><\/div>\n        <\/div>\n    <\/div>\n    <div class=\"kksr-stars-active\" style=\"width: 0px;\">\n            <div class=\"kksr-star\">\n            <div class=\"kksr-icon\" style=\"width: px; height: px;\"><\/div>\n        <\/div>\n            <div class=\"kksr-star\">\n            <div class=\"kksr-icon\" style=\"width: px; height: px;\"><\/div>\n        <\/div>\n            <div class=\"kksr-star\">\n            <div class=\"kksr-icon\" style=\"width: px; height: px;\"><\/div>\n        <\/div>\n            <div class=\"kksr-star\">\n            <div class=\"kksr-icon\" style=\"width: px; height: px;\"><\/div>\n        <\/div>\n            <div class=\"kksr-star\">\n            <div class=\"kksr-icon\" style=\"width: px; height: px;\"><\/div>\n        <\/div>\n    <\/div>\n<\/div>\n    <div class=\"kksr-legend\">\n            <span class=\"kksr-muted\"><\/span>\n    <\/div>\n<\/div>\n<blockquote><p>A venir rentr\u00e9e septembre 2020<\/p><\/blockquote>\n<p><a  href=\"http:\/\/varela-design.com\/radiateur-design\/wp-content\/uploads\/2017\/01\/4642.jpg\" data-rel=\"lightbox-gallery-0\" data-rl_title=\"\" data-rl_caption=\"\" title=\"\"><img loading=\"lazy\" class=\"alignnone wp-image-10953\" src=\"http:\/\/varela-design.com\/radiateur-design\/wp-content\/uploads\/2017\/01\/4642.jpg\" alt=\"4642\" width=\"3\" height=\"5\" srcset=\"https:\/\/old.varela-design.com\/radiateur-design\/wp-content\/uploads\/2017\/01\/4642.jpg 681w, https:\/\/old.varela-design.com\/radiateur-design\/wp-content\/uploads\/2017\/01\/4642-200x300.jpg 200w\" sizes=\"(max-width: 3px) 100vw, 3px\" \/><\/a>Le radiateur design VD 4642 .Ce radiateur design plat va vous surprendre ! Cr\u00e9\u00e9 pour d\u00e9velopper une puissance maximale sur des dimensions minimales, ce radiateur design personnalisable ne pourra que vous faire appr\u00e9cier la chaleur qu\u2019il vous offre. D\u2019une profondeur de 93mm, le mod\u00e8le 1000x410mm d\u00e9veloppera 1800 Watts quand le 2000x410mm d\u00e9veloppera lui 3600 Watts (disponible uniquement en vertical), il est disponible en diff\u00e9rents coloris(suivant nuancier RAL). Il existe en radiateur\u00a0design\u00a0<a href=\"http:\/\/varela-design.com\/radiateur-design\/radiateur-design-chauffage-central-puissances\/\">chauffage central<\/a>\u00a0et radiateur\u00a0design\u00a0<a href=\"http:\/\/varela-design.com\/radiateur-design\/radiateur-design-electrique-puissances\/\">electrique<\/a>\u00a0ainsi qu\u2019en plusieurs puissances.<\/p>\n<p><em>Design by: \u00a9 Copyright 2016 B\u00e9renger, jeunes \u00e9tudiants designer du lyc\u00e9e Camille Claudel \u00e0 Blois (41)<\/em><\/p>\n<p style=\"text-align: left;\"><a href=\"http:\/\/varela-design.com\/radiateur-design\/wp-content\/uploads\/2017\/01\/VD-4642-tech-CC.pdf\" class=\"cs_button cs_button_small cs_button_red\" target=\"_blank\" >fiche technique<\/a> <a class=\"wp-colorbox-iframe cboxElement\" style=\"text-shadow: none!important; padding: 9px 24px!important; border-color: rgba(0, 0, 0, 0.64); background: #e74c3c; font-size: 14px!important; box-shadow: none; color: #ffffff;\" href=\"https:\/\/sketchfab.com\/models\/d2c8d7ef3f3e4ba19f9e86193a89735d\/embed\">voir la 3D<\/a><\/p>\n<p>&nbsp;<\/p>\n<p>&nbsp;<\/p>\n<div class=\"pdfprnt-buttons pdfprnt-buttons-product pdfprnt-bottom-right\"><a href=\"https:\/\/old.varela-design.com\/radiateur-design\/wp-json\/wp\/v2\/product\/11764?print=pdf\" class=\"pdfprnt-button pdfprnt-button-pdf\" target=\"_blank\"><img src=\"https:\/\/varela-design.com\/radiateur-design\/wp-content\/plugins\/pdf-print\/images\/pdf.png\" alt=\"image_pdf\" title=\"View PDF\" \/><span class=\"pdfprnt-button-title pdfprnt-button-pdf-title\">t\u00e9l\u00e9chargez cette page en pdf<\/span><\/a><a href=\"https:\/\/old.varela-design.com\/radiateur-design\/wp-json\/wp\/v2\/product\/11764?print=print\" class=\"pdfprnt-button pdfprnt-button-print\" target=\"_blank\"><img src=\"https:\/\/varela-design.com\/radiateur-design\/wp-content\/plugins\/pdf-print\/images\/print.png\" alt=\"image_print\" title=\"Print Content\" \/><span class=\"pdfprnt-button-title pdfprnt-button-print-title\">imprimez cette page<\/span><\/a><\/div>","protected":false},"excerpt":{"rendered":"<blockquote><p>A venir rentr\u00e9e septembre 2020<\/p><\/blockquote>\n<p><a href=\"http:\/\/varela-design.com\/radiateur-design\/wp-content\/uploads\/2017\/01\/4642.jpg\"><img loading=\"lazy\" class=\"alignnone wp-image-10953\" src=\"http:\/\/varela-design.com\/radiateur-design\/wp-content\/uploads\/2017\/01\/4642.jpg\" alt=\"4642\" width=\"3\" height=\"5\" srcset=\"https:\/\/old.varela-design.com\/radiateur-design\/wp-content\/uploads\/2017\/01\/4642.jpg 681w, https:\/\/old.varela-design.com\/radiateur-design\/wp-content\/uploads\/2017\/01\/4642-200x300.jpg 200w\" sizes=\"(max-width: 3px) 100vw, 3px\" \/><\/a>Le radiateur design VD 4642 .Ce radiateur design plat va vous surprendre ! Cr\u00e9\u00e9 pour d\u00e9velopper une puissance maximale sur des dimensions minimales, ce radiateur design personnalisable ne pourra que vous faire appr\u00e9cier la chaleur qu\u2019il vous offre. D\u2019une profondeur de 93mm, le mod\u00e8le 1000x410mm d\u00e9veloppera 1800 Watts quand le 2000x410mm d\u00e9veloppera lui 3600 Watts (disponible uniquement en vertical), il est disponible en diff\u00e9rents coloris(suivant nuancier RAL). Il existe en radiateur\u00a0design\u00a0<a href=\"http:\/\/varela-design.com\/radiateur-design\/radiateur-design-chauffage-central-puissances\/\">chauffage central<\/a>\u00a0et radiateur\u00a0design\u00a0<a href=\"http:\/\/varela-design.com\/radiateur-design\/radiateur-design-electrique-puissances\/\">electrique<\/a>\u00a0ainsi qu\u2019en plusieurs puissances.<br \/>\n<a href=\"#tab-description\" class=\"cs_button cs_button_small cs_button_red\">voir description compl\u00e8te<\/a><\/p>\n","protected":false},"featured_media":10723,"comment_status":"open","ping_status":"closed","template":"","meta":[],"yoast_head":"<!-- This site is optimized with the Yoast SEO plugin v16.0.2 - https:\/\/yoast.com\/wordpress\/plugins\/seo\/ -->\n<title>Radiateur design VD 4642 \u2013 varela design - varela design<\/title>\n<meta property=\"og:locale\" content=\"fr_FR\" \/>\n<meta property=\"og:type\" content=\"article\" \/>\n<meta property=\"og:title\" content=\"Radiateur design VD 4642 \u2013 varela design - varela design\" \/>\n<meta property=\"og:description\" content=\"A venir rentr\u00e9e septembre 2020 Le radiateur design VD 4642 .Ce radiateur design plat va vous surprendre ! Cr\u00e9\u00e9 pour d\u00e9velopper une puissance maximale sur des dimensions minimales, ce radiateur design personnalisable ne pourra que vous faire appr\u00e9cier la chaleur qu\u2019il vous offre. D\u2019une profondeur de 93mm, le mod\u00e8le 1000x410mm d\u00e9veloppera 1800 Watts quand le 2000x410mm d\u00e9veloppera lui 3600 Watts (disponible uniquement en vertical), il est disponible en diff\u00e9rents coloris(suivant nuancier RAL). Il existe en radiateur\u00a0design\u00a0chauffage central\u00a0et radiateur\u00a0design\u00a0electrique\u00a0ainsi qu\u2019en plusieurs puissances.\" \/>\n<meta property=\"og:url\" content=\"https:\/\/old.varela-design.com\/radiateur-design\/produit\/radiateur-design-vd-4642-varela-design\/\" \/>\n<meta property=\"og:site_name\" content=\"varela design\" \/>\n<meta property=\"article:publisher\" content=\"https:\/\/www.facebook.com\/VarelaDesignRadiateur\" \/>\n<meta property=\"article:modified_time\" content=\"2020-03-11T15:24:53+00:00\" \/>\n<meta property=\"og:image\" content=\"https:\/\/old.varela-design.com\/radiateur-design\/wp-content\/uploads\/2017\/01\/WP_20170106_14_39_22_Rich_LI-scaled.jpg\" \/>\n\t<meta property=\"og:image:width\" content=\"3744\" \/>\n\t<meta property=\"og:image:height\" content=\"4992\" \/>\n<meta name=\"twitter:card\" content=\"summary_large_image\" \/>\n<meta name=\"twitter:site\" content=\"@varela_design\" \/>\n<meta name=\"twitter:label1\" content=\"Dur\u00e9e de lecture est.\">\n\t<meta name=\"twitter:data1\" content=\"1 minute\">\n<script type=\"application\/ld+json\" class=\"yoast-schema-graph\">{\"@context\":\"https:\/\/schema.org\",\"@graph\":[{\"@type\":\"WebSite\",\"@id\":\"https:\/\/old.varela-design.com\/radiateur-design\/#website\",\"url\":\"https:\/\/old.varela-design.com\/radiateur-design\/\",\"name\":\"varela design\",\"description\":\"Radiateur design et s\\u00e8che serviette design\",\"potentialAction\":[{\"@type\":\"SearchAction\",\"target\":\"https:\/\/old.varela-design.com\/radiateur-design\/?s={search_term_string}\",\"query-input\":\"required name=search_term_string\"}],\"inLanguage\":\"fr-FR\"},{\"@type\":\"ImageObject\",\"@id\":\"https:\/\/old.varela-design.com\/radiateur-design\/produit\/radiateur-design-vd-4642-varela-design\/#primaryimage\",\"inLanguage\":\"fr-FR\",\"url\":\"https:\/\/old.varela-design.com\/radiateur-design\/wp-content\/uploads\/2017\/01\/WP_20170106_14_39_22_Rich_LI-scaled.jpg\",\"width\":3744,\"height\":4992},{\"@type\":\"WebPage\",\"@id\":\"https:\/\/old.varela-design.com\/radiateur-design\/produit\/radiateur-design-vd-4642-varela-design\/#webpage\",\"url\":\"https:\/\/old.varela-design.com\/radiateur-design\/produit\/radiateur-design-vd-4642-varela-design\/\",\"name\":\"Radiateur design VD 4642 \\u2013 varela design - varela design\",\"isPartOf\":{\"@id\":\"https:\/\/old.varela-design.com\/radiateur-design\/#website\"},\"primaryImageOfPage\":{\"@id\":\"https:\/\/old.varela-design.com\/radiateur-design\/produit\/radiateur-design-vd-4642-varela-design\/#primaryimage\"},\"datePublished\":\"2017-05-16T08:22:47+00:00\",\"dateModified\":\"2020-03-11T15:24:53+00:00\",\"breadcrumb\":{\"@id\":\"https:\/\/old.varela-design.com\/radiateur-design\/produit\/radiateur-design-vd-4642-varela-design\/#breadcrumb\"},\"inLanguage\":\"fr-FR\",\"potentialAction\":[{\"@type\":\"ReadAction\",\"target\":[\"https:\/\/old.varela-design.com\/radiateur-design\/produit\/radiateur-design-vd-4642-varela-design\/\"]}]},{\"@type\":\"BreadcrumbList\",\"@id\":\"https:\/\/old.varela-design.com\/radiateur-design\/produit\/radiateur-design-vd-4642-varela-design\/#breadcrumb\",\"itemListElement\":[{\"@type\":\"ListItem\",\"position\":1,\"item\":{\"@type\":\"WebPage\",\"@id\":\"https:\/\/old.varela-design.com\/radiateur-design\/\",\"url\":\"https:\/\/old.varela-design.com\/radiateur-design\/\",\"name\":\"Home\"}},{\"@type\":\"ListItem\",\"position\":2,\"item\":{\"@type\":\"WebPage\",\"@id\":\"https:\/\/old.varela-design.com\/radiateur-design\/boutique\/\",\"url\":\"https:\/\/old.varela-design.com\/radiateur-design\/boutique\/\",\"name\":\"Nos produits\"}},{\"@type\":\"ListItem\",\"position\":3,\"item\":{\"@type\":\"WebPage\",\"@id\":\"https:\/\/old.varela-design.com\/radiateur-design\/produit\/radiateur-design-vd-4642-varela-design\/\",\"url\":\"https:\/\/old.varela-design.com\/radiateur-design\/produit\/radiateur-design-vd-4642-varela-design\/\",\"name\":\"Radiateur design VD 4642 \\u2013 varela design\"}}]}]}<\/script>\n<!-- \/ Yoast SEO plugin. -->","_links":{"self":[{"href":"https:\/\/old.varela-design.com\/radiateur-design\/wp-json\/wp\/v2\/product\/11764"}],"collection":[{"href":"https:\/\/old.varela-design.com\/radiateur-design\/wp-json\/wp\/v2\/product"}],"about":[{"href":"https:\/\/old.varela-design.com\/radiateur-design\/wp-json\/wp\/v2\/types\/product"}],"replies":[{"embeddable":true,"href":"https:\/\/old.varela-design.com\/radiateur-design\/wp-json\/wp\/v2\/comments?post=11764"}],"wp:featuredmedia":[{"embeddable":true,"href":"https:\/\/old.varela-design.com\/radiateur-design\/wp-json\/wp\/v2\/media\/10723"}],"wp:attachment":[{"href":"https:\/\/old.varela-design.com\/radiateur-design\/wp-json\/wp\/v2\/media?parent=11764"}],"curies":[{"name":"wp","href":"https:\/\/api.w.org\/{rel}","templated":true}]}}