{"id":11766,"date":"2018-07-24T10:35:18","date_gmt":"2018-07-24T08:35:18","guid":{"rendered":"http:\/\/varela-design.com\/radiateur-design\/product\/radiateur-design-vd-4613-varela-design\/"},"modified":"2020-03-09T16:11:51","modified_gmt":"2020-03-09T14:11:51","slug":"radiateur-design-vd-4613-varela-design","status":"publish","type":"product","link":"https:\/\/old.varela-design.com\/radiateur-design\/produit\/radiateur-design-vd-4613-varela-design\/","title":{"rendered":"Radiateur design VD 4613 \u2013 varela design fabriqu\u00e9 en France &#x1f1eb;&#x1f1f7;"},"content":{"rendered":"<div style=\"display: none;\"\n    class=\"kk-star-ratings kksr-valign-top kksr-align-left kksr-disabled\"\n    data-id=\"11766\"\n    data-slug=\"\">\n    <div class=\"kksr-stars\">\n    <div class=\"kksr-stars-inactive\">\n            <div class=\"kksr-star\" data-star=\"1\">\n            <div class=\"kksr-icon\" style=\"width: px; height: px;\"><\/div>\n        <\/div>\n            <div class=\"kksr-star\" data-star=\"2\">\n            <div class=\"kksr-icon\" style=\"width: px; height: px;\"><\/div>\n        <\/div>\n            <div class=\"kksr-star\" data-star=\"3\">\n            <div class=\"kksr-icon\" style=\"width: px; height: px;\"><\/div>\n        <\/div>\n            <div class=\"kksr-star\" data-star=\"4\">\n            <div class=\"kksr-icon\" style=\"width: px; height: px;\"><\/div>\n        <\/div>\n            <div class=\"kksr-star\" data-star=\"5\">\n            <div class=\"kksr-icon\" style=\"width: px; height: px;\"><\/div>\n        <\/div>\n    <\/div>\n    <div class=\"kksr-stars-active\" style=\"width: 0px;\">\n            <div class=\"kksr-star\">\n            <div class=\"kksr-icon\" style=\"width: px; height: px;\"><\/div>\n        <\/div>\n            <div class=\"kksr-star\">\n            <div class=\"kksr-icon\" style=\"width: px; height: px;\"><\/div>\n        <\/div>\n            <div class=\"kksr-star\">\n            <div class=\"kksr-icon\" style=\"width: px; height: px;\"><\/div>\n        <\/div>\n            <div class=\"kksr-star\">\n            <div class=\"kksr-icon\" style=\"width: px; height: px;\"><\/div>\n        <\/div>\n            <div class=\"kksr-star\">\n            <div class=\"kksr-icon\" style=\"width: px; height: px;\"><\/div>\n        <\/div>\n    <\/div>\n<\/div>\n    <div class=\"kksr-legend\">\n            <strong class=\"kksr-score\">3.6<\/strong>\n        <span class=\"kksr-muted\">\/<\/span>\n        <strong>5<\/strong>\n        <span class=\"kksr-muted\">(<\/span>\n        <strong class=\"kksr-count\">18<\/strong>\n        <span class=\"kksr-muted\">\n            votes        <\/span>\n        <span class=\"kksr-muted\">)<\/span>\n    <\/div>\n<\/div>\n<h2>Radiateur design \u00e0 ailette h\u00e9lico\u00efdale vertical<\/h2>\n<p>Le radiateur design VD 4613 est disponible en diff\u00e9rents coloris, existe en\u00a0<a href=\"http:\/\/varela-design.com\/radiateur-design\/radiateur-design-chauffage-central-puissances\/\">chauffage central <\/a>et <a href=\"http:\/\/varela-design.com\/radiateur-design\/radiateur-design-electrique-puissances\/\">\u00e9lectrique<\/a> ,\u00a0et en plusieurs puissances.<br \/>\nRadiateur design au type industriel \u00e0 ailette h\u00e9lico\u00efdale. La version\u00a0radiateur coud\u00e9 ailette VD 4613 fait 156\u00a0mm de diam\u00e8tre. Ce radiateur design saura trouver sa place dans toutes les pi\u00e8ces de la maison (salon, cuisine, v\u00e9randa\u2026)<br \/>\n<a href=\"http:\/\/varela-design.com\/radiateur-design\/wp-content\/uploads\/2017\/01\/VD-4613-tech-CC.pdf\" class=\"cs_button cs_button_medium cs_button_red\" target=\"_blank\" >fiche technique<\/a>\n<p><a class=\"wp-colorbox-iframe cboxElement\" style=\"text-shadow: none!important; padding: 13px 24px!important; border-color: rgba(0, 0, 0, 0.64); background: #dd3333; font-size: 14px!important; box-shadow: none; color: #ffffff; border-radius: 5px;\" href=\"http:\/\/varela-design.com\/radiateur-design\/wp-content\/uploads\/scan\/4613.html\">voir en r\u00e9alit\u00e9 augment\u00e9e<\/a><\/p>\n<p><a class=\"wp-colorbox-iframe cboxElement\" style=\"text-shadow: none!important; padding: 13px 24px!important; border-color: rgba(0, 0, 0, 0.64); background: #dd3333; font-size: 14px!important; box-shadow: none; color: #ffffff; border-radius: 5px;\" href=\"https:\/\/sketchfab.com\/models\/7ccaf17e62a64576a2875cf3c348620d\/embed\">voir la 3D<\/a><\/p>\n<h2>Tous nos radiateurs design \u00e9lectrique sont \u00e9quiper des r\u00e9sistances PTC doublement \u00e9conomique<\/h2>\n<p><img loading=\"lazy\" class=\"alignleft\" src=\"http:\/\/varela-design.com\/radiateur-design\/wp-content\/uploads\/2018\/01\/R%C3%A9sistance-PTC-notice-explicative-725x1024.jpg\" width=\"492\" height=\"695\" \/><iframe class=\"wp-embedded-content\" title=\"\u00ab\u00a0R\u00e9sistance \u00e9lectrique PTC VA 205\u00a0\u00bb \u2014 varela design\" src=\"http:\/\/varela-design.com\/radiateur-design\/produit\/resistance-electrique-va-205\/embed\/#?secret=MrDj652MrU\" width=\"600\" height=\"702\" frameborder=\"0\" marginwidth=\"0\" marginheight=\"0\" scrolling=\"no\" sandbox=\"allow-scripts\" data-secret=\"MrDj652MrU\"><span data-mce-type=\"bookmark\" style=\"display: inline-block; width: 0px; overflow: hidden; line-height: 0;\" class=\"mce_SELRES_start\">\ufeff<\/span><\/iframe><\/p>\n<div class=\"pdfprnt-buttons pdfprnt-buttons-product pdfprnt-bottom-right\"><a href=\"https:\/\/old.varela-design.com\/radiateur-design\/wp-json\/wp\/v2\/product\/11766?print=pdf\" class=\"pdfprnt-button pdfprnt-button-pdf\" target=\"_blank\"><img src=\"https:\/\/varela-design.com\/radiateur-design\/wp-content\/plugins\/pdf-print\/images\/pdf.png\" alt=\"image_pdf\" title=\"View PDF\" \/><span class=\"pdfprnt-button-title pdfprnt-button-pdf-title\">t\u00e9l\u00e9chargez cette page en pdf<\/span><\/a><a href=\"https:\/\/old.varela-design.com\/radiateur-design\/wp-json\/wp\/v2\/product\/11766?print=print\" class=\"pdfprnt-button pdfprnt-button-print\" target=\"_blank\"><img src=\"https:\/\/varela-design.com\/radiateur-design\/wp-content\/plugins\/pdf-print\/images\/print.png\" alt=\"image_print\" title=\"Print Content\" \/><span class=\"pdfprnt-button-title pdfprnt-button-print-title\">imprimez cette page<\/span><\/a><\/div>","protected":false},"excerpt":{"rendered":"<blockquote><p><strong>Seul radiateur design \u00e0 ailette 100% fabriqu\u00e9 en France<\/strong><\/p><\/blockquote>\n<p><a href=\"http:\/\/varela-design.com\/radiateur-design\/wp-content\/uploads\/2017\/01\/4613-1.jpg\"><img loading=\"lazy\" class=\"alignnone wp-image-10897 \" src=\"http:\/\/varela-design.com\/radiateur-design\/wp-content\/uploads\/2017\/01\/4613-1.jpg\" alt=\"4613\" width=\"4\" height=\"6\" srcset=\"https:\/\/old.varela-design.com\/radiateur-design\/wp-content\/uploads\/2017\/01\/4613-1.jpg 681w, https:\/\/old.varela-design.com\/radiateur-design\/wp-content\/uploads\/2017\/01\/4613-1-200x300.jpg 200w\" sizes=\"(max-width: 4px) 100vw, 4px\" \/><\/a>Le radiateur design VD 4613 est disponible en diff\u00e9rents coloris, existe en\u00a0<a href=\"http:\/\/varela-design.com\/radiateur-design\/radiateur-design-chauffage-central-puissances\/\">chauffage central<\/a> et <a href=\"http:\/\/varela-design.com\/radiateur-design\/radiateur-design-electrique-puissances\/\">\u00e9lectrique<\/a>,\u00a0et en plusieurs puissances.<br \/>\nRadiateur design au type industriel \u00e0 ailette h\u00e9lico\u00efdale. La version\u00a0radiateur coud\u00e9 ailette VD 4613 fait 156\u00a0mm de diam\u00e8tre. Ce radiateur design saura trouver sa place dans toutes les pi\u00e8ces de la maison (salon, cuisine, v\u00e9randa\u2026)<\/p>\n<p>! &#8211; Le vernis mat est un traitement de protection et pas un traitement de couleur. Ne pas le laisser dans des espaces humides &#8211; !<br \/>\n<a href=\"#tab-description\" class=\"cs_button cs_button_small cs_button_red\">voir description compl\u00e8te<\/a><\/p>\n<div class=\"su-members xoo-el-login-tgr\" style=\"background-color:#ffbfc3;border-color:#c40c10;color:#5e0000\">Les tarifs HT publics sont destin\u00e9s uniquement aux utilisateurs enregistr\u00e9s. Veuillez-vous connecter en cliquant <a href=\"#\">ici<\/a> .<\/div>\n","protected":false},"featured_media":17609,"comment_status":"closed","ping_status":"closed","template":"","meta":[],"yoast_head":"<!-- This site is optimized with the Yoast SEO plugin v16.0.2 - https:\/\/yoast.com\/wordpress\/plugins\/seo\/ -->\n<title>Radiateur design VD 4613 \u2013 varela design fabriqu\u00e9 en France &#x1f1eb;&#x1f1f7; - varela design<\/title>\n<meta property=\"og:locale\" content=\"fr_FR\" \/>\n<meta property=\"og:type\" content=\"article\" \/>\n<meta property=\"og:title\" content=\"Radiateur design VD 4613 \u2013 varela design fabriqu\u00e9 en France &#x1f1eb;&#x1f1f7; - varela design\" \/>\n<meta property=\"og:description\" content=\"Seul radiateur design \u00e0 ailette 100% fabriqu\u00e9 en France Le radiateur design VD 4613 est disponible en diff\u00e9rents coloris, existe en\u00a0chauffage central et \u00e9lectrique,\u00a0et en plusieurs puissances. Radiateur design au type industriel \u00e0 ailette h\u00e9lico\u00efdale. La version\u00a0radiateur coud\u00e9 ailette VD 4613 fait 156\u00a0mm de diam\u00e8tre. Ce radiateur design saura trouver sa place dans toutes les pi\u00e8ces de la maison (salon, cuisine, v\u00e9randa\u2026)  ! - Le vernis mat est un traitement de protection et pas un traitement de couleur. Ne pas le laisser dans des espaces humides - !\" \/>\n<meta property=\"og:url\" content=\"https:\/\/old.varela-design.com\/radiateur-design\/produit\/radiateur-design-vd-4613-varela-design\/\" \/>\n<meta property=\"og:site_name\" content=\"varela design\" \/>\n<meta property=\"article:publisher\" content=\"https:\/\/www.facebook.com\/VarelaDesignRadiateur\" \/>\n<meta property=\"article:modified_time\" content=\"2020-03-09T14:11:51+00:00\" \/>\n<meta property=\"og:image\" content=\"https:\/\/old.varela-design.com\/radiateur-design\/wp-content\/uploads\/2018\/07\/4613-1.jpg\" \/>\n\t<meta property=\"og:image:width\" content=\"1200\" \/>\n\t<meta property=\"og:image:height\" content=\"1303\" \/>\n<meta name=\"twitter:card\" content=\"summary_large_image\" \/>\n<meta name=\"twitter:site\" content=\"@varela_design\" \/>\n<meta name=\"twitter:label1\" content=\"Dur\u00e9e de lecture est.\">\n\t<meta name=\"twitter:data1\" content=\"1 minute\">\n<script type=\"application\/ld+json\" class=\"yoast-schema-graph\">{\"@context\":\"https:\/\/schema.org\",\"@graph\":[{\"@type\":\"WebSite\",\"@id\":\"https:\/\/old.varela-design.com\/radiateur-design\/#website\",\"url\":\"https:\/\/old.varela-design.com\/radiateur-design\/\",\"name\":\"varela design\",\"description\":\"Radiateur design et s\\u00e8che serviette design\",\"potentialAction\":[{\"@type\":\"SearchAction\",\"target\":\"https:\/\/old.varela-design.com\/radiateur-design\/?s={search_term_string}\",\"query-input\":\"required name=search_term_string\"}],\"inLanguage\":\"fr-FR\"},{\"@type\":\"ImageObject\",\"@id\":\"https:\/\/old.varela-design.com\/radiateur-design\/produit\/radiateur-design-vd-4613-varela-design\/#primaryimage\",\"inLanguage\":\"fr-FR\",\"url\":\"https:\/\/old.varela-design.com\/radiateur-design\/wp-content\/uploads\/2018\/07\/4613-1.jpg\",\"width\":1200,\"height\":1303},{\"@type\":\"WebPage\",\"@id\":\"https:\/\/old.varela-design.com\/radiateur-design\/produit\/radiateur-design-vd-4613-varela-design\/#webpage\",\"url\":\"https:\/\/old.varela-design.com\/radiateur-design\/produit\/radiateur-design-vd-4613-varela-design\/\",\"name\":\"Radiateur design VD 4613 \\u2013 varela design fabriqu\\u00e9 en France &#x1f1eb;&#x1f1f7; - varela design\",\"isPartOf\":{\"@id\":\"https:\/\/old.varela-design.com\/radiateur-design\/#website\"},\"primaryImageOfPage\":{\"@id\":\"https:\/\/old.varela-design.com\/radiateur-design\/produit\/radiateur-design-vd-4613-varela-design\/#primaryimage\"},\"datePublished\":\"2018-07-24T08:35:18+00:00\",\"dateModified\":\"2020-03-09T14:11:51+00:00\",\"breadcrumb\":{\"@id\":\"https:\/\/old.varela-design.com\/radiateur-design\/produit\/radiateur-design-vd-4613-varela-design\/#breadcrumb\"},\"inLanguage\":\"fr-FR\",\"potentialAction\":[{\"@type\":\"ReadAction\",\"target\":[\"https:\/\/old.varela-design.com\/radiateur-design\/produit\/radiateur-design-vd-4613-varela-design\/\"]}]},{\"@type\":\"BreadcrumbList\",\"@id\":\"https:\/\/old.varela-design.com\/radiateur-design\/produit\/radiateur-design-vd-4613-varela-design\/#breadcrumb\",\"itemListElement\":[{\"@type\":\"ListItem\",\"position\":1,\"item\":{\"@type\":\"WebPage\",\"@id\":\"https:\/\/old.varela-design.com\/radiateur-design\/\",\"url\":\"https:\/\/old.varela-design.com\/radiateur-design\/\",\"name\":\"Home\"}},{\"@type\":\"ListItem\",\"position\":2,\"item\":{\"@type\":\"WebPage\",\"@id\":\"https:\/\/old.varela-design.com\/radiateur-design\/boutique\/\",\"url\":\"https:\/\/old.varela-design.com\/radiateur-design\/boutique\/\",\"name\":\"Nos produits\"}},{\"@type\":\"ListItem\",\"position\":3,\"item\":{\"@type\":\"WebPage\",\"@id\":\"https:\/\/old.varela-design.com\/radiateur-design\/produit\/radiateur-design-vd-4613-varela-design\/\",\"url\":\"https:\/\/old.varela-design.com\/radiateur-design\/produit\/radiateur-design-vd-4613-varela-design\/\",\"name\":\"Radiateur design VD 4613 \\u2013 varela design fabriqu\\u00e9 en France &#x1f1eb;&#x1f1f7;\"}}]}]}<\/script>\n<!-- \/ Yoast SEO plugin. -->","_links":{"self":[{"href":"https:\/\/old.varela-design.com\/radiateur-design\/wp-json\/wp\/v2\/product\/11766"}],"collection":[{"href":"https:\/\/old.varela-design.com\/radiateur-design\/wp-json\/wp\/v2\/product"}],"about":[{"href":"https:\/\/old.varela-design.com\/radiateur-design\/wp-json\/wp\/v2\/types\/product"}],"replies":[{"embeddable":true,"href":"https:\/\/old.varela-design.com\/radiateur-design\/wp-json\/wp\/v2\/comments?post=11766"}],"wp:featuredmedia":[{"embeddable":true,"href":"https:\/\/old.varela-design.com\/radiateur-design\/wp-json\/wp\/v2\/media\/17609"}],"wp:attachment":[{"href":"https:\/\/old.varela-design.com\/radiateur-design\/wp-json\/wp\/v2\/media?parent=11766"}],"curies":[{"name":"wp","href":"https:\/\/api.w.org\/{rel}","templated":true}]}}