{"id":11768,"date":"2017-12-16T10:46:53","date_gmt":"2017-12-16T08:46:53","guid":{"rendered":"http:\/\/varela-design.com\/radiateur-design\/product\/seche-serviette-totem-design-vd-4617\/"},"modified":"2020-03-05T12:55:35","modified_gmt":"2020-03-05T10:55:35","slug":"seche-serviette-totem-design-vd-4617","status":"publish","type":"product","link":"https:\/\/old.varela-design.com\/radiateur-design\/produit\/seche-serviette-totem-design-vd-4617\/","title":{"rendered":"S\u00e8che serviette totem design VD 4617 &#8211; varela design fabriqu\u00e9 en France &#x1f1eb;&#x1f1f7;"},"content":{"rendered":"<div style=\"display: none;\"\n    class=\"kk-star-ratings kksr-valign-top kksr-align-left kksr-disabled\"\n    data-id=\"11768\"\n    data-slug=\"\">\n    <div class=\"kksr-stars\">\n    <div class=\"kksr-stars-inactive\">\n            <div class=\"kksr-star\" data-star=\"1\">\n            <div class=\"kksr-icon\" style=\"width: px; height: px;\"><\/div>\n        <\/div>\n            <div class=\"kksr-star\" data-star=\"2\">\n            <div class=\"kksr-icon\" style=\"width: px; height: px;\"><\/div>\n        <\/div>\n            <div class=\"kksr-star\" data-star=\"3\">\n            <div class=\"kksr-icon\" style=\"width: px; height: px;\"><\/div>\n        <\/div>\n            <div class=\"kksr-star\" data-star=\"4\">\n            <div class=\"kksr-icon\" style=\"width: px; height: px;\"><\/div>\n        <\/div>\n            <div class=\"kksr-star\" data-star=\"5\">\n            <div class=\"kksr-icon\" style=\"width: px; height: px;\"><\/div>\n        <\/div>\n    <\/div>\n    <div class=\"kksr-stars-active\" style=\"width: 0px;\">\n            <div class=\"kksr-star\">\n            <div class=\"kksr-icon\" style=\"width: px; height: px;\"><\/div>\n        <\/div>\n            <div class=\"kksr-star\">\n            <div class=\"kksr-icon\" style=\"width: px; height: px;\"><\/div>\n        <\/div>\n            <div class=\"kksr-star\">\n            <div class=\"kksr-icon\" style=\"width: px; height: px;\"><\/div>\n        <\/div>\n            <div class=\"kksr-star\">\n            <div class=\"kksr-icon\" style=\"width: px; height: px;\"><\/div>\n        <\/div>\n            <div class=\"kksr-star\">\n            <div class=\"kksr-icon\" style=\"width: px; height: px;\"><\/div>\n        <\/div>\n    <\/div>\n<\/div>\n    <div class=\"kksr-legend\">\n            <span class=\"kksr-muted\"><\/span>\n    <\/div>\n<\/div>\n<p><a  href=\"http:\/\/varela-design.com\/radiateur-design\/wp-content\/uploads\/2017\/02\/4617-1.jpg\" data-rel=\"lightbox-gallery-0\" data-rl_title=\"\" data-rl_caption=\"\" title=\"\"><img loading=\"lazy\" class=\"alignnone wp-image-10900\" src=\"http:\/\/varela-design.com\/radiateur-design\/wp-content\/uploads\/2017\/02\/4617-1.jpg\" alt=\"4617\" width=\"3\" height=\"5\" srcset=\"https:\/\/old.varela-design.com\/radiateur-design\/wp-content\/uploads\/2017\/02\/4617-1.jpg 681w, https:\/\/old.varela-design.com\/radiateur-design\/wp-content\/uploads\/2017\/02\/4617-1-200x300.jpg 200w\" sizes=\"(max-width: 3px) 100vw, 3px\" \/><\/a>Le mod\u00e8le design VD 4617 est un s\u00e8che-serviettes\u00a0design \u00e0 ailette h\u00e9lico\u00efdale de style industriel. C\u2019est un s\u00e8che-serviettes design vertical\u00a0qui\u00a0est disponible en diff\u00e9rents coloris. C\u2019est un\u00a0s\u00e8che-serviettes\u00a0design\u00a0<a href=\"http:\/\/varela-design.com\/radiateur-design\/radiateur-design-electrique-puissances\/\">electrique<\/a>, existant\u00a0en plusieurs puissances.<\/p>\n<p>Ce mod\u00e8le Totem, disponible dans diff\u00e9rentes tailles standardis\u00e9es et sur mesure, trouvera sans nul doute son emplacement dans votre salle de bain. En mod\u00e8le unique ou avec plusieurs tailles c\u00f4te \u00e0 c\u00f4te, vous appr\u00e9cierez cette s\u00e9paration sans fixation murale. Ce s\u00e8che-serviettes est fix\u00e9 sur un socle chrom\u00e9 au sol qui lui donne une belle \u00e9l\u00e9gance. Il est disponible soit en tant que<a href=\"http:\/\/varela-design.com\/radiateur-design\/?p=10845\"> radiateur<\/a>, soit en tant que s\u00e8che-serviettes.<\/p>\n<a href=\"http:\/\/varela-design.com\/radiateur-design\/wp-content\/uploads\/2017\/02\/VD-4617-tech-E.pdf\" class=\"cs_button cs_button_medium cs_button_red\" target=\"_blank\" >fiche technique<\/a>\n<p><a class=\"wp-colorbox-iframe cboxElement\" style=\"text-shadow: none!important; padding: 13px 24px!important; border-color: rgba(0, 0, 0, 0.64); background: #dd3333; font-size: 14px!important; box-shadow: none; color: #ffffff; border-radius: 5px;\" href=\"https:\/\/sketchfab.com\/models\/5f3be1e6fec54e59b067d54d8fa0148e\/embed\">voir la 3D<\/a><\/p>\n<p><a class=\"wp-colorbox-iframe cboxElement\" style=\"text-shadow: none!important; padding: 13px 24px!important; border-color: rgba(0, 0, 0, 0.64); background: #dd3333; font-size: 14px!important; box-shadow: none; color: #ffffff; border-radius: 5px;\" href=\"https:\/\/www.youtube.com\/embed\/SmWmQVsrVZI\" data-rel=\"lightbox-video-0\">Nos coloris<\/a><\/p>\n<h2>Tous nos radiateurs design \u00e9lectrique sont \u00e9quiper des r\u00e9sistances PTC doublement \u00e9conomique<\/h2>\n<p><img loading=\"lazy\" class=\"alignleft\" src=\"http:\/\/varela-design.com\/radiateur-design\/wp-content\/uploads\/2018\/01\/R%C3%A9sistance-PTC-notice-explicative-725x1024.jpg\" width=\"492\" height=\"695\" \/><iframe class=\"wp-embedded-content\" title=\"\u00ab\u00a0R\u00e9sistance \u00e9lectrique PTC VA 205\u00a0\u00bb \u2014 varela design\" src=\"http:\/\/varela-design.com\/radiateur-design\/produit\/resistance-electrique-va-205\/embed\/#?secret=MrDj652MrU\" width=\"600\" height=\"702\" frameborder=\"0\" marginwidth=\"0\" marginheight=\"0\" scrolling=\"no\" sandbox=\"allow-scripts\" data-secret=\"MrDj652MrU\"><span data-mce-type=\"bookmark\" style=\"display: inline-block; width: 0px; overflow: hidden; line-height: 0;\" class=\"mce_SELRES_start\">\ufeff<\/span><\/iframe><br \/>\n&nbsp;<\/p>\n<div class=\"pdfprnt-buttons pdfprnt-buttons-product pdfprnt-bottom-right\"><a href=\"https:\/\/old.varela-design.com\/radiateur-design\/wp-json\/wp\/v2\/product\/11768?print=pdf\" class=\"pdfprnt-button pdfprnt-button-pdf\" target=\"_blank\"><img src=\"https:\/\/varela-design.com\/radiateur-design\/wp-content\/plugins\/pdf-print\/images\/pdf.png\" alt=\"image_pdf\" title=\"View PDF\" \/><span class=\"pdfprnt-button-title pdfprnt-button-pdf-title\">t\u00e9l\u00e9chargez cette page en pdf<\/span><\/a><a href=\"https:\/\/old.varela-design.com\/radiateur-design\/wp-json\/wp\/v2\/product\/11768?print=print\" class=\"pdfprnt-button pdfprnt-button-print\" target=\"_blank\"><img src=\"https:\/\/varela-design.com\/radiateur-design\/wp-content\/plugins\/pdf-print\/images\/print.png\" alt=\"image_print\" title=\"Print Content\" \/><span class=\"pdfprnt-button-title pdfprnt-button-print-title\">imprimez cette page<\/span><\/a><\/div>","protected":false},"excerpt":{"rendered":"<blockquote><p><strong>Seul radiateur design \u00e0 ailette 100% fabriqu\u00e9 en France<\/strong><\/p><\/blockquote>\n<p><a href=\"http:\/\/varela-design.com\/radiateur-design\/wp-content\/uploads\/2017\/02\/4617-1.jpg\"><img loading=\"lazy\" class=\"alignnone wp-image-10900\" src=\"http:\/\/varela-design.com\/radiateur-design\/wp-content\/uploads\/2017\/02\/4617-1.jpg\" alt=\"4617\" width=\"3\" height=\"5\" srcset=\"https:\/\/old.varela-design.com\/radiateur-design\/wp-content\/uploads\/2017\/02\/4617-1.jpg 681w, https:\/\/old.varela-design.com\/radiateur-design\/wp-content\/uploads\/2017\/02\/4617-1-200x300.jpg 200w\" sizes=\"(max-width: 3px) 100vw, 3px\" \/><\/a>Le mod\u00e8le design VD 4617 est un s\u00e8che-serviettes\u00a0design \u00e0 ailette h\u00e9lico\u00efdale de style industriel. C\u2019est un s\u00e8che-serviettes design vertical\u00a0qui\u00a0est disponible en diff\u00e9rents coloris. C\u2019est un\u00a0s\u00e8che-serviettes\u00a0design\u00a0<a href=\"http:\/\/varela-design.com\/radiateur-design\/radiateur-design-electrique-puissances\/\">electrique<\/a>, existant\u00a0en plusieurs puissances.<\/p>\n<p>Ce mod\u00e8le Totem, disponible dans diff\u00e9rentes tailles standardis\u00e9es et sur mesure, trouvera sans nul doute son emplacement dans votre salle de bain. En mod\u00e8le unique ou avec plusieurs tailles c\u00f4te \u00e0 c\u00f4te, vous appr\u00e9cierez cette s\u00e9paration sans fixation murale. Ce s\u00e8che-serviettes est fix\u00e9 sur un socle chrom\u00e9 au sol qui lui donne une belle \u00e9l\u00e9gance. Il est disponible soit en tant que<a href=\"http:\/\/varela-design.com\/radiateur-design\/?p=10845\"> radiateur<\/a>, soit en tant que s\u00e8che-serviettes.<br \/>\n! &#8211; Le vernis mat est un traitement de protection et pas un traitement de couleur. Ne pas le laisser dans des espaces humides &#8211; !<\/p>\n<a href=\"#tab-description\" class=\"cs_button cs_button_small cs_button_red\">voir description compl\u00e8te<\/a>\n<div class=\"su-members xoo-el-login-tgr\" style=\"background-color:#ffbfc3;border-color:#c40c10;color:#5e0000\">Les tarifs HT publics sont destin\u00e9s uniquement aux utilisateurs enregistr\u00e9s. Veuillez-vous connecter en cliquant <a href=\"#\">ici<\/a> .<\/div>\n","protected":false},"featured_media":10853,"comment_status":"open","ping_status":"closed","template":"","meta":[],"yoast_head":"<!-- This site is optimized with the Yoast SEO plugin v16.0.2 - https:\/\/yoast.com\/wordpress\/plugins\/seo\/ -->\n<title>S\u00e8che serviette totem design VD 4617 - varela design fabriqu\u00e9 en France &#x1f1eb;&#x1f1f7; - varela design<\/title>\n<meta property=\"og:locale\" content=\"fr_FR\" \/>\n<meta property=\"og:type\" content=\"article\" \/>\n<meta property=\"og:title\" content=\"S\u00e8che serviette totem design VD 4617 - varela design fabriqu\u00e9 en France &#x1f1eb;&#x1f1f7; - varela design\" \/>\n<meta property=\"og:description\" content=\"Seul radiateur design \u00e0 ailette 100% fabriqu\u00e9 en France Le mod\u00e8le design VD 4617 est un s\u00e8che-serviettes\u00a0design \u00e0 ailette h\u00e9lico\u00efdale de style industriel. C\u2019est un s\u00e8che-serviettes design vertical\u00a0qui\u00a0est disponible en diff\u00e9rents coloris. C\u2019est un\u00a0s\u00e8che-serviettes\u00a0design\u00a0electrique, existant\u00a0en plusieurs puissances.  Ce mod\u00e8le Totem, disponible dans diff\u00e9rentes tailles standardis\u00e9es et sur mesure, trouvera sans nul doute son emplacement dans votre salle de bain. En mod\u00e8le unique ou avec plusieurs tailles c\u00f4te \u00e0 c\u00f4te, vous appr\u00e9cierez cette s\u00e9paration sans fixation murale. Ce s\u00e8che-serviettes est fix\u00e9 sur un socle chrom\u00e9 au sol qui lui donne une belle \u00e9l\u00e9gance. Il est disponible soit en tant que radiateur, soit en tant que s\u00e8che-serviettes. ! - Le vernis mat est un traitement de protection et pas un traitement de couleur. Ne pas le laisser dans des espaces humides - !\" \/>\n<meta property=\"og:url\" content=\"https:\/\/old.varela-design.com\/radiateur-design\/produit\/seche-serviette-totem-design-vd-4617\/\" \/>\n<meta property=\"og:site_name\" content=\"varela design\" \/>\n<meta property=\"article:publisher\" content=\"https:\/\/www.facebook.com\/VarelaDesignRadiateur\" \/>\n<meta property=\"article:modified_time\" content=\"2020-03-05T10:55:35+00:00\" \/>\n<meta property=\"og:image\" content=\"https:\/\/old.varela-design.com\/radiateur-design\/wp-content\/uploads\/2017\/02\/4617rouge-681x1024.png\" \/>\n\t<meta property=\"og:image:width\" content=\"681\" \/>\n\t<meta property=\"og:image:height\" content=\"1024\" \/>\n<meta name=\"twitter:card\" content=\"summary_large_image\" \/>\n<meta name=\"twitter:site\" content=\"@varela_design\" \/>\n<meta name=\"twitter:label1\" content=\"Dur\u00e9e de lecture est.\">\n\t<meta name=\"twitter:data1\" content=\"1 minute\">\n<script type=\"application\/ld+json\" class=\"yoast-schema-graph\">{\"@context\":\"https:\/\/schema.org\",\"@graph\":[{\"@type\":\"WebSite\",\"@id\":\"https:\/\/old.varela-design.com\/radiateur-design\/#website\",\"url\":\"https:\/\/old.varela-design.com\/radiateur-design\/\",\"name\":\"varela design\",\"description\":\"Radiateur design et s\\u00e8che serviette design\",\"potentialAction\":[{\"@type\":\"SearchAction\",\"target\":\"https:\/\/old.varela-design.com\/radiateur-design\/?s={search_term_string}\",\"query-input\":\"required name=search_term_string\"}],\"inLanguage\":\"fr-FR\"},{\"@type\":\"ImageObject\",\"@id\":\"https:\/\/old.varela-design.com\/radiateur-design\/produit\/seche-serviette-totem-design-vd-4617\/#primaryimage\",\"inLanguage\":\"fr-FR\",\"url\":\"https:\/\/old.varela-design.com\/radiateur-design\/wp-content\/uploads\/2017\/02\/4617rouge.png\",\"width\":1861,\"height\":2800},{\"@type\":\"WebPage\",\"@id\":\"https:\/\/old.varela-design.com\/radiateur-design\/produit\/seche-serviette-totem-design-vd-4617\/#webpage\",\"url\":\"https:\/\/old.varela-design.com\/radiateur-design\/produit\/seche-serviette-totem-design-vd-4617\/\",\"name\":\"S\\u00e8che serviette totem design VD 4617 - varela design fabriqu\\u00e9 en France &#x1f1eb;&#x1f1f7; - varela design\",\"isPartOf\":{\"@id\":\"https:\/\/old.varela-design.com\/radiateur-design\/#website\"},\"primaryImageOfPage\":{\"@id\":\"https:\/\/old.varela-design.com\/radiateur-design\/produit\/seche-serviette-totem-design-vd-4617\/#primaryimage\"},\"datePublished\":\"2017-12-16T08:46:53+00:00\",\"dateModified\":\"2020-03-05T10:55:35+00:00\",\"breadcrumb\":{\"@id\":\"https:\/\/old.varela-design.com\/radiateur-design\/produit\/seche-serviette-totem-design-vd-4617\/#breadcrumb\"},\"inLanguage\":\"fr-FR\",\"potentialAction\":[{\"@type\":\"ReadAction\",\"target\":[\"https:\/\/old.varela-design.com\/radiateur-design\/produit\/seche-serviette-totem-design-vd-4617\/\"]}]},{\"@type\":\"BreadcrumbList\",\"@id\":\"https:\/\/old.varela-design.com\/radiateur-design\/produit\/seche-serviette-totem-design-vd-4617\/#breadcrumb\",\"itemListElement\":[{\"@type\":\"ListItem\",\"position\":1,\"item\":{\"@type\":\"WebPage\",\"@id\":\"https:\/\/old.varela-design.com\/radiateur-design\/\",\"url\":\"https:\/\/old.varela-design.com\/radiateur-design\/\",\"name\":\"Home\"}},{\"@type\":\"ListItem\",\"position\":2,\"item\":{\"@type\":\"WebPage\",\"@id\":\"https:\/\/old.varela-design.com\/radiateur-design\/boutique\/\",\"url\":\"https:\/\/old.varela-design.com\/radiateur-design\/boutique\/\",\"name\":\"Nos produits\"}},{\"@type\":\"ListItem\",\"position\":3,\"item\":{\"@type\":\"WebPage\",\"@id\":\"https:\/\/old.varela-design.com\/radiateur-design\/produit\/seche-serviette-totem-design-vd-4617\/\",\"url\":\"https:\/\/old.varela-design.com\/radiateur-design\/produit\/seche-serviette-totem-design-vd-4617\/\",\"name\":\"S\\u00e8che serviette totem design VD 4617 &#8211; varela design fabriqu\\u00e9 en France &#x1f1eb;&#x1f1f7;\"}}]}]}<\/script>\n<!-- \/ Yoast SEO plugin. -->","_links":{"self":[{"href":"https:\/\/old.varela-design.com\/radiateur-design\/wp-json\/wp\/v2\/product\/11768"}],"collection":[{"href":"https:\/\/old.varela-design.com\/radiateur-design\/wp-json\/wp\/v2\/product"}],"about":[{"href":"https:\/\/old.varela-design.com\/radiateur-design\/wp-json\/wp\/v2\/types\/product"}],"replies":[{"embeddable":true,"href":"https:\/\/old.varela-design.com\/radiateur-design\/wp-json\/wp\/v2\/comments?post=11768"}],"wp:featuredmedia":[{"embeddable":true,"href":"https:\/\/old.varela-design.com\/radiateur-design\/wp-json\/wp\/v2\/media\/10853"}],"wp:attachment":[{"href":"https:\/\/old.varela-design.com\/radiateur-design\/wp-json\/wp\/v2\/media?parent=11768"}],"curies":[{"name":"wp","href":"https:\/\/api.w.org\/{rel}","templated":true}]}}