{"id":11770,"date":"2017-05-16T11:40:15","date_gmt":"2017-05-16T09:40:15","guid":{"rendered":"http:\/\/varela-design.com\/radiateur-design\/product\/radiateur-design-vd-1708-varela-design\/"},"modified":"2020-03-11T14:37:50","modified_gmt":"2020-03-11T12:37:50","slug":"radiateur-design-vd-1708-varela-design","status":"publish","type":"product","link":"https:\/\/old.varela-design.com\/radiateur-design\/produit\/radiateur-design-vd-1708-varela-design\/","title":{"rendered":"Radiateur design VD 1708 \u2013 varela design"},"content":{"rendered":"<div style=\"display: none;\"\n    class=\"kk-star-ratings kksr-valign-top kksr-align-left kksr-disabled\"\n    data-id=\"11770\"\n    data-slug=\"\">\n    <div class=\"kksr-stars\">\n    <div class=\"kksr-stars-inactive\">\n            <div class=\"kksr-star\" data-star=\"1\">\n            <div class=\"kksr-icon\" style=\"width: px; height: px;\"><\/div>\n        <\/div>\n            <div class=\"kksr-star\" data-star=\"2\">\n            <div class=\"kksr-icon\" style=\"width: px; height: px;\"><\/div>\n        <\/div>\n            <div class=\"kksr-star\" data-star=\"3\">\n            <div class=\"kksr-icon\" style=\"width: px; height: px;\"><\/div>\n        <\/div>\n            <div class=\"kksr-star\" data-star=\"4\">\n            <div class=\"kksr-icon\" style=\"width: px; height: px;\"><\/div>\n        <\/div>\n            <div class=\"kksr-star\" data-star=\"5\">\n            <div class=\"kksr-icon\" style=\"width: px; height: px;\"><\/div>\n        <\/div>\n    <\/div>\n    <div class=\"kksr-stars-active\" style=\"width: 0px;\">\n            <div class=\"kksr-star\">\n            <div class=\"kksr-icon\" style=\"width: px; height: px;\"><\/div>\n        <\/div>\n            <div class=\"kksr-star\">\n            <div class=\"kksr-icon\" style=\"width: px; height: px;\"><\/div>\n        <\/div>\n            <div class=\"kksr-star\">\n            <div class=\"kksr-icon\" style=\"width: px; height: px;\"><\/div>\n        <\/div>\n            <div class=\"kksr-star\">\n            <div class=\"kksr-icon\" style=\"width: px; height: px;\"><\/div>\n        <\/div>\n            <div class=\"kksr-star\">\n            <div class=\"kksr-icon\" style=\"width: px; height: px;\"><\/div>\n        <\/div>\n    <\/div>\n<\/div>\n    <div class=\"kksr-legend\">\n            <span class=\"kksr-muted\"><\/span>\n    <\/div>\n<\/div>\n<blockquote><p>A venir rentr\u00e9e septembre 2020<\/p><\/blockquote>\n<p><a  href=\"http:\/\/varela-design.com\/radiateur-design\/wp-content\/uploads\/2017\/03\/1708.jpg\" data-rel=\"lightbox-gallery-0\" data-rl_title=\"\" data-rl_caption=\"\" title=\"\"><img loading=\"lazy\" class=\"alignnone wp-image-11122\" src=\"http:\/\/varela-design.com\/radiateur-design\/wp-content\/uploads\/2017\/03\/1708.jpg\" alt=\"1708\" width=\"4\" height=\"5\" srcset=\"https:\/\/old.varela-design.com\/radiateur-design\/wp-content\/uploads\/2017\/03\/1708.jpg 681w, https:\/\/old.varela-design.com\/radiateur-design\/wp-content\/uploads\/2017\/03\/1708-150x150.jpg 150w, https:\/\/old.varela-design.com\/radiateur-design\/wp-content\/uploads\/2017\/03\/1708-200x300.jpg 200w, https:\/\/old.varela-design.com\/radiateur-design\/wp-content\/uploads\/2017\/03\/1708-300x300.jpg 300w, https:\/\/old.varela-design.com\/radiateur-design\/wp-content\/uploads\/2017\/03\/1708-600x600.jpg 600w, https:\/\/old.varela-design.com\/radiateur-design\/wp-content\/uploads\/2017\/03\/1708-50x50.jpg 50w\" sizes=\"(max-width: 4px) 100vw, 4px\" \/><\/a>Le radiateur design VD 1708 &#8220;<span style=\"font-family: arial, helvetica, sans-serif; font-size: 12pt;\">amoureux sous paraplui<\/span><span style=\"font-family: arial, helvetica, sans-serif; font-size: 12pt;\">e<\/span>&#8220;est un radiateur design ludique,Varela design, ne ce justifie pas, quant \u00e0 sa nouvelle s\u00e9rie ludique, puisque \u00a0varela design, ne cherche que l\u2019int\u00e9r\u00eat de ce que vous pourrez en faire , en \u00a01<sup>er<\/sup> \u00a0lieu son int\u00e9r\u00eat \u00a0est d\u2019\u00eatre un radiateur d\u00e9coratif.Ces d\u00e9cors sont vendus s\u00e9par\u00e9ment et l\u00e0 \u00a0pour le coup, vous pouvez le cr\u00e9er et \u00a0nous le dessiner<\/p>\n<p>D\u2019une profondeur de 93mm, le mod\u00e8le 1000x410mm d\u00e9veloppera 1800 Watts quand le 2000x410mm d\u00e9veloppera lui 3600 Watts ,disponible en Mod\u00e8le horizontal ou vertical (suivant d\u00e9cor) mais\u00a0\u00e9galement en largeur ou hauteur 310mm, il est disponible en diff\u00e9rents coloris(suivant nuancier RAL). Il existe en radiateur\u00a0design\u00a0<a href=\"http:\/\/varela-design.com\/radiateur-design\/radiateur-design-chauffage-central-puissances\/\">chauffage central<\/a>\u00a0et radiateur\u00a0design\u00a0<a href=\"http:\/\/varela-design.com\/radiateur-design\/radiateur-design-electrique-puissances\/\">electrique<\/a>\u00a0ainsi qu\u2019en plusieurs puissances.<br \/>\nD\u00e9cor disponible seul(voir en bas de page).<\/p>\n<a href=\"http:\/\/varela-design.com\/radiateur-design\/wp-content\/uploads\/2015\/05\/VD-4640-tech-CC.pdf\" class=\"cs_button cs_button_small cs_button_red\" target=\"_blank\" >fiche technique<\/a> <a class=\"wp-colorbox-iframe cboxElement\" style=\"text-shadow: none!important; padding: 9px 24px!important; border-color: rgba(0, 0, 0, 0.64); background: #e74c3c; font-size: 14px!important; box-shadow: none; color: #ffffff;\" href=\"https:\/\/sketchfab.com\/models\/ddefab4b57e34d69bbde19950ba0c478\/embed\">voir la 3D<\/a><\/p>\n<div class=\"pdfprnt-buttons pdfprnt-buttons-product pdfprnt-bottom-right\"><a href=\"https:\/\/old.varela-design.com\/radiateur-design\/wp-json\/wp\/v2\/product\/11770?print=pdf\" class=\"pdfprnt-button pdfprnt-button-pdf\" target=\"_blank\"><img src=\"https:\/\/varela-design.com\/radiateur-design\/wp-content\/plugins\/pdf-print\/images\/pdf.png\" alt=\"image_pdf\" title=\"View PDF\" \/><span class=\"pdfprnt-button-title pdfprnt-button-pdf-title\">t\u00e9l\u00e9chargez cette page en pdf<\/span><\/a><a href=\"https:\/\/old.varela-design.com\/radiateur-design\/wp-json\/wp\/v2\/product\/11770?print=print\" class=\"pdfprnt-button pdfprnt-button-print\" target=\"_blank\"><img src=\"https:\/\/varela-design.com\/radiateur-design\/wp-content\/plugins\/pdf-print\/images\/print.png\" alt=\"image_print\" title=\"Print Content\" \/><span class=\"pdfprnt-button-title pdfprnt-button-print-title\">imprimez cette page<\/span><\/a><\/div>","protected":false},"excerpt":{"rendered":"<blockquote><p>A venir rentr\u00e9e septembre 2020<\/p><\/blockquote>\n<p><a href=\"http:\/\/varela-design.com\/radiateur-design\/wp-content\/uploads\/2017\/03\/1708.jpg\"><img loading=\"lazy\" class=\"alignnone wp-image-11122\" src=\"http:\/\/varela-design.com\/radiateur-design\/wp-content\/uploads\/2017\/03\/1708.jpg\" alt=\"1708\" width=\"4\" height=\"5\" srcset=\"https:\/\/old.varela-design.com\/radiateur-design\/wp-content\/uploads\/2017\/03\/1708.jpg 681w, https:\/\/old.varela-design.com\/radiateur-design\/wp-content\/uploads\/2017\/03\/1708-150x150.jpg 150w, https:\/\/old.varela-design.com\/radiateur-design\/wp-content\/uploads\/2017\/03\/1708-200x300.jpg 200w, https:\/\/old.varela-design.com\/radiateur-design\/wp-content\/uploads\/2017\/03\/1708-300x300.jpg 300w, https:\/\/old.varela-design.com\/radiateur-design\/wp-content\/uploads\/2017\/03\/1708-600x600.jpg 600w, https:\/\/old.varela-design.com\/radiateur-design\/wp-content\/uploads\/2017\/03\/1708-50x50.jpg 50w\" sizes=\"(max-width: 4px) 100vw, 4px\" \/><\/a>Le radiateur design VD 1708 &#8220;<span style=\"font-family: arial, helvetica, sans-serif; font-size: 12pt;\">amoureux sous paraplui<\/span><span style=\"font-family: arial, helvetica, sans-serif; font-size: 12pt;\">e<\/span>&#8220;est un radiateur design ludique,Varela design, ne ce justifie pas, quant \u00e0 sa nouvelle s\u00e9rie ludique, puisque \u00a0varela design, ne cherche que l\u2019int\u00e9r\u00eat de ce que vous pourrez en faire , en \u00a01<sup>er<\/sup> \u00a0lieu son int\u00e9r\u00eat \u00a0est d\u2019\u00eatre un radiateur d\u00e9coratif.Ces d\u00e9cors sont vendus s\u00e9par\u00e9ment et l\u00e0 \u00a0pour le coup, vous pouvez le cr\u00e9er et \u00a0nous le dessiner<\/p>\n<p>D\u2019une profondeur de 93mm, le mod\u00e8le 1000x410mm d\u00e9veloppera 1800 Watts quand le 2000x410mm d\u00e9veloppera lui 3600 Watts ,disponible en Mod\u00e8le horizontal ou vertical (suivant d\u00e9cor) mais\u00a0\u00e9galement en largeur ou hauteur 310mm, il est disponible en diff\u00e9rents coloris(suivant nuancier RAL). Il existe en radiateur\u00a0design\u00a0<a href=\"http:\/\/varela-design.com\/radiateur-design\/radiateur-design-chauffage-central-puissances\/\">chauffage central<\/a>\u00a0et radiateur\u00a0design\u00a0<a href=\"http:\/\/varela-design.com\/radiateur-design\/radiateur-design-electrique-puissances\/\">electrique<\/a>\u00a0ainsi qu\u2019en plusieurs puissances.<br \/>\nD\u00e9cor disponible seul(voir en bas de page).<br \/>\n<a href=\"#tab-description\" class=\"cs_button cs_button_small cs_button_red\">voir description compl\u00e8te<\/a><\/p>\n","protected":false},"featured_media":10998,"comment_status":"open","ping_status":"closed","template":"","meta":[],"yoast_head":"<!-- This site is optimized with the Yoast SEO plugin v16.0.2 - https:\/\/yoast.com\/wordpress\/plugins\/seo\/ -->\n<title>Radiateur design VD 1708 \u2013 varela design - varela design<\/title>\n<meta property=\"og:locale\" content=\"fr_FR\" \/>\n<meta property=\"og:type\" content=\"article\" \/>\n<meta property=\"og:title\" content=\"Radiateur design VD 1708 \u2013 varela design - varela design\" \/>\n<meta property=\"og:description\" content=\"A venir rentr\u00e9e septembre 2020 Le radiateur design VD 1708 &quot;amoureux sous parapluie&quot;est un radiateur design ludique,Varela design, ne ce justifie pas, quant \u00e0 sa nouvelle s\u00e9rie ludique, puisque \u00a0varela design, ne cherche que l\u2019int\u00e9r\u00eat de ce que vous pourrez en faire , en \u00a01er \u00a0lieu son int\u00e9r\u00eat \u00a0est d\u2019\u00eatre un radiateur d\u00e9coratif.Ces d\u00e9cors sont vendus s\u00e9par\u00e9ment et l\u00e0 \u00a0pour le coup, vous pouvez le cr\u00e9er et \u00a0nous le dessiner  D\u2019une profondeur de 93mm, le mod\u00e8le 1000x410mm d\u00e9veloppera 1800 Watts quand le 2000x410mm d\u00e9veloppera lui 3600 Watts ,disponible en Mod\u00e8le horizontal ou vertical (suivant d\u00e9cor) mais\u00a0\u00e9galement en largeur ou hauteur 310mm, il est disponible en diff\u00e9rents coloris(suivant nuancier RAL). Il existe en radiateur\u00a0design\u00a0chauffage central\u00a0et radiateur\u00a0design\u00a0electrique\u00a0ainsi qu\u2019en plusieurs puissances. D\u00e9cor disponible seul(voir en bas de page).\" \/>\n<meta property=\"og:url\" content=\"https:\/\/old.varela-design.com\/radiateur-design\/produit\/radiateur-design-vd-1708-varela-design\/\" \/>\n<meta property=\"og:site_name\" content=\"varela design\" \/>\n<meta property=\"article:publisher\" content=\"https:\/\/www.facebook.com\/VarelaDesignRadiateur\" \/>\n<meta property=\"article:modified_time\" content=\"2020-03-11T12:37:50+00:00\" \/>\n<meta property=\"og:image\" content=\"https:\/\/old.varela-design.com\/radiateur-design\/wp-content\/uploads\/2017\/03\/VD-1708.jpg\" \/>\n\t<meta property=\"og:image:width\" content=\"681\" \/>\n\t<meta property=\"og:image:height\" content=\"1211\" \/>\n<meta name=\"twitter:card\" content=\"summary_large_image\" \/>\n<meta name=\"twitter:site\" content=\"@varela_design\" \/>\n<meta name=\"twitter:label1\" content=\"Dur\u00e9e de lecture est.\">\n\t<meta name=\"twitter:data1\" content=\"1 minute\">\n<script type=\"application\/ld+json\" class=\"yoast-schema-graph\">{\"@context\":\"https:\/\/schema.org\",\"@graph\":[{\"@type\":\"WebSite\",\"@id\":\"https:\/\/old.varela-design.com\/radiateur-design\/#website\",\"url\":\"https:\/\/old.varela-design.com\/radiateur-design\/\",\"name\":\"varela design\",\"description\":\"Radiateur design et s\\u00e8che serviette design\",\"potentialAction\":[{\"@type\":\"SearchAction\",\"target\":\"https:\/\/old.varela-design.com\/radiateur-design\/?s={search_term_string}\",\"query-input\":\"required name=search_term_string\"}],\"inLanguage\":\"fr-FR\"},{\"@type\":\"ImageObject\",\"@id\":\"https:\/\/old.varela-design.com\/radiateur-design\/produit\/radiateur-design-vd-1708-varela-design\/#primaryimage\",\"inLanguage\":\"fr-FR\",\"url\":\"https:\/\/old.varela-design.com\/radiateur-design\/wp-content\/uploads\/2017\/03\/VD-1708.jpg\",\"width\":681,\"height\":1211},{\"@type\":\"WebPage\",\"@id\":\"https:\/\/old.varela-design.com\/radiateur-design\/produit\/radiateur-design-vd-1708-varela-design\/#webpage\",\"url\":\"https:\/\/old.varela-design.com\/radiateur-design\/produit\/radiateur-design-vd-1708-varela-design\/\",\"name\":\"Radiateur design VD 1708 \\u2013 varela design - varela design\",\"isPartOf\":{\"@id\":\"https:\/\/old.varela-design.com\/radiateur-design\/#website\"},\"primaryImageOfPage\":{\"@id\":\"https:\/\/old.varela-design.com\/radiateur-design\/produit\/radiateur-design-vd-1708-varela-design\/#primaryimage\"},\"datePublished\":\"2017-05-16T09:40:15+00:00\",\"dateModified\":\"2020-03-11T12:37:50+00:00\",\"breadcrumb\":{\"@id\":\"https:\/\/old.varela-design.com\/radiateur-design\/produit\/radiateur-design-vd-1708-varela-design\/#breadcrumb\"},\"inLanguage\":\"fr-FR\",\"potentialAction\":[{\"@type\":\"ReadAction\",\"target\":[\"https:\/\/old.varela-design.com\/radiateur-design\/produit\/radiateur-design-vd-1708-varela-design\/\"]}]},{\"@type\":\"BreadcrumbList\",\"@id\":\"https:\/\/old.varela-design.com\/radiateur-design\/produit\/radiateur-design-vd-1708-varela-design\/#breadcrumb\",\"itemListElement\":[{\"@type\":\"ListItem\",\"position\":1,\"item\":{\"@type\":\"WebPage\",\"@id\":\"https:\/\/old.varela-design.com\/radiateur-design\/\",\"url\":\"https:\/\/old.varela-design.com\/radiateur-design\/\",\"name\":\"Home\"}},{\"@type\":\"ListItem\",\"position\":2,\"item\":{\"@type\":\"WebPage\",\"@id\":\"https:\/\/old.varela-design.com\/radiateur-design\/boutique\/\",\"url\":\"https:\/\/old.varela-design.com\/radiateur-design\/boutique\/\",\"name\":\"Nos produits\"}},{\"@type\":\"ListItem\",\"position\":3,\"item\":{\"@type\":\"WebPage\",\"@id\":\"https:\/\/old.varela-design.com\/radiateur-design\/produit\/radiateur-design-vd-1708-varela-design\/\",\"url\":\"https:\/\/old.varela-design.com\/radiateur-design\/produit\/radiateur-design-vd-1708-varela-design\/\",\"name\":\"Radiateur design VD 1708 \\u2013 varela design\"}}]}]}<\/script>\n<!-- \/ Yoast SEO plugin. -->","_links":{"self":[{"href":"https:\/\/old.varela-design.com\/radiateur-design\/wp-json\/wp\/v2\/product\/11770"}],"collection":[{"href":"https:\/\/old.varela-design.com\/radiateur-design\/wp-json\/wp\/v2\/product"}],"about":[{"href":"https:\/\/old.varela-design.com\/radiateur-design\/wp-json\/wp\/v2\/types\/product"}],"replies":[{"embeddable":true,"href":"https:\/\/old.varela-design.com\/radiateur-design\/wp-json\/wp\/v2\/comments?post=11770"}],"wp:featuredmedia":[{"embeddable":true,"href":"https:\/\/old.varela-design.com\/radiateur-design\/wp-json\/wp\/v2\/media\/10998"}],"wp:attachment":[{"href":"https:\/\/old.varela-design.com\/radiateur-design\/wp-json\/wp\/v2\/media?parent=11770"}],"curies":[{"name":"wp","href":"https:\/\/api.w.org\/{rel}","templated":true}]}}