{"id":11774,"date":"2017-05-16T11:55:33","date_gmt":"2017-05-16T09:55:33","guid":{"rendered":"http:\/\/varela-design.com\/radiateur-design\/product\/porte-serviettes-vd-0501-varela-design\/"},"modified":"2020-03-09T09:59:05","modified_gmt":"2020-03-09T07:59:05","slug":"porte-serviettes-vd-0501-varela-design","status":"publish","type":"product","link":"https:\/\/old.varela-design.com\/radiateur-design\/produit\/porte-serviettes-vd-0501-varela-design\/","title":{"rendered":"Porte serviettes VD 0501 &#8211; varela design fabriqu\u00e9 en France &#x1f1eb;&#x1f1f7;"},"content":{"rendered":"<div style=\"display: none;\"\n    class=\"kk-star-ratings kksr-valign-top kksr-align-left kksr-disabled\"\n    data-id=\"11774\"\n    data-slug=\"\">\n    <div class=\"kksr-stars\">\n    <div class=\"kksr-stars-inactive\">\n            <div class=\"kksr-star\" data-star=\"1\">\n            <div class=\"kksr-icon\" style=\"width: px; height: px;\"><\/div>\n        <\/div>\n            <div class=\"kksr-star\" data-star=\"2\">\n            <div class=\"kksr-icon\" style=\"width: px; height: px;\"><\/div>\n        <\/div>\n            <div class=\"kksr-star\" data-star=\"3\">\n            <div class=\"kksr-icon\" style=\"width: px; height: px;\"><\/div>\n        <\/div>\n            <div class=\"kksr-star\" data-star=\"4\">\n            <div class=\"kksr-icon\" style=\"width: px; height: px;\"><\/div>\n        <\/div>\n            <div class=\"kksr-star\" data-star=\"5\">\n            <div class=\"kksr-icon\" style=\"width: px; height: px;\"><\/div>\n        <\/div>\n    <\/div>\n    <div class=\"kksr-stars-active\" style=\"width: 0px;\">\n            <div class=\"kksr-star\">\n            <div class=\"kksr-icon\" style=\"width: px; height: px;\"><\/div>\n        <\/div>\n            <div class=\"kksr-star\">\n            <div class=\"kksr-icon\" style=\"width: px; height: px;\"><\/div>\n        <\/div>\n            <div class=\"kksr-star\">\n            <div class=\"kksr-icon\" style=\"width: px; height: px;\"><\/div>\n        <\/div>\n            <div class=\"kksr-star\">\n            <div class=\"kksr-icon\" style=\"width: px; height: px;\"><\/div>\n        <\/div>\n            <div class=\"kksr-star\">\n            <div class=\"kksr-icon\" style=\"width: px; height: px;\"><\/div>\n        <\/div>\n    <\/div>\n<\/div>\n    <div class=\"kksr-legend\">\n            <span class=\"kksr-muted\"><\/span>\n    <\/div>\n<\/div>\n<p><a  href=\"http:\/\/varela-design.com\/radiateur-design\/wp-content\/uploads\/2017\/03\/porte-serviette-VD-0501.jpg\" data-rel=\"lightbox-gallery-0\" data-rl_title=\"\" data-rl_caption=\"\" title=\"\"><img loading=\"lazy\" class=\"alignnone wp-image-11153\" src=\"http:\/\/varela-design.com\/radiateur-design\/wp-content\/uploads\/2017\/03\/porte-serviette-VD-0501.jpg\" alt=\"porte-serviette-VD-0501\" width=\"1\" height=\"1\" srcset=\"https:\/\/old.varela-design.com\/radiateur-design\/wp-content\/uploads\/2017\/03\/porte-serviette-VD-0501.jpg 681w, https:\/\/old.varela-design.com\/radiateur-design\/wp-content\/uploads\/2017\/03\/porte-serviette-VD-0501-150x150.jpg 150w, https:\/\/old.varela-design.com\/radiateur-design\/wp-content\/uploads\/2017\/03\/porte-serviette-VD-0501-200x300.jpg 200w, https:\/\/old.varela-design.com\/radiateur-design\/wp-content\/uploads\/2017\/03\/porte-serviette-VD-0501-450x250.jpg 450w, https:\/\/old.varela-design.com\/radiateur-design\/wp-content\/uploads\/2017\/03\/porte-serviette-VD-0501-300x300.jpg 300w, https:\/\/old.varela-design.com\/radiateur-design\/wp-content\/uploads\/2017\/03\/porte-serviette-VD-0501-600x600.jpg 600w, https:\/\/old.varela-design.com\/radiateur-design\/wp-content\/uploads\/2017\/03\/porte-serviette-VD-0501-680x330.jpg 680w, https:\/\/old.varela-design.com\/radiateur-design\/wp-content\/uploads\/2017\/03\/porte-serviette-VD-0501-400x280.jpg 400w, https:\/\/old.varela-design.com\/radiateur-design\/wp-content\/uploads\/2017\/03\/porte-serviette-VD-0501-50x50.jpg 50w\" sizes=\"(max-width: 1px) 100vw, 1px\" \/><\/a>Tous vos radiateurs peuvent etre \u00e9quip\u00e9s de ce\u00a0<span style=\"color: #ff0000;\">PORTE SERVIETTES \u00a0NOMADE<br \/>\n<\/span>Le porte serviette nomade VD 0501 est un accessoire design pour \u00e9quip\u00e9s tous vos radiateurs<\/p>\n<a href=\"http:\/\/varela-design.com\/radiateur-design\/wp-content\/uploads\/2017\/03\/VD-05-Arrondi.pdf\" class=\"cs_button cs_button_small cs_button_red\" target=\"_blank\" >Fiche technique<\/a>\n<p><a class=\"wp-colorbox-iframe cboxElement\" style=\"text-shadow: none!important; padding: 13px 24px!important; border-color: rgba(0, 0, 0, 0.64); background: #dd3333; font-size: 14px!important; box-shadow: none; color: #ffffff; border-radius: 5px;\" href=\"https:\/\/sketchfab.com\/models\/06903702c1c34289bb603fc9de78f1b6\/embed\">voir la 3D<\/a><\/p>\n<div class=\"pdfprnt-buttons pdfprnt-buttons-product pdfprnt-bottom-right\"><a href=\"https:\/\/old.varela-design.com\/radiateur-design\/wp-json\/wp\/v2\/product\/11774?print=pdf\" class=\"pdfprnt-button pdfprnt-button-pdf\" target=\"_blank\"><img src=\"https:\/\/varela-design.com\/radiateur-design\/wp-content\/plugins\/pdf-print\/images\/pdf.png\" alt=\"image_pdf\" title=\"View PDF\" \/><span class=\"pdfprnt-button-title pdfprnt-button-pdf-title\">t\u00e9l\u00e9chargez cette page en pdf<\/span><\/a><a href=\"https:\/\/old.varela-design.com\/radiateur-design\/wp-json\/wp\/v2\/product\/11774?print=print\" class=\"pdfprnt-button pdfprnt-button-print\" target=\"_blank\"><img src=\"https:\/\/varela-design.com\/radiateur-design\/wp-content\/plugins\/pdf-print\/images\/print.png\" alt=\"image_print\" title=\"Print Content\" \/><span class=\"pdfprnt-button-title pdfprnt-button-print-title\">imprimez cette page<\/span><\/a><\/div>","protected":false},"excerpt":{"rendered":"<blockquote><p><strong>Seul radiateur design \u00e0 ailette 100% fabriqu\u00e9 en France<\/strong><\/p><\/blockquote>\n<p><a href=\"http:\/\/varela-design.com\/radiateur-design\/wp-content\/uploads\/2017\/03\/porte-serviette-VD-0501.jpg\"><img loading=\"lazy\" class=\"alignnone wp-image-11153\" src=\"http:\/\/varela-design.com\/radiateur-design\/wp-content\/uploads\/2017\/03\/porte-serviette-VD-0501.jpg\" alt=\"porte-serviette-VD-0501\" width=\"1\" height=\"1\" srcset=\"https:\/\/old.varela-design.com\/radiateur-design\/wp-content\/uploads\/2017\/03\/porte-serviette-VD-0501.jpg 681w, https:\/\/old.varela-design.com\/radiateur-design\/wp-content\/uploads\/2017\/03\/porte-serviette-VD-0501-150x150.jpg 150w, https:\/\/old.varela-design.com\/radiateur-design\/wp-content\/uploads\/2017\/03\/porte-serviette-VD-0501-200x300.jpg 200w, https:\/\/old.varela-design.com\/radiateur-design\/wp-content\/uploads\/2017\/03\/porte-serviette-VD-0501-450x250.jpg 450w, https:\/\/old.varela-design.com\/radiateur-design\/wp-content\/uploads\/2017\/03\/porte-serviette-VD-0501-300x300.jpg 300w, https:\/\/old.varela-design.com\/radiateur-design\/wp-content\/uploads\/2017\/03\/porte-serviette-VD-0501-600x600.jpg 600w, https:\/\/old.varela-design.com\/radiateur-design\/wp-content\/uploads\/2017\/03\/porte-serviette-VD-0501-680x330.jpg 680w, https:\/\/old.varela-design.com\/radiateur-design\/wp-content\/uploads\/2017\/03\/porte-serviette-VD-0501-400x280.jpg 400w, https:\/\/old.varela-design.com\/radiateur-design\/wp-content\/uploads\/2017\/03\/porte-serviette-VD-0501-50x50.jpg 50w\" sizes=\"(max-width: 1px) 100vw, 1px\" \/><\/a>Tous vos radiateurs peuvent etre \u00e9quip\u00e9s de ce\u00a0<span style=\"color: #ff0000;\">PORTE SERVIETTES \u00a0NOMADE<br \/>\n<\/span>Le porte serviette nomade VD 0501 est un accessoire design pour \u00e9quip\u00e9s tous vos radiateurs<\/p>\n<a href=\"#tab-description\" class=\"cs_button cs_button_small cs_button_red\">voir description compl\u00e8te<\/a>\n<div class=\"su-members xoo-el-login-tgr\" style=\"background-color:#ffbfc3;border-color:#c40c10;color:#5e0000\">Les tarifs HT publics sont destin\u00e9s uniquement aux utilisateurs enregistr\u00e9s. Veuillez-vous connecter en cliquant <a href=\"#\">ici<\/a> .<\/div>\n","protected":false},"featured_media":11150,"comment_status":"open","ping_status":"closed","template":"","meta":[],"yoast_head":"<!-- This site is optimized with the Yoast SEO plugin v16.0.2 - https:\/\/yoast.com\/wordpress\/plugins\/seo\/ -->\n<title>Porte serviettes VD 0501 - varela design fabriqu\u00e9 en France &#x1f1eb;&#x1f1f7; - varela design<\/title>\n<meta property=\"og:locale\" content=\"fr_FR\" \/>\n<meta property=\"og:type\" content=\"article\" \/>\n<meta property=\"og:title\" content=\"Porte serviettes VD 0501 - varela design fabriqu\u00e9 en France &#x1f1eb;&#x1f1f7; - varela design\" \/>\n<meta property=\"og:description\" content=\"Seul radiateur design \u00e0 ailette 100% fabriqu\u00e9 en France Tous vos radiateurs peuvent etre \u00e9quip\u00e9s de ce\u00a0PORTE SERVIETTES \u00a0NOMADE Le porte serviette nomade VD 0501 est un accessoire design pour \u00e9quip\u00e9s tous vos radiateurs\" \/>\n<meta property=\"og:url\" content=\"https:\/\/old.varela-design.com\/radiateur-design\/produit\/porte-serviettes-vd-0501-varela-design\/\" \/>\n<meta property=\"og:site_name\" content=\"varela design\" \/>\n<meta property=\"article:publisher\" content=\"https:\/\/www.facebook.com\/VarelaDesignRadiateur\" \/>\n<meta property=\"article:modified_time\" content=\"2020-03-09T07:59:05+00:00\" \/>\n<meta property=\"og:image\" content=\"https:\/\/old.varela-design.com\/radiateur-design\/wp-content\/uploads\/2017\/03\/VD-0501-b-scaled.jpg\" \/>\n\t<meta property=\"og:image:width\" content=\"3744\" \/>\n\t<meta property=\"og:image:height\" content=\"4992\" \/>\n<meta name=\"twitter:card\" content=\"summary_large_image\" \/>\n<meta name=\"twitter:site\" content=\"@varela_design\" \/>\n<script type=\"application\/ld+json\" class=\"yoast-schema-graph\">{\"@context\":\"https:\/\/schema.org\",\"@graph\":[{\"@type\":\"WebSite\",\"@id\":\"https:\/\/old.varela-design.com\/radiateur-design\/#website\",\"url\":\"https:\/\/old.varela-design.com\/radiateur-design\/\",\"name\":\"varela design\",\"description\":\"Radiateur design et s\\u00e8che serviette design\",\"potentialAction\":[{\"@type\":\"SearchAction\",\"target\":\"https:\/\/old.varela-design.com\/radiateur-design\/?s={search_term_string}\",\"query-input\":\"required name=search_term_string\"}],\"inLanguage\":\"fr-FR\"},{\"@type\":\"ImageObject\",\"@id\":\"https:\/\/old.varela-design.com\/radiateur-design\/produit\/porte-serviettes-vd-0501-varela-design\/#primaryimage\",\"inLanguage\":\"fr-FR\",\"url\":\"https:\/\/old.varela-design.com\/radiateur-design\/wp-content\/uploads\/2017\/03\/VD-0501-b-scaled.jpg\",\"width\":3744,\"height\":4992},{\"@type\":\"WebPage\",\"@id\":\"https:\/\/old.varela-design.com\/radiateur-design\/produit\/porte-serviettes-vd-0501-varela-design\/#webpage\",\"url\":\"https:\/\/old.varela-design.com\/radiateur-design\/produit\/porte-serviettes-vd-0501-varela-design\/\",\"name\":\"Porte serviettes VD 0501 - varela design fabriqu\\u00e9 en France &#x1f1eb;&#x1f1f7; - varela design\",\"isPartOf\":{\"@id\":\"https:\/\/old.varela-design.com\/radiateur-design\/#website\"},\"primaryImageOfPage\":{\"@id\":\"https:\/\/old.varela-design.com\/radiateur-design\/produit\/porte-serviettes-vd-0501-varela-design\/#primaryimage\"},\"datePublished\":\"2017-05-16T09:55:33+00:00\",\"dateModified\":\"2020-03-09T07:59:05+00:00\",\"breadcrumb\":{\"@id\":\"https:\/\/old.varela-design.com\/radiateur-design\/produit\/porte-serviettes-vd-0501-varela-design\/#breadcrumb\"},\"inLanguage\":\"fr-FR\",\"potentialAction\":[{\"@type\":\"ReadAction\",\"target\":[\"https:\/\/old.varela-design.com\/radiateur-design\/produit\/porte-serviettes-vd-0501-varela-design\/\"]}]},{\"@type\":\"BreadcrumbList\",\"@id\":\"https:\/\/old.varela-design.com\/radiateur-design\/produit\/porte-serviettes-vd-0501-varela-design\/#breadcrumb\",\"itemListElement\":[{\"@type\":\"ListItem\",\"position\":1,\"item\":{\"@type\":\"WebPage\",\"@id\":\"https:\/\/old.varela-design.com\/radiateur-design\/\",\"url\":\"https:\/\/old.varela-design.com\/radiateur-design\/\",\"name\":\"Home\"}},{\"@type\":\"ListItem\",\"position\":2,\"item\":{\"@type\":\"WebPage\",\"@id\":\"https:\/\/old.varela-design.com\/radiateur-design\/boutique\/\",\"url\":\"https:\/\/old.varela-design.com\/radiateur-design\/boutique\/\",\"name\":\"Nos produits\"}},{\"@type\":\"ListItem\",\"position\":3,\"item\":{\"@type\":\"WebPage\",\"@id\":\"https:\/\/old.varela-design.com\/radiateur-design\/produit\/porte-serviettes-vd-0501-varela-design\/\",\"url\":\"https:\/\/old.varela-design.com\/radiateur-design\/produit\/porte-serviettes-vd-0501-varela-design\/\",\"name\":\"Porte serviettes VD 0501 &#8211; varela design fabriqu\\u00e9 en France &#x1f1eb;&#x1f1f7;\"}}]}]}<\/script>\n<!-- \/ Yoast SEO plugin. -->","_links":{"self":[{"href":"https:\/\/old.varela-design.com\/radiateur-design\/wp-json\/wp\/v2\/product\/11774"}],"collection":[{"href":"https:\/\/old.varela-design.com\/radiateur-design\/wp-json\/wp\/v2\/product"}],"about":[{"href":"https:\/\/old.varela-design.com\/radiateur-design\/wp-json\/wp\/v2\/types\/product"}],"replies":[{"embeddable":true,"href":"https:\/\/old.varela-design.com\/radiateur-design\/wp-json\/wp\/v2\/comments?post=11774"}],"wp:featuredmedia":[{"embeddable":true,"href":"https:\/\/old.varela-design.com\/radiateur-design\/wp-json\/wp\/v2\/media\/11150"}],"wp:attachment":[{"href":"https:\/\/old.varela-design.com\/radiateur-design\/wp-json\/wp\/v2\/media?parent=11774"}],"curies":[{"name":"wp","href":"https:\/\/api.w.org\/{rel}","templated":true}]}}