{"id":12020,"date":"2018-01-28T10:37:08","date_gmt":"2018-01-28T08:37:08","guid":{"rendered":"http:\/\/varela-design.com\/radiateur-design\/product\/radiateur-design-nomade-vd-4660-varela-design\/"},"modified":"2020-03-09T16:11:53","modified_gmt":"2020-03-09T14:11:53","slug":"radiateur-design-nomade-vd-4660-varela-design","status":"publish","type":"product","link":"https:\/\/old.varela-design.com\/radiateur-design\/produit\/radiateur-design-nomade-vd-4660-varela-design\/","title":{"rendered":"Radiateur design nomade VD 4660 &#8211; varela design fabriqu\u00e9 en France &#x1f1eb;&#x1f1f7;"},"content":{"rendered":"<div style=\"display: none;\"\n    class=\"kk-star-ratings kksr-valign-top kksr-align-left kksr-disabled\"\n    data-id=\"12020\"\n    data-slug=\"\">\n    <div class=\"kksr-stars\">\n    <div class=\"kksr-stars-inactive\">\n            <div class=\"kksr-star\" data-star=\"1\">\n            <div class=\"kksr-icon\" style=\"width: px; height: px;\"><\/div>\n        <\/div>\n            <div class=\"kksr-star\" data-star=\"2\">\n            <div class=\"kksr-icon\" style=\"width: px; height: px;\"><\/div>\n        <\/div>\n            <div class=\"kksr-star\" data-star=\"3\">\n            <div class=\"kksr-icon\" style=\"width: px; height: px;\"><\/div>\n        <\/div>\n            <div class=\"kksr-star\" data-star=\"4\">\n            <div class=\"kksr-icon\" style=\"width: px; height: px;\"><\/div>\n        <\/div>\n            <div class=\"kksr-star\" data-star=\"5\">\n            <div class=\"kksr-icon\" style=\"width: px; height: px;\"><\/div>\n        <\/div>\n    <\/div>\n    <div class=\"kksr-stars-active\" style=\"width: 0px;\">\n            <div class=\"kksr-star\">\n            <div class=\"kksr-icon\" style=\"width: px; height: px;\"><\/div>\n        <\/div>\n            <div class=\"kksr-star\">\n            <div class=\"kksr-icon\" style=\"width: px; height: px;\"><\/div>\n        <\/div>\n            <div class=\"kksr-star\">\n            <div class=\"kksr-icon\" style=\"width: px; height: px;\"><\/div>\n        <\/div>\n            <div class=\"kksr-star\">\n            <div class=\"kksr-icon\" style=\"width: px; height: px;\"><\/div>\n        <\/div>\n            <div class=\"kksr-star\">\n            <div class=\"kksr-icon\" style=\"width: px; height: px;\"><\/div>\n        <\/div>\n    <\/div>\n<\/div>\n    <div class=\"kksr-legend\">\n            <span class=\"kksr-muted\"><\/span>\n    <\/div>\n<\/div>\n<p><img loading=\"lazy\" class=\"alignnone wp-image-11220 \" src=\"http:\/\/varela-design.com\/radiateur-design\/wp-content\/uploads\/2017\/04\/4660-681x1024.jpg\" alt=\"4660\" width=\"3\" height=\"5\" srcset=\"https:\/\/old.varela-design.com\/radiateur-design\/wp-content\/uploads\/2017\/04\/4660.jpg 681w, https:\/\/old.varela-design.com\/radiateur-design\/wp-content\/uploads\/2017\/04\/4660-200x300.jpg 200w\" sizes=\"(max-width: 3px) 100vw, 3px\" \/>Le radiateur design nomade VD 4660 \u2013 varela design<\/p>\n<p>Un\u00a0nouveau radiateur nomade pour la rentr\u00e9e septembre, Varela Design est heureux de vous le pr\u00e9senter, le Nomade industriel VD 4660<\/p>\n<p>Il r\u00e9pond aux crit\u00e8res de chauffage selon\u00a0 notre mode de vie,\u00a0 il peut \u00eatre d\u2019appoint,\u00a0\u00a0 mobile,\u00a0 il ne prend pas de place, il est de diff\u00e9rentes longueurs, de toutes les couleurs, et pour l\u2019\u00e9t\u00e9 \u00ab\u00a0hop nouveau d\u00e9cor dans votre maison \u00a0\u00bb il dispara\u00eet, il est rang\u00e9 au placard<\/p>\n<blockquote><p>I love varela design Made in France<br \/>\n<span lang=\"en\">This new nomadic and design radiator<\/span><\/p><\/blockquote>\n<p>Merci au designer \u00a0\u00a0Victor Guilbert\u00a0 lyc\u00e9e Camille Claudel \u00e0 Blois<\/p>\n<a href=\"http:\/\/varela-design.com\/radiateur-design\/wp-content\/uploads\/2017\/04\/VD-4660-tech.pdf\" class=\"cs_button cs_button_medium cs_button_red\" target=\"_blank\" >fiche technique<\/a>\n<p><a class=\"wp-colorbox-iframe cboxElement\" style=\"text-shadow: none!important; padding: 13px 24px!important; border-color: rgba(0, 0, 0, 0.64); background: #dd3333; font-size: 14px!important; box-shadow: none; color: #ffffff; border-radius: 5px;\" href=\"https:\/\/www.youtube.com\/embed\/SmWmQVsrVZI\" data-rel=\"lightbox-video-0\">Nos coloris<\/a><\/p>\n<p><a class=\"wp-colorbox-iframe cboxElement\" style=\"text-shadow: none!important; padding: 13px 24px!important; border-color: rgba(0, 0, 0, 0.64); background: #dd3333; font-size: 14px!important; box-shadow: none; color: #ffffff; border-radius: 5px;\" href=\"http:\/\/varela-design.com\/radiateur-design\/wp-content\/uploads\/scan\/4660.html\">voir en r\u00e9alit\u00e9 augment\u00e9e<\/a><\/p>\n<p><a class=\"wp-colorbox-iframe cboxElement\" style=\"text-shadow: none!important; padding: 13px 24px!important; border-color: rgba(0, 0, 0, 0.64); background: #dd3333; font-size: 14px!important; box-shadow: none; color: #ffffff; border-radius: 5px;\" href=\"https:\/\/sketchfab.com\/models\/35c43a4598c04874aa741bca3285f22c\/embed\">voir la 3D<\/a><\/p>\n<h2>Tous nos radiateurs design \u00e9lectrique sont \u00e9quiper des r\u00e9sistances PTC doublement \u00e9conomique<\/h2>\n<p><img loading=\"lazy\" class=\"alignleft\" src=\"http:\/\/varela-design.com\/radiateur-design\/wp-content\/uploads\/2018\/01\/R%C3%A9sistance-PTC-notice-explicative-725x1024.jpg\" width=\"492\" height=\"695\" \/><iframe class=\"wp-embedded-content\" title=\"\u00ab\u00a0R\u00e9sistance \u00e9lectrique PTC VA 205\u00a0\u00bb \u2014 varela design\" src=\"http:\/\/varela-design.com\/radiateur-design\/produit\/resistance-electrique-va-205\/embed\/#?secret=MrDj652MrU\" width=\"600\" height=\"702\" frameborder=\"0\" marginwidth=\"0\" marginheight=\"0\" scrolling=\"no\" sandbox=\"allow-scripts\" data-secret=\"MrDj652MrU\"><span data-mce-type=\"bookmark\" style=\"display: inline-block; width: 0px; overflow: hidden; line-height: 0;\" class=\"mce_SELRES_start\">\ufeff<\/span><\/iframe><br \/>\n&nbsp;<\/p>\n<div class=\"pdfprnt-buttons pdfprnt-buttons-product pdfprnt-bottom-right\"><a href=\"https:\/\/old.varela-design.com\/radiateur-design\/wp-json\/wp\/v2\/product\/12020?print=pdf\" class=\"pdfprnt-button pdfprnt-button-pdf\" target=\"_blank\"><img src=\"https:\/\/varela-design.com\/radiateur-design\/wp-content\/plugins\/pdf-print\/images\/pdf.png\" alt=\"image_pdf\" title=\"View PDF\" \/><span class=\"pdfprnt-button-title pdfprnt-button-pdf-title\">t\u00e9l\u00e9chargez cette page en pdf<\/span><\/a><a href=\"https:\/\/old.varela-design.com\/radiateur-design\/wp-json\/wp\/v2\/product\/12020?print=print\" class=\"pdfprnt-button pdfprnt-button-print\" target=\"_blank\"><img src=\"https:\/\/varela-design.com\/radiateur-design\/wp-content\/plugins\/pdf-print\/images\/print.png\" alt=\"image_print\" title=\"Print Content\" \/><span class=\"pdfprnt-button-title pdfprnt-button-print-title\">imprimez cette page<\/span><\/a><\/div>","protected":false},"excerpt":{"rendered":"<blockquote><p><strong>Seul radiateur design \u00e0 ailette 100% fabriqu\u00e9 en France<\/strong><\/p><\/blockquote>\n<p>Un\u00a0nouveau radiateur nomade pour la rentr\u00e9e septembre, Varela Design est heureux de vous le pr\u00e9senter, le Nomade industriel VD 4660<\/p>\n<p>Il r\u00e9pond aux crit\u00e8res de chauffage selon\u00a0 notre mode de vie, il peut \u00eatre d\u2019appoint,\u00a0mobile,\u00a0il ne prend pas de place, il est de diff\u00e9rentes longueurs, de toutes les couleurs, et pour l\u2019\u00e9t\u00e9 \u00ab\u00a0hop nouveau d\u00e9cor dans votre maison \u00a0\u00bb il dispara\u00eet, il est rang\u00e9 au placard<\/p>\n<blockquote><p>I love varela design Made in France<br \/>\n<span lang=\"en\">This new nomadic and design radiator<\/span><\/p><\/blockquote>\n<p>Merci au designer \u00a0\u00a0Victor Guilbert\u00a0 lyc\u00e9e Camille Claudel \u00e0 Blois<\/p>\n<p>! &#8211; Le vernis mat est un traitement de protection et pas un traitement de couleur. Ne pas le laisser dans des espaces humides &#8211; !<\/p>\n<a href=\"#tab-description\" class=\"cs_button cs_button_small cs_button_red\">voir description compl\u00e8te<\/a>\n<div class=\"su-members xoo-el-login-tgr\" style=\"background-color:#ffbfc3;border-color:#c40c10;color:#5e0000\">Les tarifs HT publics sont destin\u00e9s uniquement aux utilisateurs enregistr\u00e9s. Veuillez-vous connecter en cliquant <a href=\"#\">ici<\/a> .<\/div>\n","protected":false},"featured_media":12009,"comment_status":"closed","ping_status":"closed","template":"","meta":[],"yoast_head":"<!-- This site is optimized with the Yoast SEO plugin v16.0.2 - https:\/\/yoast.com\/wordpress\/plugins\/seo\/ -->\n<title>Radiateur design nomade VD 4660 - varela design fabriqu\u00e9 en France &#x1f1eb;&#x1f1f7; - varela design<\/title>\n<meta property=\"og:locale\" content=\"fr_FR\" \/>\n<meta property=\"og:type\" content=\"article\" \/>\n<meta property=\"og:title\" content=\"Radiateur design nomade VD 4660 - varela design fabriqu\u00e9 en France &#x1f1eb;&#x1f1f7; - varela design\" \/>\n<meta property=\"og:description\" content=\"Seul radiateur design \u00e0 ailette 100% fabriqu\u00e9 en France Un\u00a0nouveau radiateur nomade pour la rentr\u00e9e septembre, Varela Design est heureux de vous le pr\u00e9senter, le Nomade industriel VD 4660  Il r\u00e9pond aux crit\u00e8res de chauffage selon\u00a0 notre mode de vie, il peut \u00eatre d\u2019appoint,\u00a0mobile,\u00a0il ne prend pas de place, il est de diff\u00e9rentes longueurs, de toutes les couleurs, et pour l\u2019\u00e9t\u00e9 \u00ab\u00a0hop nouveau d\u00e9cor dans votre maison \u00a0\u00bb il dispara\u00eet, il est rang\u00e9 au placard I love varela design Made in France This new nomadic and design radiator Merci au designer \u00a0\u00a0Victor Guilbert\u00a0 lyc\u00e9e Camille Claudel \u00e0 Blois  ! - Le vernis mat est un traitement de protection et pas un traitement de couleur. Ne pas le laisser dans des espaces humides - !\" \/>\n<meta property=\"og:url\" content=\"https:\/\/old.varela-design.com\/radiateur-design\/produit\/radiateur-design-nomade-vd-4660-varela-design\/\" \/>\n<meta property=\"og:site_name\" content=\"varela design\" \/>\n<meta property=\"article:publisher\" content=\"https:\/\/www.facebook.com\/VarelaDesignRadiateur\" \/>\n<meta property=\"article:modified_time\" content=\"2020-03-09T14:11:53+00:00\" \/>\n<meta property=\"og:image\" content=\"https:\/\/old.varela-design.com\/radiateur-design\/wp-content\/uploads\/2017\/07\/4660-y.jpg\" \/>\n\t<meta property=\"og:image:width\" content=\"1914\" \/>\n\t<meta property=\"og:image:height\" content=\"1075\" \/>\n<meta name=\"twitter:card\" content=\"summary_large_image\" \/>\n<meta name=\"twitter:site\" content=\"@varela_design\" \/>\n<meta name=\"twitter:label1\" content=\"Dur\u00e9e de lecture est.\">\n\t<meta name=\"twitter:data1\" content=\"1 minute\">\n<script type=\"application\/ld+json\" class=\"yoast-schema-graph\">{\"@context\":\"https:\/\/schema.org\",\"@graph\":[{\"@type\":\"WebSite\",\"@id\":\"https:\/\/old.varela-design.com\/radiateur-design\/#website\",\"url\":\"https:\/\/old.varela-design.com\/radiateur-design\/\",\"name\":\"varela design\",\"description\":\"Radiateur design et s\\u00e8che serviette design\",\"potentialAction\":[{\"@type\":\"SearchAction\",\"target\":\"https:\/\/old.varela-design.com\/radiateur-design\/?s={search_term_string}\",\"query-input\":\"required name=search_term_string\"}],\"inLanguage\":\"fr-FR\"},{\"@type\":\"ImageObject\",\"@id\":\"https:\/\/old.varela-design.com\/radiateur-design\/produit\/radiateur-design-nomade-vd-4660-varela-design\/#primaryimage\",\"inLanguage\":\"fr-FR\",\"url\":\"https:\/\/old.varela-design.com\/radiateur-design\/wp-content\/uploads\/2017\/07\/4660-y.jpg\",\"width\":1914,\"height\":1075},{\"@type\":\"WebPage\",\"@id\":\"https:\/\/old.varela-design.com\/radiateur-design\/produit\/radiateur-design-nomade-vd-4660-varela-design\/#webpage\",\"url\":\"https:\/\/old.varela-design.com\/radiateur-design\/produit\/radiateur-design-nomade-vd-4660-varela-design\/\",\"name\":\"Radiateur design nomade VD 4660 - varela design fabriqu\\u00e9 en France &#x1f1eb;&#x1f1f7; - varela design\",\"isPartOf\":{\"@id\":\"https:\/\/old.varela-design.com\/radiateur-design\/#website\"},\"primaryImageOfPage\":{\"@id\":\"https:\/\/old.varela-design.com\/radiateur-design\/produit\/radiateur-design-nomade-vd-4660-varela-design\/#primaryimage\"},\"datePublished\":\"2018-01-28T08:37:08+00:00\",\"dateModified\":\"2020-03-09T14:11:53+00:00\",\"breadcrumb\":{\"@id\":\"https:\/\/old.varela-design.com\/radiateur-design\/produit\/radiateur-design-nomade-vd-4660-varela-design\/#breadcrumb\"},\"inLanguage\":\"fr-FR\",\"potentialAction\":[{\"@type\":\"ReadAction\",\"target\":[\"https:\/\/old.varela-design.com\/radiateur-design\/produit\/radiateur-design-nomade-vd-4660-varela-design\/\"]}]},{\"@type\":\"BreadcrumbList\",\"@id\":\"https:\/\/old.varela-design.com\/radiateur-design\/produit\/radiateur-design-nomade-vd-4660-varela-design\/#breadcrumb\",\"itemListElement\":[{\"@type\":\"ListItem\",\"position\":1,\"item\":{\"@type\":\"WebPage\",\"@id\":\"https:\/\/old.varela-design.com\/radiateur-design\/\",\"url\":\"https:\/\/old.varela-design.com\/radiateur-design\/\",\"name\":\"Home\"}},{\"@type\":\"ListItem\",\"position\":2,\"item\":{\"@type\":\"WebPage\",\"@id\":\"https:\/\/old.varela-design.com\/radiateur-design\/boutique\/\",\"url\":\"https:\/\/old.varela-design.com\/radiateur-design\/boutique\/\",\"name\":\"Nos produits\"}},{\"@type\":\"ListItem\",\"position\":3,\"item\":{\"@type\":\"WebPage\",\"@id\":\"https:\/\/old.varela-design.com\/radiateur-design\/produit\/radiateur-design-nomade-vd-4660-varela-design\/\",\"url\":\"https:\/\/old.varela-design.com\/radiateur-design\/produit\/radiateur-design-nomade-vd-4660-varela-design\/\",\"name\":\"Radiateur design nomade VD 4660 &#8211; varela design fabriqu\\u00e9 en France &#x1f1eb;&#x1f1f7;\"}}]}]}<\/script>\n<!-- \/ Yoast SEO plugin. -->","_links":{"self":[{"href":"https:\/\/old.varela-design.com\/radiateur-design\/wp-json\/wp\/v2\/product\/12020"}],"collection":[{"href":"https:\/\/old.varela-design.com\/radiateur-design\/wp-json\/wp\/v2\/product"}],"about":[{"href":"https:\/\/old.varela-design.com\/radiateur-design\/wp-json\/wp\/v2\/types\/product"}],"replies":[{"embeddable":true,"href":"https:\/\/old.varela-design.com\/radiateur-design\/wp-json\/wp\/v2\/comments?post=12020"}],"wp:featuredmedia":[{"embeddable":true,"href":"https:\/\/old.varela-design.com\/radiateur-design\/wp-json\/wp\/v2\/media\/12009"}],"wp:attachment":[{"href":"https:\/\/old.varela-design.com\/radiateur-design\/wp-json\/wp\/v2\/media?parent=12020"}],"curies":[{"name":"wp","href":"https:\/\/api.w.org\/{rel}","templated":true}]}}