{"id":12448,"date":"2017-08-30T11:00:53","date_gmt":"2017-08-30T09:00:53","guid":{"rendered":"http:\/\/varela-design.com\/radiateur-design\/?post_type=product&#038;p=12448"},"modified":"2020-03-09T16:11:57","modified_gmt":"2020-03-09T14:11:57","slug":"radiateur-design-vd-4668-par-varela-design-made-in-france","status":"publish","type":"product","link":"https:\/\/old.varela-design.com\/radiateur-design\/produit\/radiateur-design-vd-4668-par-varela-design-made-in-france\/","title":{"rendered":"Radiateur Design VD4668"},"content":{"rendered":"<div style=\"display: none;\"\n    class=\"kk-star-ratings kksr-valign-top kksr-align-left kksr-disabled\"\n    data-id=\"12448\"\n    data-slug=\"\">\n    <div class=\"kksr-stars\">\n    <div class=\"kksr-stars-inactive\">\n            <div class=\"kksr-star\" data-star=\"1\">\n            <div class=\"kksr-icon\" style=\"width: px; height: px;\"><\/div>\n        <\/div>\n            <div class=\"kksr-star\" data-star=\"2\">\n            <div class=\"kksr-icon\" style=\"width: px; height: px;\"><\/div>\n        <\/div>\n            <div class=\"kksr-star\" data-star=\"3\">\n            <div class=\"kksr-icon\" style=\"width: px; height: px;\"><\/div>\n        <\/div>\n            <div class=\"kksr-star\" data-star=\"4\">\n            <div class=\"kksr-icon\" style=\"width: px; height: px;\"><\/div>\n        <\/div>\n            <div class=\"kksr-star\" data-star=\"5\">\n            <div class=\"kksr-icon\" style=\"width: px; height: px;\"><\/div>\n        <\/div>\n    <\/div>\n    <div class=\"kksr-stars-active\" style=\"width: 0px;\">\n            <div class=\"kksr-star\">\n            <div class=\"kksr-icon\" style=\"width: px; height: px;\"><\/div>\n        <\/div>\n            <div class=\"kksr-star\">\n            <div class=\"kksr-icon\" style=\"width: px; height: px;\"><\/div>\n        <\/div>\n            <div class=\"kksr-star\">\n            <div class=\"kksr-icon\" style=\"width: px; height: px;\"><\/div>\n        <\/div>\n            <div class=\"kksr-star\">\n            <div class=\"kksr-icon\" style=\"width: px; height: px;\"><\/div>\n        <\/div>\n            <div class=\"kksr-star\">\n            <div class=\"kksr-icon\" style=\"width: px; height: px;\"><\/div>\n        <\/div>\n    <\/div>\n<\/div>\n    <div class=\"kksr-legend\">\n            <span class=\"kksr-muted\"><\/span>\n    <\/div>\n<\/div>\n<h2>Radiateur design d\u00e9clinable<\/h2>\n<p>Changez \u00e0 volont\u00e9 les pieds de ce radiateur design VD4668. Le tube \u00e0 ailettes diam\u00e8tre 156mm vous donnera toute la puissance que votre pi\u00e8ce n\u00e9cessite. Disponible dans des dimensions standardis\u00e9es (600, 800, 1000, 1250, 1500, 1750, 2000, 2500 et 3000mm) vous aurez la possibilit\u00e9 d\u2019avoir une dimension sur mesure puisque nous pouvons avoir un produit disponible jusqu\u2019\u00e0 6000mm. L\u2019acier \u00e9tir\u00e9 \u00e0 froid utilis\u00e9 pour ce mod\u00e8le en fait un tr\u00e8s bon produit, \u00e0 l\u2019\u00e9preuve du temps. Le radiateur design VD4668 se d\u00e9cline en deux versions\u00a0: \u00e9lectrique ou eau chaude.<\/p>\n<p>Tout comme le radiateur design VD4661, les pieds Chambord et Tours peuvent \u00eatre le moyen de vous diff\u00e9rencier du m\u00eame radiateur chez un ami. En multipliant les possibilit\u00e9s de finition couleur RAL, vous en ferez un objet de d\u00e9coration unique. Color\u00e9 dans la chambre de votre enfant et sobre dans la v\u00f4tre, votre architecte pourra vous faire des propositions multiples.<\/p>\n<p>En \u00e9lectrique, sa r\u00e9sistance PTC \u00e9coresponsable \u00e9quipera le radiateur de 400 \u00e0 1500watts.<\/p>\n<h3>L\u2019industriel moderne VD4668<\/h3>\n<p>Ce radiateur \u00e0 ailettes h\u00e9lico\u00efdales pr\u00e9sent dans l\u2019industrie pour sa grosse capacit\u00e9 de chauffe et de transmission de chaleur, gagne un c\u00f4t\u00e9 moderne avec ces nouveaux pieds. Jaune, vert rouge ou encore bleu, que de couleurs pour imaginer votre propre style. Les lofts conserveront leur look industriel, les appartements haussmanniens s\u2019offriront cette modernit\u00e9 qu\u2019ils sont en droit de recevoir.<\/p>\n<p>Nous ne laissons pas de c\u00f4t\u00e9 les puristes souhaitant conserver l\u2019aspect domestiqu\u00e9 de ce tube \u00e0 ailettes en les orientant sur des couleurs comme le noir ou le blanc ou sur le classique VD4601 (\u00d8130) ou VD4608 (\u00d8156mm).<\/p>\n<p>! &#8211; Le vernis mat est un traitement de protection et pas un traitement de couleur. Ne pas le laisser dans des espaces humides &#8211; !<\/p>\n<p>disponible aussi en <a href=\"http:\/\/varela-design.com\/radiateur-design\/radiateur-design-electrique-puissances\/\">radiateur design \u00e9lectrique<\/a>\u00a0ou<a href=\"http:\/\/varela-design.com\/radiateur-design\/radiateur-design-chauffage-central-puissances\/\"> radiateur design chauffage centrale<\/a><\/p>\n<p><strong>Parue sur le site www.linternaute.com ,voir l&#8217;article <a href=\"http:\/\/www.linternaute.com\/bricolage\/amenagement-interieur\/1206200-ces-radiateurs-design-qui-embellissent-votre-interieur\/1405096-un-radiateur-industriel-a-ailette-helicoidale\">ici<\/a><\/strong><br \/>\n<strong>Parue aussi\u00a0 sur le site ideat.thegoodhub.com ,voir l&#8217;article <a href=\"http:\/\/ideat.thegoodhub.com\/2018\/01\/26\/radiateurs-deco-lhiver-bien-au-chaud\/\">ici<\/a><\/strong><\/p>\n<p><img loading=\"lazy\" class=\"wp-image-12449 size-thumbnail\" src=\"http:\/\/varela-design.com\/radiateur-design\/wp-content\/uploads\/2017\/08\/Fabriqu\u00e9-en-France-150x150.jpg\" alt=\"logo norme fabriqu\u00e9 en france\" width=\"150\" height=\"150\" srcset=\"https:\/\/old.varela-design.com\/radiateur-design\/wp-content\/uploads\/2017\/08\/Fabriqu\u00e9-en-France-150x150.jpg 150w, https:\/\/old.varela-design.com\/radiateur-design\/wp-content\/uploads\/2017\/08\/Fabriqu\u00e9-en-France-300x300.jpg 300w, https:\/\/old.varela-design.com\/radiateur-design\/wp-content\/uploads\/2017\/08\/Fabriqu\u00e9-en-France-80x80.jpg 80w, https:\/\/old.varela-design.com\/radiateur-design\/wp-content\/uploads\/2017\/08\/Fabriqu\u00e9-en-France-120x120.jpg 120w, https:\/\/old.varela-design.com\/radiateur-design\/wp-content\/uploads\/2017\/08\/Fabriqu\u00e9-en-France.jpg 334w\" sizes=\"(max-width: 150px) 100vw, 150px\" \/><\/p>\n<h2>Tous nos radiateurs design \u00e9lectrique sont \u00e9quiper des r\u00e9sistances PTC doublement \u00e9conomique<\/h2>\n<div style=\"width: 502px\" class=\"wp-caption alignleft\"><img loading=\"lazy\" src=\"http:\/\/varela-design.com\/radiateur-design\/wp-content\/uploads\/2018\/01\/R%C3%A9sistance-PTC-notice-explicative-725x1024.jpg\" alt=\"r\u00e9sistances PTC doublement \u00e9conomique\" width=\"492\" height=\"695\" \/><p class=\"wp-caption-text\">r\u00e9sistances PTC doublement \u00e9conomique<\/p><\/div>\n<p><iframe class=\"wp-embedded-content\" title=\"\u00ab\u00a0R\u00e9sistance \u00e9lectrique PTC VA 205\u00a0\u00bb \u2014 varela design\" src=\"http:\/\/varela-design.com\/radiateur-design\/produit\/resistance-electrique-va-205\/embed\/#?secret=MrDj652MrU\" width=\"600\" height=\"702\" frameborder=\"0\" marginwidth=\"0\" marginheight=\"0\" scrolling=\"no\" sandbox=\"allow-scripts\" data-secret=\"MrDj652MrU\" data-mce-fragment=\"1\"><span data-mce-type=\"bookmark\" style=\"display: inline-block; width: 0px; overflow: hidden; line-height: 0;\" class=\"mce_SELRES_start\">\ufeff<\/span><\/iframe><\/p>\n<p>&nbsp;<\/p>\n<div class=\"pdfprnt-buttons pdfprnt-buttons-product pdfprnt-bottom-right\"><a href=\"https:\/\/old.varela-design.com\/radiateur-design\/wp-json\/wp\/v2\/product\/12448?print=pdf\" class=\"pdfprnt-button pdfprnt-button-pdf\" target=\"_blank\"><img src=\"https:\/\/varela-design.com\/radiateur-design\/wp-content\/plugins\/pdf-print\/images\/pdf.png\" alt=\"image_pdf\" title=\"View PDF\" \/><span class=\"pdfprnt-button-title pdfprnt-button-pdf-title\">t\u00e9l\u00e9chargez cette page en pdf<\/span><\/a><a href=\"https:\/\/old.varela-design.com\/radiateur-design\/wp-json\/wp\/v2\/product\/12448?print=print\" class=\"pdfprnt-button pdfprnt-button-print\" target=\"_blank\"><img src=\"https:\/\/varela-design.com\/radiateur-design\/wp-content\/plugins\/pdf-print\/images\/print.png\" alt=\"image_print\" title=\"Print Content\" \/><span class=\"pdfprnt-button-title pdfprnt-button-print-title\">imprimez cette page<\/span><\/a><\/div>","protected":false},"excerpt":{"rendered":"<p>&nbsp;<\/p>\n<h2>Radiateur design d\u00e9clinable<\/h2>\n<p>Changez \u00e0 volont\u00e9 les pieds de ce radiateur design VD4668. Le tube \u00e0 ailettes diam\u00e8tre 156mm vous donnera toute la puissance que votre pi\u00e8ce n\u00e9cessite. Disponible dans des dimensions standardis\u00e9es (600, 800, 1000, 1250, 1500, 1750, 2000, 2500 et 3000mm) vous aurez la possibilit\u00e9 d\u2019avoir une dimension sur mesure puisque nous pouvons avoir un produit disponible jusqu\u2019\u00e0 6000mm. L\u2019acier \u00e9tir\u00e9 \u00e0 froid utilis\u00e9 pour ce mod\u00e8le en fait un tr\u00e8s bon produit, \u00e0 l\u2019\u00e9preuve du temps. Le radiateur design VD4668 se d\u00e9cline en deux&#8230;<\/p>\n<a href=\"#tab-description\" class=\"cs_button cs_button_small cs_button_red\">voir description compl\u00e8te<\/a>\n<p><img loading=\"lazy\" class=\"alignnone size-thumbnail wp-image-12449\" src=\"http:\/\/varela-design.com\/radiateur-design\/wp-content\/uploads\/2017\/08\/Fabriqu\u00e9-en-France-150x150.jpg\" alt=\"\" width=\"150\" height=\"150\" srcset=\"https:\/\/old.varela-design.com\/radiateur-design\/wp-content\/uploads\/2017\/08\/Fabriqu\u00e9-en-France-150x150.jpg 150w, https:\/\/old.varela-design.com\/radiateur-design\/wp-content\/uploads\/2017\/08\/Fabriqu\u00e9-en-France-300x300.jpg 300w, https:\/\/old.varela-design.com\/radiateur-design\/wp-content\/uploads\/2017\/08\/Fabriqu\u00e9-en-France-80x80.jpg 80w, https:\/\/old.varela-design.com\/radiateur-design\/wp-content\/uploads\/2017\/08\/Fabriqu\u00e9-en-France-120x120.jpg 120w, https:\/\/old.varela-design.com\/radiateur-design\/wp-content\/uploads\/2017\/08\/Fabriqu\u00e9-en-France.jpg 334w\" sizes=\"(max-width: 150px) 100vw, 150px\" \/><\/p>\n<a href=\"#tab-description\" class=\"cs_button cs_button_small cs_button_red\">voir description compl\u00e8te<\/a>\n<div class=\"su-members xoo-el-login-tgr\" style=\"background-color:#ffbfc3;border-color:#c40c10;color:#5e0000\">Les tarifs HT publics sont destin\u00e9s uniquement aux utilisateurs enregistr\u00e9s. Veuillez-vous connecter en cliquant <a href=\"#\">ici<\/a> .<\/div>\n","protected":false},"featured_media":12342,"comment_status":"closed","ping_status":"closed","template":"","meta":[],"yoast_head":"<!-- This site is optimized with the Yoast SEO plugin v16.0.2 - https:\/\/yoast.com\/wordpress\/plugins\/seo\/ -->\n<title>Radiateur Design VD4668 - made-in-france - varela design<\/title>\n<meta name=\"description\" content=\"Changez \u00e0 volont\u00e9 les pieds de ce radiateur design VD4668. Le tube \u00e0 ailettes diam\u00e8tre 156mm vous donnera toute la puissance que votre pi\u00e8ce n\u00e9cessite...\" \/>\n<meta property=\"og:locale\" content=\"fr_FR\" \/>\n<meta property=\"og:type\" content=\"article\" \/>\n<meta property=\"og:title\" content=\"Radiateur design VD 4668 par Varela design made in France\" \/>\n<meta property=\"og:description\" content=\"Le radiateur design VD 4668 , sign\u00e9 Varela Design, conception &quot;made in France&quot;, ce radiateur inspir\u00e9 du VD 4601 au type industriel \u00e0 ailette h\u00e9lico\u00efdale. 2018 c\u2019est un design plus contemporain par la transformation d\u2019un nouveau concept de pied (d\u00e9pos\u00e9 INPI\" \/>\n<meta property=\"og:url\" content=\"https:\/\/old.varela-design.com\/radiateur-design\/produit\/radiateur-design-vd-4668-par-varela-design-made-in-france\/\" \/>\n<meta property=\"og:site_name\" content=\"varela design\" \/>\n<meta property=\"article:publisher\" content=\"https:\/\/www.facebook.com\/VarelaDesignRadiateur\" \/>\n<meta property=\"article:modified_time\" content=\"2020-03-09T14:11:57+00:00\" \/>\n<meta property=\"og:image\" content=\"https:\/\/old.varela-design.com\/radiateur-design\/wp-content\/uploads\/2017\/08\/PROPAL-ESSAIS-4.jpg\" \/>\n\t<meta property=\"og:image:width\" content=\"772\" \/>\n\t<meta property=\"og:image:height\" content=\"1156\" \/>\n<meta name=\"twitter:card\" content=\"summary_large_image\" \/>\n<meta name=\"twitter:title\" content=\"Radiateur design VD 4668 par Varela design made in France\" \/>\n<meta name=\"twitter:description\" content=\"Le radiateur design VD 4668 , sign\u00e9 Varela Design, conception &quot;made in France&quot;, ce radiateur inspir\u00e9 du VD 4601 au type industriel \u00e0 ailette h\u00e9lico\u00efdale. 2018 c\u2019est un design plus contemporain par la transformation d\u2019un nouveau concept de pied (d\u00e9pos\u00e9 INPI\" \/>\n<meta name=\"twitter:image\" content=\"http:\/\/varela-design.com\/radiateur-design\/wp-content\/uploads\/2017\/08\/PROPAL-ESSAIS-4.jpg\" \/>\n<meta name=\"twitter:site\" content=\"@varela_design\" \/>\n<meta name=\"twitter:label1\" content=\"Dur\u00e9e de lecture est.\">\n\t<meta name=\"twitter:data1\" content=\"2 minutes\">\n<script type=\"application\/ld+json\" class=\"yoast-schema-graph\">{\"@context\":\"https:\/\/schema.org\",\"@graph\":[{\"@type\":\"WebSite\",\"@id\":\"https:\/\/old.varela-design.com\/radiateur-design\/#website\",\"url\":\"https:\/\/old.varela-design.com\/radiateur-design\/\",\"name\":\"varela design\",\"description\":\"Radiateur design et s\\u00e8che serviette design\",\"potentialAction\":[{\"@type\":\"SearchAction\",\"target\":\"https:\/\/old.varela-design.com\/radiateur-design\/?s={search_term_string}\",\"query-input\":\"required name=search_term_string\"}],\"inLanguage\":\"fr-FR\"},{\"@type\":\"ImageObject\",\"@id\":\"https:\/\/old.varela-design.com\/radiateur-design\/produit\/radiateur-design-vd-4668-par-varela-design-made-in-france\/#primaryimage\",\"inLanguage\":\"fr-FR\",\"url\":\"https:\/\/old.varela-design.com\/radiateur-design\/wp-content\/uploads\/2017\/08\/PROPAL-ESSAIS-4.jpg\",\"width\":772,\"height\":1156,\"caption\":\"radiateur Design VD4668\"},{\"@type\":\"WebPage\",\"@id\":\"https:\/\/old.varela-design.com\/radiateur-design\/produit\/radiateur-design-vd-4668-par-varela-design-made-in-france\/#webpage\",\"url\":\"https:\/\/old.varela-design.com\/radiateur-design\/produit\/radiateur-design-vd-4668-par-varela-design-made-in-france\/\",\"name\":\"Radiateur Design VD4668 - made-in-france - varela design\",\"isPartOf\":{\"@id\":\"https:\/\/old.varela-design.com\/radiateur-design\/#website\"},\"primaryImageOfPage\":{\"@id\":\"https:\/\/old.varela-design.com\/radiateur-design\/produit\/radiateur-design-vd-4668-par-varela-design-made-in-france\/#primaryimage\"},\"datePublished\":\"2017-08-30T09:00:53+00:00\",\"dateModified\":\"2020-03-09T14:11:57+00:00\",\"description\":\"Changez \\u00e0 volont\\u00e9 les pieds de ce radiateur design VD4668. Le tube \\u00e0 ailettes diam\\u00e8tre 156mm vous donnera toute la puissance que votre pi\\u00e8ce n\\u00e9cessite...\",\"breadcrumb\":{\"@id\":\"https:\/\/old.varela-design.com\/radiateur-design\/produit\/radiateur-design-vd-4668-par-varela-design-made-in-france\/#breadcrumb\"},\"inLanguage\":\"fr-FR\",\"potentialAction\":[{\"@type\":\"ReadAction\",\"target\":[\"https:\/\/old.varela-design.com\/radiateur-design\/produit\/radiateur-design-vd-4668-par-varela-design-made-in-france\/\"]}]},{\"@type\":\"BreadcrumbList\",\"@id\":\"https:\/\/old.varela-design.com\/radiateur-design\/produit\/radiateur-design-vd-4668-par-varela-design-made-in-france\/#breadcrumb\",\"itemListElement\":[{\"@type\":\"ListItem\",\"position\":1,\"item\":{\"@type\":\"WebPage\",\"@id\":\"https:\/\/old.varela-design.com\/radiateur-design\/\",\"url\":\"https:\/\/old.varela-design.com\/radiateur-design\/\",\"name\":\"Home\"}},{\"@type\":\"ListItem\",\"position\":2,\"item\":{\"@type\":\"WebPage\",\"@id\":\"https:\/\/old.varela-design.com\/radiateur-design\/boutique\/\",\"url\":\"https:\/\/old.varela-design.com\/radiateur-design\/boutique\/\",\"name\":\"Nos produits\"}},{\"@type\":\"ListItem\",\"position\":3,\"item\":{\"@type\":\"WebPage\",\"@id\":\"https:\/\/old.varela-design.com\/radiateur-design\/produit\/radiateur-design-vd-4668-par-varela-design-made-in-france\/\",\"url\":\"https:\/\/old.varela-design.com\/radiateur-design\/produit\/radiateur-design-vd-4668-par-varela-design-made-in-france\/\",\"name\":\"Radiateur Design VD4668\"}}]}]}<\/script>\n<!-- \/ Yoast SEO plugin. -->","_links":{"self":[{"href":"https:\/\/old.varela-design.com\/radiateur-design\/wp-json\/wp\/v2\/product\/12448"}],"collection":[{"href":"https:\/\/old.varela-design.com\/radiateur-design\/wp-json\/wp\/v2\/product"}],"about":[{"href":"https:\/\/old.varela-design.com\/radiateur-design\/wp-json\/wp\/v2\/types\/product"}],"replies":[{"embeddable":true,"href":"https:\/\/old.varela-design.com\/radiateur-design\/wp-json\/wp\/v2\/comments?post=12448"}],"wp:featuredmedia":[{"embeddable":true,"href":"https:\/\/old.varela-design.com\/radiateur-design\/wp-json\/wp\/v2\/media\/12342"}],"wp:attachment":[{"href":"https:\/\/old.varela-design.com\/radiateur-design\/wp-json\/wp\/v2\/media?parent=12448"}],"curies":[{"name":"wp","href":"https:\/\/api.w.org\/{rel}","templated":true}]}}