{"id":13838,"date":"2018-07-25T14:24:19","date_gmt":"2018-07-25T12:24:19","guid":{"rendered":"http:\/\/varela-design.com\/radiateur-design\/?post_type=product&#038;p=13838"},"modified":"2020-03-11T17:21:00","modified_gmt":"2020-03-11T15:21:00","slug":"seche-serviettes-flexible-vd-2210-varela-design","status":"publish","type":"product","link":"https:\/\/old.varela-design.com\/radiateur-design\/produit\/seche-serviettes-flexible-vd-2210-varela-design\/","title":{"rendered":"S\u00e8che-serviettes flexible VD 2210 \u2013 varela design fabriqu\u00e9 en France &#x1f1eb;&#x1f1f7;"},"content":{"rendered":"<div style=\"display: none;\"\n    class=\"kk-star-ratings kksr-valign-top kksr-align-left kksr-disabled\"\n    data-id=\"13838\"\n    data-slug=\"\">\n    <div class=\"kksr-stars\">\n    <div class=\"kksr-stars-inactive\">\n            <div class=\"kksr-star\" data-star=\"1\">\n            <div class=\"kksr-icon\" style=\"width: px; height: px;\"><\/div>\n        <\/div>\n            <div class=\"kksr-star\" data-star=\"2\">\n            <div class=\"kksr-icon\" style=\"width: px; height: px;\"><\/div>\n        <\/div>\n            <div class=\"kksr-star\" data-star=\"3\">\n            <div class=\"kksr-icon\" style=\"width: px; height: px;\"><\/div>\n        <\/div>\n            <div class=\"kksr-star\" data-star=\"4\">\n            <div class=\"kksr-icon\" style=\"width: px; height: px;\"><\/div>\n        <\/div>\n            <div class=\"kksr-star\" data-star=\"5\">\n            <div class=\"kksr-icon\" style=\"width: px; height: px;\"><\/div>\n        <\/div>\n    <\/div>\n    <div class=\"kksr-stars-active\" style=\"width: 0px;\">\n            <div class=\"kksr-star\">\n            <div class=\"kksr-icon\" style=\"width: px; height: px;\"><\/div>\n        <\/div>\n            <div class=\"kksr-star\">\n            <div class=\"kksr-icon\" style=\"width: px; height: px;\"><\/div>\n        <\/div>\n            <div class=\"kksr-star\">\n            <div class=\"kksr-icon\" style=\"width: px; height: px;\"><\/div>\n        <\/div>\n            <div class=\"kksr-star\">\n            <div class=\"kksr-icon\" style=\"width: px; height: px;\"><\/div>\n        <\/div>\n            <div class=\"kksr-star\">\n            <div class=\"kksr-icon\" style=\"width: px; height: px;\"><\/div>\n        <\/div>\n    <\/div>\n<\/div>\n    <div class=\"kksr-legend\">\n            <strong class=\"kksr-score\">3<\/strong>\n        <span class=\"kksr-muted\">\/<\/span>\n        <strong>5<\/strong>\n        <span class=\"kksr-muted\">(<\/span>\n        <strong class=\"kksr-count\">1<\/strong>\n        <span class=\"kksr-muted\">\n            vote        <\/span>\n        <span class=\"kksr-muted\">)<\/span>\n    <\/div>\n<\/div>\n<h2>En toute libert\u00e9 avec\u00a0le S\u00e8che-serviettes flexible VD 2210<\/h2>\n<p>C\u2019est un s\u00e8che-serviettes qui pourra trouver sa place dans toutes les situations. Les petites et les grandes salles de bain pourront fi\u00e8rement exhiber le s\u00e8che-serviettes flexible VD 2210. Jamais vu autre part que chez Varela Design, installez comme bon vous semble ce mod\u00e8le exceptionnel par son originalit\u00e9 et par sa praticit\u00e9. Votre architecte ou votre installateur pourra imaginer l\u2019installation de ce produit sur un mur droit ou bien dans un angle.\u00a0 Ce s\u00e8che-serviettes flexible VD 2210 en finition chrom\u00e9 est disponible en version eau chaude sur lequel vous pourrez ajouter nos robinets chrom\u00e9s VA 202 3. Il est \u00e9galement disponible en version \u00e9lectrique avec un thermostat embarqu\u00e9 ou d\u00e9port\u00e9. Disponible en trois hauteurs (1000, 1350 et 1750mm, ce s\u00e8che-serviettes est livr\u00e9 avec des flexibles standards de 700mm, ce qui lui permet d\u2019avoir une largeur r\u00e9glable de 300 \u00e0 700mm, d\u2019autres dimensions sont bien s\u00fbr disponibles sur demande.<\/p>\n<h3>L\u2019esprit marin du s\u00e8che-serviettes flexible<\/h3>\n<p>Ce s\u00e8che-serviettes a \u00e9t\u00e9 inspir\u00e9 \u00e0 Nathalie Varela au gr\u00e8s d\u2019une visite du port de Saint-Malo. Elle a tout de suite eu l\u2019id\u00e9e de ce s\u00e8che-serviettes pouvant \u00eatre install\u00e9 sur les bateaux o\u00f9 la place est restreinte sans oublier pour autant l\u2019installation dans une salle de bain plus grande d\u2019un appartement \u00e0 Paris, Bordeaux ou encore Gen\u00e8ve. La flexibilit\u00e9 de celui que nous appelons intimement \u00ab\u00a0corsaire\u00a0\u00bb lui donne tout son attrait et cet esprit marin qui f\u00fbt son inspiration, donnera une touche d\u00e9corative et moderne \u00e0 votre salle d\u2019eau.<\/p>\n<p>Que vous l\u2019installiez \u00e0 Babord ou \u00e0 tribord, cette nouveaut\u00e9 trouvera, nous en sommes certains, sa place chez vous.<\/p>\n<p>&nbsp;<\/p>\n<table style=\"border-collapse: collapse; width: 100%;\" border=\"1\">\n<tbody>\n<tr>\n<td style=\"width: 50%;\"><iframe loading=\"lazy\" src=\"\/\/www.youtube.com\/embed\/OB5fuDoNn8o?rel=0\" width=\"560\" height=\"314\" allowfullscreen=\"allowfullscreen\"><\/iframe><\/td>\n<td style=\"width: 50%; text-align: center;\"><a href=\"http:\/\/varela-design.com\/produits\/0-distri\/VD22\/VD2210-tech.pdf\" class=\"cs_button cs_button_medium cs_button_red\" target=\"_blank\" >fiche technique<\/a><\/td>\n<\/tr>\n<\/tbody>\n<\/table>\n<h2>Tous nos radiateurs design \u00e9lectrique sont \u00e9quiper des r\u00e9sistances PTC doublement \u00e9conomique<\/h2>\n<div style=\"width: 502px\" class=\"wp-caption alignleft\"><img loading=\"lazy\" src=\"http:\/\/varela-design.com\/radiateur-design\/wp-content\/uploads\/2018\/01\/R%C3%A9sistance-PTC-notice-explicative-725x1024.jpg\" alt=\"r\u00e9sistance ptc\" width=\"492\" height=\"695\" \/><p class=\"wp-caption-text\">r\u00e9sistance ptc<\/p><\/div>\n<p><iframe class=\"wp-embedded-content\" title=\"\u00ab\u00a0R\u00e9sistance \u00e9lectrique PTC VA 205\u00a0\u00bb \u2014 varela design\" src=\"http:\/\/varela-design.com\/radiateur-design\/produit\/resistance-electrique-va-205\/embed\/#?secret=MrDj652MrU\" width=\"600\" height=\"702\" frameborder=\"0\" marginwidth=\"0\" marginheight=\"0\" scrolling=\"no\" sandbox=\"allow-scripts\" data-secret=\"MrDj652MrU\"><span data-mce-type=\"bookmark\" style=\"display: inline-block; width: 0px; overflow: hidden; line-height: 0;\" class=\"mce_SELRES_start\">\ufeff<\/span><\/iframe><\/p>\n<div class=\"pdfprnt-buttons pdfprnt-buttons-product pdfprnt-bottom-right\"><a href=\"https:\/\/old.varela-design.com\/radiateur-design\/wp-json\/wp\/v2\/product\/13838?print=pdf\" class=\"pdfprnt-button pdfprnt-button-pdf\" target=\"_blank\"><img src=\"https:\/\/varela-design.com\/radiateur-design\/wp-content\/plugins\/pdf-print\/images\/pdf.png\" alt=\"image_pdf\" title=\"View PDF\" \/><span class=\"pdfprnt-button-title pdfprnt-button-pdf-title\">t\u00e9l\u00e9chargez cette page en pdf<\/span><\/a><a href=\"https:\/\/old.varela-design.com\/radiateur-design\/wp-json\/wp\/v2\/product\/13838?print=print\" class=\"pdfprnt-button pdfprnt-button-print\" target=\"_blank\"><img src=\"https:\/\/varela-design.com\/radiateur-design\/wp-content\/plugins\/pdf-print\/images\/print.png\" alt=\"image_print\" title=\"Print Content\" \/><span class=\"pdfprnt-button-title pdfprnt-button-print-title\">imprimez cette page<\/span><\/a><\/div>","protected":false},"excerpt":{"rendered":"<h2>En toute libert\u00e9 avec\u00a0le S\u00e8che-serviettes flexible VD 2210<\/h2>\n<p>C\u2019est un s\u00e8che-serviettes qui pourra trouver sa place dans toutes les situations. Les petites et les grandes salles de bain pourront fi\u00e8rement exhiber le s\u00e8che-serviettes flexible VD 2210. Jamais vu autre part que chez Varela Design, installez comme bon vous semble ce mod\u00e8le exceptionnel par son originalit\u00e9 et par sa praticit\u00e9. Votre architecte ou votre installateur pourra imaginer l\u2019installation de ce produit sur un mur droit ou bien dans un angle.\u00a0 Ce s\u00e8che-serviettes flexible VD 2210 en finition chrom\u00e9 est disponible en version eau chaude sur lequel vous pourrez ajouter nos robinets chrom\u00e9s VA 202 3. Il est \u00e9galement disponible en version \u00e9lectrique avec un thermostat embarqu\u00e9 ou d\u00e9port\u00e9. Disponible en trois hauteurs (1000, 1350 et 1750mm, ce s\u00e8che-serviettes est livr\u00e9 avec des flexibles standards de 700mm, ce qui lui permet d\u2019avoir une largeur r\u00e9glable de 300 \u00e0 700mm, d\u2019autres dimensions sont bien s\u00fbr disponibles sur demande.<\/p>\n<a href=\"#tab-description\" class=\"cs_button cs_button_small cs_button_red\">voir description compl\u00e8te<\/a>\n<div class=\"su-members xoo-el-login-tgr\" style=\"background-color:#ffbfc3;border-color:#c40c10;color:#5e0000\">Les tarifs HT publics sont destin\u00e9s uniquement aux utilisateurs enregistr\u00e9s. Veuillez-vous connecter en cliquant <a href=\"#\">ici<\/a> .<\/div>\n","protected":false},"featured_media":14021,"comment_status":"closed","ping_status":"closed","template":"","meta":[],"yoast_head":"<!-- This site is optimized with the Yoast SEO plugin v16.0.2 - https:\/\/yoast.com\/wordpress\/plugins\/seo\/ -->\n<title>S\u00e8che-serviettes flexible VD 2210 \u2013 varela design fabriqu\u00e9 en France &#x1f1eb;&#x1f1f7; - varela design<\/title>\n<meta name=\"description\" content=\"S\u00e8che-Serviette\u00a0moussaillon VD 2210 qui s\u2019adapte a toutes largeurs,\u00a0une Nouveaut\u00e9 Varela Design avec son design unique, est le tout premier syst\u00e8me de ...\" \/>\n<meta property=\"og:locale\" content=\"fr_FR\" \/>\n<meta property=\"og:type\" content=\"article\" \/>\n<meta property=\"og:title\" content=\"S\u00e8che-serviettes flexible VD 2210 \u2013 varela design fabriqu\u00e9 en France &#x1f1eb;&#x1f1f7; - varela design\" \/>\n<meta property=\"og:description\" content=\"S\u00e8che-Serviette\u00a0moussaillon VD 2210 qui s\u2019adapte a toutes largeurs,\u00a0une Nouveaut\u00e9 Varela Design avec son design unique, est le tout premier syst\u00e8me de ...\" \/>\n<meta property=\"og:url\" content=\"https:\/\/old.varela-design.com\/radiateur-design\/produit\/seche-serviettes-flexible-vd-2210-varela-design\/\" \/>\n<meta property=\"og:site_name\" content=\"varela design\" \/>\n<meta property=\"article:publisher\" content=\"https:\/\/www.facebook.com\/VarelaDesignRadiateur\" \/>\n<meta property=\"article:modified_time\" content=\"2020-03-11T15:21:00+00:00\" \/>\n<meta property=\"og:image\" content=\"https:\/\/old.varela-design.com\/radiateur-design\/wp-content\/uploads\/2018\/07\/VD2210-a-scaled.jpg\" \/>\n\t<meta property=\"og:image:width\" content=\"3008\" \/>\n\t<meta property=\"og:image:height\" content=\"5344\" \/>\n<meta name=\"twitter:card\" content=\"summary_large_image\" \/>\n<meta name=\"twitter:site\" content=\"@varela_design\" \/>\n<meta name=\"twitter:label1\" content=\"Dur\u00e9e de lecture est.\">\n\t<meta name=\"twitter:data1\" content=\"2 minutes\">\n<script type=\"application\/ld+json\" class=\"yoast-schema-graph\">{\"@context\":\"https:\/\/schema.org\",\"@graph\":[{\"@type\":\"WebSite\",\"@id\":\"https:\/\/old.varela-design.com\/radiateur-design\/#website\",\"url\":\"https:\/\/old.varela-design.com\/radiateur-design\/\",\"name\":\"varela design\",\"description\":\"Radiateur design et s\\u00e8che serviette design\",\"potentialAction\":[{\"@type\":\"SearchAction\",\"target\":\"https:\/\/old.varela-design.com\/radiateur-design\/?s={search_term_string}\",\"query-input\":\"required name=search_term_string\"}],\"inLanguage\":\"fr-FR\"},{\"@type\":\"ImageObject\",\"@id\":\"https:\/\/old.varela-design.com\/radiateur-design\/produit\/seche-serviettes-flexible-vd-2210-varela-design\/#primaryimage\",\"inLanguage\":\"fr-FR\",\"url\":\"https:\/\/old.varela-design.com\/radiateur-design\/wp-content\/uploads\/2018\/07\/VD2210-a-scaled.jpg\",\"width\":3008,\"height\":5344,\"caption\":\"S\\u00e8che-serviettes flexible VD2210\"},{\"@type\":\"WebPage\",\"@id\":\"https:\/\/old.varela-design.com\/radiateur-design\/produit\/seche-serviettes-flexible-vd-2210-varela-design\/#webpage\",\"url\":\"https:\/\/old.varela-design.com\/radiateur-design\/produit\/seche-serviettes-flexible-vd-2210-varela-design\/\",\"name\":\"S\\u00e8che-serviettes flexible VD 2210 \\u2013 varela design fabriqu\\u00e9 en France &#x1f1eb;&#x1f1f7; - varela design\",\"isPartOf\":{\"@id\":\"https:\/\/old.varela-design.com\/radiateur-design\/#website\"},\"primaryImageOfPage\":{\"@id\":\"https:\/\/old.varela-design.com\/radiateur-design\/produit\/seche-serviettes-flexible-vd-2210-varela-design\/#primaryimage\"},\"datePublished\":\"2018-07-25T12:24:19+00:00\",\"dateModified\":\"2020-03-11T15:21:00+00:00\",\"description\":\"S\\u00e8che-Serviette\\u00a0moussaillon VD 2210 qui s\\u2019adapte a toutes largeurs,\\u00a0une Nouveaut\\u00e9 Varela Design avec son design unique, est le tout premier syst\\u00e8me de ...\",\"breadcrumb\":{\"@id\":\"https:\/\/old.varela-design.com\/radiateur-design\/produit\/seche-serviettes-flexible-vd-2210-varela-design\/#breadcrumb\"},\"inLanguage\":\"fr-FR\",\"potentialAction\":[{\"@type\":\"ReadAction\",\"target\":[\"https:\/\/old.varela-design.com\/radiateur-design\/produit\/seche-serviettes-flexible-vd-2210-varela-design\/\"]}]},{\"@type\":\"BreadcrumbList\",\"@id\":\"https:\/\/old.varela-design.com\/radiateur-design\/produit\/seche-serviettes-flexible-vd-2210-varela-design\/#breadcrumb\",\"itemListElement\":[{\"@type\":\"ListItem\",\"position\":1,\"item\":{\"@type\":\"WebPage\",\"@id\":\"https:\/\/old.varela-design.com\/radiateur-design\/\",\"url\":\"https:\/\/old.varela-design.com\/radiateur-design\/\",\"name\":\"Home\"}},{\"@type\":\"ListItem\",\"position\":2,\"item\":{\"@type\":\"WebPage\",\"@id\":\"https:\/\/old.varela-design.com\/radiateur-design\/boutique\/\",\"url\":\"https:\/\/old.varela-design.com\/radiateur-design\/boutique\/\",\"name\":\"Nos produits\"}},{\"@type\":\"ListItem\",\"position\":3,\"item\":{\"@type\":\"WebPage\",\"@id\":\"https:\/\/old.varela-design.com\/radiateur-design\/produit\/seche-serviettes-flexible-vd-2210-varela-design\/\",\"url\":\"https:\/\/old.varela-design.com\/radiateur-design\/produit\/seche-serviettes-flexible-vd-2210-varela-design\/\",\"name\":\"S\\u00e8che-serviettes flexible VD 2210 \\u2013 varela design fabriqu\\u00e9 en France &#x1f1eb;&#x1f1f7;\"}}]}]}<\/script>\n<!-- \/ Yoast SEO plugin. -->","_links":{"self":[{"href":"https:\/\/old.varela-design.com\/radiateur-design\/wp-json\/wp\/v2\/product\/13838"}],"collection":[{"href":"https:\/\/old.varela-design.com\/radiateur-design\/wp-json\/wp\/v2\/product"}],"about":[{"href":"https:\/\/old.varela-design.com\/radiateur-design\/wp-json\/wp\/v2\/types\/product"}],"replies":[{"embeddable":true,"href":"https:\/\/old.varela-design.com\/radiateur-design\/wp-json\/wp\/v2\/comments?post=13838"}],"wp:featuredmedia":[{"embeddable":true,"href":"https:\/\/old.varela-design.com\/radiateur-design\/wp-json\/wp\/v2\/media\/14021"}],"wp:attachment":[{"href":"https:\/\/old.varela-design.com\/radiateur-design\/wp-json\/wp\/v2\/media?parent=13838"}],"curies":[{"name":"wp","href":"https:\/\/api.w.org\/{rel}","templated":true}]}}