{"id":14250,"date":"2018-12-18T14:49:56","date_gmt":"2018-12-18T12:49:56","guid":{"rendered":"http:\/\/varela-design.com\/radiateur-design\/?post_type=product&#038;p=14250"},"modified":"2020-03-09T16:11:49","modified_gmt":"2020-03-09T14:11:49","slug":"radiateur-design-vd-4620","status":"publish","type":"product","link":"https:\/\/old.varela-design.com\/radiateur-design\/produit\/radiateur-design-vd-4620\/","title":{"rendered":"Radiateur design VD 4620 &#8211; varela design fabriqu\u00e9 en France &#x1f1eb;&#x1f1f7;"},"content":{"rendered":"<div style=\"display: none;\"\n    class=\"kk-star-ratings kksr-valign-top kksr-align-left kksr-disabled\"\n    data-id=\"14250\"\n    data-slug=\"\">\n    <div class=\"kksr-stars\">\n    <div class=\"kksr-stars-inactive\">\n            <div class=\"kksr-star\" data-star=\"1\">\n            <div class=\"kksr-icon\" style=\"width: px; height: px;\"><\/div>\n        <\/div>\n            <div class=\"kksr-star\" data-star=\"2\">\n            <div class=\"kksr-icon\" style=\"width: px; height: px;\"><\/div>\n        <\/div>\n            <div class=\"kksr-star\" data-star=\"3\">\n            <div class=\"kksr-icon\" style=\"width: px; height: px;\"><\/div>\n        <\/div>\n            <div class=\"kksr-star\" data-star=\"4\">\n            <div class=\"kksr-icon\" style=\"width: px; height: px;\"><\/div>\n        <\/div>\n            <div class=\"kksr-star\" data-star=\"5\">\n            <div class=\"kksr-icon\" style=\"width: px; height: px;\"><\/div>\n        <\/div>\n    <\/div>\n    <div class=\"kksr-stars-active\" style=\"width: 0px;\">\n            <div class=\"kksr-star\">\n            <div class=\"kksr-icon\" style=\"width: px; height: px;\"><\/div>\n        <\/div>\n            <div class=\"kksr-star\">\n            <div class=\"kksr-icon\" style=\"width: px; height: px;\"><\/div>\n        <\/div>\n            <div class=\"kksr-star\">\n            <div class=\"kksr-icon\" style=\"width: px; height: px;\"><\/div>\n        <\/div>\n            <div class=\"kksr-star\">\n            <div class=\"kksr-icon\" style=\"width: px; height: px;\"><\/div>\n        <\/div>\n            <div class=\"kksr-star\">\n            <div class=\"kksr-icon\" style=\"width: px; height: px;\"><\/div>\n        <\/div>\n    <\/div>\n<\/div>\n    <div class=\"kksr-legend\">\n            <span class=\"kksr-muted\"><\/span>\n    <\/div>\n<\/div>\n<table style=\"width: 527px;\" width=\"539\">\n<tbody>\n<tr>\n<td style=\"width: 153px;\" width=\"135\">Longueur<br \/>\n(mm)<\/td>\n<td style=\"width: 105px;\" width=\"91\">Hauteur<br \/>\n(mm)<\/td>\n<td style=\"width: 104px;\" width=\"90\">\u00d8 ailettes<br \/>\n(mm)<\/td>\n<td style=\"width: 165px;\" width=\"145\">Puissance<br \/>\nchauffage central<\/td>\n<\/tr>\n<tr>\n<td style=\"width: 153px;\" width=\"135\">600<\/td>\n<td style=\"width: 105px;\" width=\"91\">100<\/td>\n<td style=\"width: 104px;\" width=\"90\">102<\/td>\n<td style=\"width: 165px;\" width=\"145\">499 watts<\/td>\n<\/tr>\n<tr>\n<td style=\"width: 153px;\" width=\"135\">800<\/td>\n<td style=\"width: 105px;\" width=\"91\">100<\/td>\n<td style=\"width: 104px;\" width=\"90\">102<\/td>\n<td style=\"width: 165px;\" width=\"145\">665 Watts<\/td>\n<\/tr>\n<tr>\n<td style=\"width: 153px;\" width=\"135\">1000<\/td>\n<td style=\"width: 105px;\" width=\"91\">100<\/td>\n<td style=\"width: 104px;\" width=\"90\">102<\/td>\n<td style=\"width: 165px;\" width=\"145\">832 Watts<\/td>\n<\/tr>\n<tr>\n<td style=\"width: 153px;\" width=\"135\">1200<\/td>\n<td style=\"width: 105px;\" width=\"91\">100<\/td>\n<td style=\"width: 104px;\" width=\"90\">102<\/td>\n<td style=\"width: 165px;\" width=\"145\">998 Watts<\/td>\n<\/tr>\n<tr>\n<td style=\"width: 153px;\" width=\"135\">1400<\/td>\n<td style=\"width: 105px;\" width=\"91\">100<\/td>\n<td style=\"width: 104px;\" width=\"90\">102<\/td>\n<td style=\"width: 165px;\" width=\"145\">1165 Watts<\/td>\n<\/tr>\n<tr>\n<td style=\"width: 153px;\" width=\"135\">1600<\/td>\n<td style=\"width: 105px;\" width=\"91\">100<\/td>\n<td style=\"width: 104px;\" width=\"90\">102<\/td>\n<td style=\"width: 165px;\" width=\"145\">1331 Watts<\/td>\n<\/tr>\n<tr>\n<td style=\"width: 153px;\" width=\"135\">1800<\/td>\n<td style=\"width: 105px;\" width=\"91\">100<\/td>\n<td style=\"width: 104px;\" width=\"90\">102<\/td>\n<td style=\"width: 165px;\" width=\"145\">1498 Watts<\/td>\n<\/tr>\n<tr>\n<td style=\"width: 153px;\" width=\"135\">2000<\/td>\n<td style=\"width: 105px;\" width=\"91\">1500<\/td>\n<td style=\"width: 104px;\" width=\"90\">102<\/td>\n<td style=\"width: 165px;\" width=\"145\">1664 Watts<\/td>\n<\/tr>\n<tr>\n<td style=\"width: 153px;\" width=\"135\">2200<\/td>\n<td style=\"width: 105px;\" width=\"91\">100<\/td>\n<td style=\"width: 104px;\" width=\"90\">102<\/td>\n<td style=\"width: 165px;\" width=\"145\">1830 Watts<\/td>\n<\/tr>\n<\/tbody>\n<\/table>\n<p><a class=\"wp-colorbox-iframe cboxElement\" style=\"text-shadow: none!important; padding: 13px 24px!important; border-color: rgba(0, 0, 0, 0.64); background: #dd3333; font-size: 14px!important; box-shadow: none; color: #ffffff; border-radius: 5px;\"  href=\"https:\/\/www.youtube.com\/embed\/SmWmQVsrVZI\" data-rel=\"lightbox-video-0\">Nos coloris<\/a><\/p>\n<div class=\"pdfprnt-buttons pdfprnt-buttons-product pdfprnt-bottom-right\"><a href=\"https:\/\/old.varela-design.com\/radiateur-design\/wp-json\/wp\/v2\/product\/14250?print=pdf\" class=\"pdfprnt-button pdfprnt-button-pdf\" target=\"_blank\"><img src=\"https:\/\/varela-design.com\/radiateur-design\/wp-content\/plugins\/pdf-print\/images\/pdf.png\" alt=\"image_pdf\" title=\"View PDF\" \/><span class=\"pdfprnt-button-title pdfprnt-button-pdf-title\">t\u00e9l\u00e9chargez cette page en pdf<\/span><\/a><a href=\"https:\/\/old.varela-design.com\/radiateur-design\/wp-json\/wp\/v2\/product\/14250?print=print\" class=\"pdfprnt-button pdfprnt-button-print\" target=\"_blank\"><img src=\"https:\/\/varela-design.com\/radiateur-design\/wp-content\/plugins\/pdf-print\/images\/print.png\" alt=\"image_print\" title=\"Print Content\" \/><span class=\"pdfprnt-button-title pdfprnt-button-print-title\">imprimez cette page<\/span><\/a><\/div>","protected":false},"excerpt":{"rendered":"<blockquote><p><strong>Seul radiateur design \u00e0 ailette 100% fabriqu\u00e9 en France<\/strong><\/p><\/blockquote>\n<p>Ce radiateur\u00a0 chauffage centrale type plinthe \u00e0 ailette con\u00e7u en acier est disponible dans toute une gamme de couleur et de longueur. Il saura r\u00e9pondre \u00e0 vos besoin de puissance avec sa faible hauteur et donnera une touche industrielle \u00e0 votre int\u00e9rieur.<br \/>\n! &#8211; Le vernis mat est un traitement de protection et pas un traitement de couleur. Ne pas le laisser dans des espaces humides &#8211; !<\/p>\n<table class=\"shop_attributes\">\n<tbody>\n<tr class=\"alt\">\n<th>LONGUEUR<\/th>\n<td>600mm, 800mm, 1000mm, 1200mm, 1400 mm, 1600mm, 1800mm, 2000mm, 2200mm<\/td>\n<\/tr>\n<\/tbody>\n<\/table>\n<a href=\"#tab-description\" class=\"cs_button cs_button_small cs_button_red\">voir description compl\u00e8te<\/a>\n<div class=\"su-members xoo-el-login-tgr\" style=\"background-color:#ffbfc3;border-color:#c40c10;color:#5e0000\">Les tarifs HT publics sont destin\u00e9s uniquement aux utilisateurs enregistr\u00e9s. Veuillez-vous connecter en cliquant <a href=\"#\">ici<\/a> .<\/div>\n","protected":false},"featured_media":14251,"comment_status":"open","ping_status":"closed","template":"","meta":[],"yoast_head":"<!-- This site is optimized with the Yoast SEO plugin v16.0.2 - https:\/\/yoast.com\/wordpress\/plugins\/seo\/ -->\n<title>Radiateur design VD 4620 - varela design fabriqu\u00e9 en France &#x1f1eb;&#x1f1f7; - varela design<\/title>\n<meta property=\"og:locale\" content=\"fr_FR\" \/>\n<meta property=\"og:type\" content=\"article\" \/>\n<meta property=\"og:title\" content=\"Radiateur design VD 4620 - varela design fabriqu\u00e9 en France &#x1f1eb;&#x1f1f7; - varela design\" \/>\n<meta property=\"og:description\" content=\"Seul radiateur design \u00e0 ailette 100% fabriqu\u00e9 en France Ce radiateur\u00a0 chauffage centrale type plinthe \u00e0 ailette con\u00e7u en acier est disponible dans toute une gamme de couleur et de longueur. Il saura r\u00e9pondre \u00e0 vos besoin de puissance avec sa faible hauteur et donnera une touche industrielle \u00e0 votre int\u00e9rieur. ! - Le vernis mat est un traitement de protection et pas un traitement de couleur. Ne pas le laisser dans des espaces humides - !     LONGUEUR 600mm, 800mm, 1000mm, 1200mm, 1400 mm, 1600mm, 1800mm, 2000mm, 2200mm\" \/>\n<meta property=\"og:url\" content=\"https:\/\/old.varela-design.com\/radiateur-design\/produit\/radiateur-design-vd-4620\/\" \/>\n<meta property=\"og:site_name\" content=\"varela design\" \/>\n<meta property=\"article:publisher\" content=\"https:\/\/www.facebook.com\/VarelaDesignRadiateur\" \/>\n<meta property=\"article:modified_time\" content=\"2020-03-09T14:11:49+00:00\" \/>\n<meta property=\"og:image\" content=\"https:\/\/old.varela-design.com\/radiateur-design\/wp-content\/uploads\/2018\/12\/VAR3634.jpg\" \/>\n\t<meta property=\"og:image:width\" content=\"900\" \/>\n\t<meta property=\"og:image:height\" content=\"601\" \/>\n<meta name=\"twitter:card\" content=\"summary_large_image\" \/>\n<meta name=\"twitter:site\" content=\"@varela_design\" \/>\n<script type=\"application\/ld+json\" class=\"yoast-schema-graph\">{\"@context\":\"https:\/\/schema.org\",\"@graph\":[{\"@type\":\"WebSite\",\"@id\":\"https:\/\/old.varela-design.com\/radiateur-design\/#website\",\"url\":\"https:\/\/old.varela-design.com\/radiateur-design\/\",\"name\":\"varela design\",\"description\":\"Radiateur design et s\\u00e8che serviette design\",\"potentialAction\":[{\"@type\":\"SearchAction\",\"target\":\"https:\/\/old.varela-design.com\/radiateur-design\/?s={search_term_string}\",\"query-input\":\"required name=search_term_string\"}],\"inLanguage\":\"fr-FR\"},{\"@type\":\"ImageObject\",\"@id\":\"https:\/\/old.varela-design.com\/radiateur-design\/produit\/radiateur-design-vd-4620\/#primaryimage\",\"inLanguage\":\"fr-FR\",\"url\":\"https:\/\/old.varela-design.com\/radiateur-design\/wp-content\/uploads\/2018\/12\/VAR3634.jpg\",\"width\":900,\"height\":601},{\"@type\":\"WebPage\",\"@id\":\"https:\/\/old.varela-design.com\/radiateur-design\/produit\/radiateur-design-vd-4620\/#webpage\",\"url\":\"https:\/\/old.varela-design.com\/radiateur-design\/produit\/radiateur-design-vd-4620\/\",\"name\":\"Radiateur design VD 4620 - varela design fabriqu\\u00e9 en France &#x1f1eb;&#x1f1f7; - varela design\",\"isPartOf\":{\"@id\":\"https:\/\/old.varela-design.com\/radiateur-design\/#website\"},\"primaryImageOfPage\":{\"@id\":\"https:\/\/old.varela-design.com\/radiateur-design\/produit\/radiateur-design-vd-4620\/#primaryimage\"},\"datePublished\":\"2018-12-18T12:49:56+00:00\",\"dateModified\":\"2020-03-09T14:11:49+00:00\",\"breadcrumb\":{\"@id\":\"https:\/\/old.varela-design.com\/radiateur-design\/produit\/radiateur-design-vd-4620\/#breadcrumb\"},\"inLanguage\":\"fr-FR\",\"potentialAction\":[{\"@type\":\"ReadAction\",\"target\":[\"https:\/\/old.varela-design.com\/radiateur-design\/produit\/radiateur-design-vd-4620\/\"]}]},{\"@type\":\"BreadcrumbList\",\"@id\":\"https:\/\/old.varela-design.com\/radiateur-design\/produit\/radiateur-design-vd-4620\/#breadcrumb\",\"itemListElement\":[{\"@type\":\"ListItem\",\"position\":1,\"item\":{\"@type\":\"WebPage\",\"@id\":\"https:\/\/old.varela-design.com\/radiateur-design\/\",\"url\":\"https:\/\/old.varela-design.com\/radiateur-design\/\",\"name\":\"Home\"}},{\"@type\":\"ListItem\",\"position\":2,\"item\":{\"@type\":\"WebPage\",\"@id\":\"https:\/\/old.varela-design.com\/radiateur-design\/boutique\/\",\"url\":\"https:\/\/old.varela-design.com\/radiateur-design\/boutique\/\",\"name\":\"Nos produits\"}},{\"@type\":\"ListItem\",\"position\":3,\"item\":{\"@type\":\"WebPage\",\"@id\":\"https:\/\/old.varela-design.com\/radiateur-design\/produit\/radiateur-design-vd-4620\/\",\"url\":\"https:\/\/old.varela-design.com\/radiateur-design\/produit\/radiateur-design-vd-4620\/\",\"name\":\"Radiateur design VD 4620 &#8211; varela design fabriqu\\u00e9 en France &#x1f1eb;&#x1f1f7;\"}}]}]}<\/script>\n<!-- \/ Yoast SEO plugin. -->","_links":{"self":[{"href":"https:\/\/old.varela-design.com\/radiateur-design\/wp-json\/wp\/v2\/product\/14250"}],"collection":[{"href":"https:\/\/old.varela-design.com\/radiateur-design\/wp-json\/wp\/v2\/product"}],"about":[{"href":"https:\/\/old.varela-design.com\/radiateur-design\/wp-json\/wp\/v2\/types\/product"}],"replies":[{"embeddable":true,"href":"https:\/\/old.varela-design.com\/radiateur-design\/wp-json\/wp\/v2\/comments?post=14250"}],"wp:featuredmedia":[{"embeddable":true,"href":"https:\/\/old.varela-design.com\/radiateur-design\/wp-json\/wp\/v2\/media\/14251"}],"wp:attachment":[{"href":"https:\/\/old.varela-design.com\/radiateur-design\/wp-json\/wp\/v2\/media?parent=14250"}],"curies":[{"name":"wp","href":"https:\/\/api.w.org\/{rel}","templated":true}]}}