{"id":14255,"date":"2018-12-18T15:02:13","date_gmt":"2018-12-18T13:02:13","guid":{"rendered":"http:\/\/varela-design.com\/radiateur-design\/?post_type=product&#038;p=14255"},"modified":"2021-12-13T18:54:21","modified_gmt":"2021-12-13T16:54:21","slug":"radiateur-design-vd-4621","status":"publish","type":"product","link":"https:\/\/old.varela-design.com\/radiateur-design\/produit\/radiateur-design-vd-4621\/","title":{"rendered":"Radiateur design VD 4621- varela design fabriqu\u00e9 en France &#x1f1eb;&#x1f1f7;"},"content":{"rendered":"<div style=\"display: none;\"\n    class=\"kk-star-ratings kksr-valign-top kksr-align-left kksr-disabled\"\n    data-id=\"14255\"\n    data-slug=\"\">\n    <div class=\"kksr-stars\">\n    <div class=\"kksr-stars-inactive\">\n            <div class=\"kksr-star\" data-star=\"1\">\n            <div class=\"kksr-icon\" style=\"width: px; height: px;\"><\/div>\n        <\/div>\n            <div class=\"kksr-star\" data-star=\"2\">\n            <div class=\"kksr-icon\" style=\"width: px; height: px;\"><\/div>\n        <\/div>\n            <div class=\"kksr-star\" data-star=\"3\">\n            <div class=\"kksr-icon\" style=\"width: px; height: px;\"><\/div>\n        <\/div>\n            <div class=\"kksr-star\" data-star=\"4\">\n            <div class=\"kksr-icon\" style=\"width: px; height: px;\"><\/div>\n        <\/div>\n            <div class=\"kksr-star\" data-star=\"5\">\n            <div class=\"kksr-icon\" style=\"width: px; height: px;\"><\/div>\n        <\/div>\n    <\/div>\n    <div class=\"kksr-stars-active\" style=\"width: 0px;\">\n            <div class=\"kksr-star\">\n            <div class=\"kksr-icon\" style=\"width: px; height: px;\"><\/div>\n        <\/div>\n            <div class=\"kksr-star\">\n            <div class=\"kksr-icon\" style=\"width: px; height: px;\"><\/div>\n        <\/div>\n            <div class=\"kksr-star\">\n            <div class=\"kksr-icon\" style=\"width: px; height: px;\"><\/div>\n        <\/div>\n            <div class=\"kksr-star\">\n            <div class=\"kksr-icon\" style=\"width: px; height: px;\"><\/div>\n        <\/div>\n            <div class=\"kksr-star\">\n            <div class=\"kksr-icon\" style=\"width: px; height: px;\"><\/div>\n        <\/div>\n    <\/div>\n<\/div>\n    <div class=\"kksr-legend\">\n            <strong class=\"kksr-score\">5<\/strong>\n        <span class=\"kksr-muted\">\/<\/span>\n        <strong>5<\/strong>\n        <span class=\"kksr-muted\">(<\/span>\n        <strong class=\"kksr-count\">2<\/strong>\n        <span class=\"kksr-muted\">\n            votes        <\/span>\n        <span class=\"kksr-muted\">)<\/span>\n    <\/div>\n<\/div>\n<table style=\"width: 402px;\" width=\"414\">\n<tbody>\n<tr>\n<td style=\"width: 86px;\" width=\"75\">Longueur<br \/>\n(mm)<\/td>\n<td style=\"width: 84px;\" width=\"73\">Hauteur<br \/>\n(mm)<\/td>\n<td style=\"width: 87px;\" width=\"76\">\u00d8 ailettes<br \/>\n(mm)<\/td>\n<td style=\"width: 145px;\" width=\"127\">Puissance<br \/>\nchauffage central<\/td>\n<\/tr>\n<tr>\n<td style=\"width: 86px;\" width=\"75\">600<\/td>\n<td style=\"width: 84px;\" width=\"73\">150<\/td>\n<td style=\"width: 87px;\" width=\"76\">102<\/td>\n<td style=\"width: 145px;\" width=\"127\">434 Watts<\/td>\n<\/tr>\n<tr>\n<td style=\"width: 86px;\" width=\"75\">800<\/td>\n<td style=\"width: 84px;\" width=\"73\">150<\/td>\n<td style=\"width: 87px;\" width=\"76\">102<\/td>\n<td style=\"width: 145px;\" width=\"127\">578 Watts<\/td>\n<\/tr>\n<tr>\n<td style=\"width: 86px;\" width=\"75\">1000<\/td>\n<td style=\"width: 84px;\" width=\"73\">150<\/td>\n<td style=\"width: 87px;\" width=\"76\">102<\/td>\n<td style=\"width: 145px;\" width=\"127\">723 Watts<\/td>\n<\/tr>\n<tr>\n<td style=\"width: 86px;\" width=\"75\">1200<\/td>\n<td style=\"width: 84px;\" width=\"73\">150<\/td>\n<td style=\"width: 87px;\" width=\"76\">102<\/td>\n<td style=\"width: 145px;\" width=\"127\">868 Watts<\/td>\n<\/tr>\n<tr>\n<td style=\"width: 86px;\" width=\"75\">1400<\/td>\n<td style=\"width: 84px;\" width=\"73\">150<\/td>\n<td style=\"width: 87px;\" width=\"76\">102<\/td>\n<td style=\"width: 145px;\" width=\"127\">1012 Watts<\/td>\n<\/tr>\n<tr>\n<td style=\"width: 86px;\" width=\"75\">1600<\/td>\n<td style=\"width: 84px;\" width=\"73\">150<\/td>\n<td style=\"width: 87px;\" width=\"76\">102<\/td>\n<td style=\"width: 145px;\" width=\"127\">1157 Watts<\/td>\n<\/tr>\n<tr>\n<td style=\"width: 86px;\" width=\"75\">1800<\/td>\n<td style=\"width: 84px;\" width=\"73\">150<\/td>\n<td style=\"width: 87px;\" width=\"76\">102<\/td>\n<td style=\"width: 145px;\" width=\"127\">1301 Watts<\/td>\n<\/tr>\n<tr>\n<td style=\"width: 86px;\" width=\"75\">2000<\/td>\n<td style=\"width: 84px;\" width=\"73\">150<\/td>\n<td style=\"width: 87px;\" width=\"76\">102<\/td>\n<td style=\"width: 145px;\" width=\"127\">1446 Watts<\/td>\n<\/tr>\n<tr>\n<td style=\"width: 86px;\" width=\"75\">2200<\/td>\n<td style=\"width: 84px;\" width=\"73\">150<\/td>\n<td style=\"width: 87px;\" width=\"76\">102<\/td>\n<td style=\"width: 145px;\" width=\"127\">1591 Watts<\/td>\n<\/tr>\n<\/tbody>\n<\/table>\n<p><a class=\"wp-colorbox-iframe cboxElement\" style=\"text-shadow: none!important; padding: 13px 24px!important; border-color: rgba(0, 0, 0, 0.64); background: #dd3333; font-size: 14px!important; box-shadow: none; color: #ffffff; border-radius: 5px;\"  href=\"https:\/\/www.youtube.com\/embed\/SmWmQVsrVZI\" data-rel=\"lightbox-video-0\">Nos coloris<\/a><\/p>\n<div class=\"pdfprnt-buttons pdfprnt-buttons-product pdfprnt-bottom-right\"><a href=\"https:\/\/old.varela-design.com\/radiateur-design\/wp-json\/wp\/v2\/product\/14255?print=pdf\" class=\"pdfprnt-button pdfprnt-button-pdf\" target=\"_blank\"><img src=\"https:\/\/varela-design.com\/radiateur-design\/wp-content\/plugins\/pdf-print\/images\/pdf.png\" alt=\"image_pdf\" title=\"View PDF\" \/><span class=\"pdfprnt-button-title pdfprnt-button-pdf-title\">t\u00e9l\u00e9chargez cette page en pdf<\/span><\/a><a href=\"https:\/\/old.varela-design.com\/radiateur-design\/wp-json\/wp\/v2\/product\/14255?print=print\" class=\"pdfprnt-button pdfprnt-button-print\" target=\"_blank\"><img src=\"https:\/\/varela-design.com\/radiateur-design\/wp-content\/plugins\/pdf-print\/images\/print.png\" alt=\"image_print\" title=\"Print Content\" \/><span class=\"pdfprnt-button-title pdfprnt-button-print-title\">imprimez cette page<\/span><\/a><\/div>","protected":false},"excerpt":{"rendered":"<blockquote><p><strong>Seul radiateur design \u00e0 ailette 100% fabriqu\u00e9 en France<\/strong><\/p><\/blockquote>\n<p>Ce radiateur chauffage centrale type plinthe \u00e0 ailette con\u00e7u en acier est disponible dans toute une gamme de couleur et de longueur. Il saura r\u00e9pondre \u00e0 vos besoin de puissance avec sa faible hauteur et donnera une touche industrielle \u00e0 votre int\u00e9rieur.<br \/>\n! &#8211; Le vernis mat est un traitement de protection et pas un traitement de couleur. Ne pas le laisser dans des espaces humides &#8211; !<\/p>\n<a href=\"#tab-description\" class=\"cs_button cs_button_small cs_button_red\">voir description compl\u00e8te<\/a>\n<div class=\"su-members xoo-el-login-tgr\" style=\"background-color:#ffbfc3;border-color:#c40c10;color:#5e0000\">Les tarifs HT publics sont destin\u00e9s uniquement aux utilisateurs enregistr\u00e9s. Veuillez-vous connecter en cliquant <a href=\"#\">ici<\/a> .<\/div>\n","protected":false},"featured_media":14256,"comment_status":"open","ping_status":"closed","template":"","meta":[],"yoast_head":"<!-- This site is optimized with the Yoast SEO plugin v16.0.2 - https:\/\/yoast.com\/wordpress\/plugins\/seo\/ -->\n<title>Radiateur design VD 4621- varela design fabriqu\u00e9 en France &#x1f1eb;&#x1f1f7; - varela design<\/title>\n<meta property=\"og:locale\" content=\"fr_FR\" \/>\n<meta property=\"og:type\" content=\"article\" \/>\n<meta property=\"og:title\" content=\"Radiateur design VD 4621- varela design fabriqu\u00e9 en France &#x1f1eb;&#x1f1f7; - varela design\" \/>\n<meta property=\"og:description\" content=\"Seul radiateur design \u00e0 ailette 100% fabriqu\u00e9 en France Ce radiateur chauffage centrale type plinthe \u00e0 ailette con\u00e7u en acier est disponible dans toute une gamme de couleur et de longueur. Il saura r\u00e9pondre \u00e0 vos besoin de puissance avec sa faible hauteur et donnera une touche industrielle \u00e0 votre int\u00e9rieur. ! - Le vernis mat est un traitement de protection et pas un traitement de couleur. Ne pas le laisser dans des espaces humides - !\" \/>\n<meta property=\"og:url\" content=\"https:\/\/old.varela-design.com\/radiateur-design\/produit\/radiateur-design-vd-4621\/\" \/>\n<meta property=\"og:site_name\" content=\"varela design\" \/>\n<meta property=\"article:publisher\" content=\"https:\/\/www.facebook.com\/VarelaDesignRadiateur\" \/>\n<meta property=\"article:modified_time\" content=\"2021-12-13T16:54:21+00:00\" \/>\n<meta property=\"og:image\" content=\"https:\/\/old.varela-design.com\/radiateur-design\/wp-content\/uploads\/2018\/12\/radiateur-design-pas-cher-sauldre.jpg\" \/>\n\t<meta property=\"og:image:width\" content=\"732\" \/>\n\t<meta property=\"og:image:height\" content=\"465\" \/>\n<meta name=\"twitter:card\" content=\"summary_large_image\" \/>\n<meta name=\"twitter:site\" content=\"@varela_design\" \/>\n<script type=\"application\/ld+json\" class=\"yoast-schema-graph\">{\"@context\":\"https:\/\/schema.org\",\"@graph\":[{\"@type\":\"WebSite\",\"@id\":\"https:\/\/old.varela-design.com\/radiateur-design\/#website\",\"url\":\"https:\/\/old.varela-design.com\/radiateur-design\/\",\"name\":\"varela design\",\"description\":\"Radiateur design et s\\u00e8che serviette design\",\"potentialAction\":[{\"@type\":\"SearchAction\",\"target\":\"https:\/\/old.varela-design.com\/radiateur-design\/?s={search_term_string}\",\"query-input\":\"required name=search_term_string\"}],\"inLanguage\":\"fr-FR\"},{\"@type\":\"ImageObject\",\"@id\":\"https:\/\/old.varela-design.com\/radiateur-design\/produit\/radiateur-design-vd-4621\/#primaryimage\",\"inLanguage\":\"fr-FR\",\"url\":\"https:\/\/old.varela-design.com\/radiateur-design\/wp-content\/uploads\/2018\/12\/radiateur-design-pas-cher-sauldre.jpg\",\"width\":732,\"height\":465},{\"@type\":\"WebPage\",\"@id\":\"https:\/\/old.varela-design.com\/radiateur-design\/produit\/radiateur-design-vd-4621\/#webpage\",\"url\":\"https:\/\/old.varela-design.com\/radiateur-design\/produit\/radiateur-design-vd-4621\/\",\"name\":\"Radiateur design VD 4621- varela design fabriqu\\u00e9 en France &#x1f1eb;&#x1f1f7; - varela design\",\"isPartOf\":{\"@id\":\"https:\/\/old.varela-design.com\/radiateur-design\/#website\"},\"primaryImageOfPage\":{\"@id\":\"https:\/\/old.varela-design.com\/radiateur-design\/produit\/radiateur-design-vd-4621\/#primaryimage\"},\"datePublished\":\"2018-12-18T13:02:13+00:00\",\"dateModified\":\"2021-12-13T16:54:21+00:00\",\"breadcrumb\":{\"@id\":\"https:\/\/old.varela-design.com\/radiateur-design\/produit\/radiateur-design-vd-4621\/#breadcrumb\"},\"inLanguage\":\"fr-FR\",\"potentialAction\":[{\"@type\":\"ReadAction\",\"target\":[\"https:\/\/old.varela-design.com\/radiateur-design\/produit\/radiateur-design-vd-4621\/\"]}]},{\"@type\":\"BreadcrumbList\",\"@id\":\"https:\/\/old.varela-design.com\/radiateur-design\/produit\/radiateur-design-vd-4621\/#breadcrumb\",\"itemListElement\":[{\"@type\":\"ListItem\",\"position\":1,\"item\":{\"@type\":\"WebPage\",\"@id\":\"https:\/\/old.varela-design.com\/radiateur-design\/\",\"url\":\"https:\/\/old.varela-design.com\/radiateur-design\/\",\"name\":\"Home\"}},{\"@type\":\"ListItem\",\"position\":2,\"item\":{\"@type\":\"WebPage\",\"@id\":\"https:\/\/old.varela-design.com\/radiateur-design\/boutique\/\",\"url\":\"https:\/\/old.varela-design.com\/radiateur-design\/boutique\/\",\"name\":\"Nos produits\"}},{\"@type\":\"ListItem\",\"position\":3,\"item\":{\"@type\":\"WebPage\",\"@id\":\"https:\/\/old.varela-design.com\/radiateur-design\/produit\/radiateur-design-vd-4621\/\",\"url\":\"https:\/\/old.varela-design.com\/radiateur-design\/produit\/radiateur-design-vd-4621\/\",\"name\":\"Radiateur design VD 4621- varela design fabriqu\\u00e9 en France &#x1f1eb;&#x1f1f7;\"}}]}]}<\/script>\n<!-- \/ Yoast SEO plugin. -->","_links":{"self":[{"href":"https:\/\/old.varela-design.com\/radiateur-design\/wp-json\/wp\/v2\/product\/14255"}],"collection":[{"href":"https:\/\/old.varela-design.com\/radiateur-design\/wp-json\/wp\/v2\/product"}],"about":[{"href":"https:\/\/old.varela-design.com\/radiateur-design\/wp-json\/wp\/v2\/types\/product"}],"replies":[{"embeddable":true,"href":"https:\/\/old.varela-design.com\/radiateur-design\/wp-json\/wp\/v2\/comments?post=14255"}],"wp:featuredmedia":[{"embeddable":true,"href":"https:\/\/old.varela-design.com\/radiateur-design\/wp-json\/wp\/v2\/media\/14256"}],"wp:attachment":[{"href":"https:\/\/old.varela-design.com\/radiateur-design\/wp-json\/wp\/v2\/media?parent=14255"}],"curies":[{"name":"wp","href":"https:\/\/api.w.org\/{rel}","templated":true}]}}